{"id":81327,"date":"2026-01-07T23:54:52","date_gmt":"2026-01-07T23:54:52","guid":{"rendered":"https:\/\/www.lmv.gr.ch\/produkt\/empty-product-container\/"},"modified":"2026-01-08T02:55:52","modified_gmt":"2026-01-08T00:55:52","slug":"deviaggio-alla-scoperta-della-svizzera","status":"publish","type":"product","link":"https:\/\/www.lmv.gr.ch\/it\/produkt\/deviaggio-alla-scoperta-della-svizzera\/","title":{"rendered":"Viaggio alla scoperta della Svizzera"},"content":{"rendered":"<p><\/p>\n<p>Con questo quaderno tematico esplori la Svizzera e, tappa dopo tappa, impari nuove cose. Il viaggio ti conduce in ogni cantone della Svizzera attraverso le quattro regioni linguistiche, valicando passi alpini, costeggiando laghi e fiumi e visitando citt\u00e0 e paesi. Impari molte cose non solo sul presente, intraprendi anche un viaggio nel temo, che ti riporta indietro fino all&#8217;et\u00e0 della Pietra.<\/p>\n<p>Tu o la tua classe siete liberi di decidere come lavorare con questo quaderno. Puoi procedere affrontando una tappa dopo l&#8217;atra con i relativi compiti oppure scegliere il percorso che preferisci. Inizia per\u00f2 sempre dalla tappa 1, nella quale puoi annotare tutto ci\u00f2 che gi\u00e0 sai.<\/p>\n<p>Per comprendere i contenuti delle tappe da 14 a 26 sulla geografia della Svizzera, \u00e8 meglio svolgere prima le tappe da 2 a 13. Infatti, solo se sai dove si trova ogni cantone, puoi capire come si \u00e8 formata la Svizzera fino a essere quella di oggi.<\/p>\n<p>***<\/p>\n<p>Per il lavoro con il quaderno tematico \u00e8 necessaria una carta geografica scolastica della Svizzera o l&#8217;accesso a una carta geografica online.<\/p>\n<p><b>Materiale aggiuntivo (solo per insegnanti)<\/b><\/p>\n<p>Per ricevere il materiale aggiuntivo gratuito in italiano o in romancio si prega di inviare un&#8217;e-mail a: <b>lmv@avs.gr.ch<\/b><\/p>\n<p><\/p>\n<div class=\"synved-social-container synved-social-container-follow\" style=\"text-align: right\"><a class=\"synved-social-button synved-social-button-follow synved-social-size-24 synved-social-resolution-normal synved-social-provider-facebook nolightbox\" data-provider=\"facebook\" target=\"_blank\" rel=\"nofollow\" title=\"Follow us on Facebook\" href=\"https:\/\/www.facebook.com\/facebook\" style=\"font-size: 0px;width:24px;height:24px;margin:0;margin-bottom:5px;margin-right:5px\"><img loading=\"lazy\" decoding=\"async\" alt=\"Facebook\" title=\"Follow us on Facebook\" class=\"synved-share-image synved-social-image synved-social-image-follow\" width=\"24\" height=\"24\" style=\"display: inline;width:24px;height:24px;margin: 0;padding: 0;border: none;box-shadow: none\" src=\"https:\/\/www.lmv.gr.ch\/wp-content\/plugins\/social-media-feather\/synved-social\/image\/social\/regular\/24x24\/facebook.png\" \/><\/a><a class=\"synved-social-button synved-social-button-follow synved-social-size-24 synved-social-resolution-normal synved-social-provider-twitter nolightbox\" data-provider=\"twitter\" target=\"_blank\" rel=\"nofollow\" title=\"Follow us on Twitter\" href=\"https:\/\/twitter.com\/twitter\" style=\"font-size: 0px;width:24px;height:24px;margin:0;margin-bottom:5px;margin-right:5px\"><img loading=\"lazy\" decoding=\"async\" alt=\"twitter\" title=\"Follow us on Twitter\" class=\"synved-share-image synved-social-image synved-social-image-follow\" width=\"24\" height=\"24\" style=\"display: inline;width:24px;height:24px;margin: 0;padding: 0;border: none;box-shadow: none\" src=\"https:\/\/www.lmv.gr.ch\/wp-content\/plugins\/social-media-feather\/synved-social\/image\/social\/regular\/24x24\/twitter.png\" \/><\/a><a class=\"synved-social-button synved-social-button-follow synved-social-size-24 synved-social-resolution-normal synved-social-provider-linkedin nolightbox\" data-provider=\"linkedin\" target=\"_blank\" rel=\"nofollow\" title=\"Find us on Linkedin\" href=\"https:\/\/www.linkedin.com\/in\/yourid\" style=\"font-size: 0px;width:24px;height:24px;margin:0;margin-bottom:5px;margin-right:5px\"><img loading=\"lazy\" decoding=\"async\" alt=\"linkedin\" title=\"Find us on Linkedin\" class=\"synved-share-image synved-social-image synved-social-image-follow\" width=\"24\" height=\"24\" style=\"display: inline;width:24px;height:24px;margin: 0;padding: 0;border: none;box-shadow: none\" src=\"https:\/\/www.lmv.gr.ch\/wp-content\/plugins\/social-media-feather\/synved-social\/image\/social\/regular\/24x24\/linkedin.png\" \/><\/a><a class=\"synved-social-button synved-social-button-follow synved-social-size-24 synved-social-resolution-normal synved-social-provider-rss nolightbox\" data-provider=\"rss\" target=\"_blank\" rel=\"nofollow\" title=\"Subscribe to our RSS Feed\" href=\"https:\/\/feeds.feedburner.com\/MyFeedName\" style=\"font-size: 0px;width:24px;height:24px;margin:0;margin-bottom:5px;margin-right:5px\"><img loading=\"lazy\" decoding=\"async\" alt=\"rss\" title=\"Subscribe to our RSS Feed\" class=\"synved-share-image synved-social-image synved-social-image-follow\" width=\"24\" height=\"24\" style=\"display: inline;width:24px;height:24px;margin: 0;padding: 0;border: none;box-shadow: none\" src=\"https:\/\/www.lmv.gr.ch\/wp-content\/plugins\/social-media-feather\/synved-social\/image\/social\/regular\/24x24\/rss.png\" \/><\/a><a class=\"synved-social-button synved-social-button-follow synved-social-size-24 synved-social-resolution-normal synved-social-provider-youtube nolightbox\" data-provider=\"youtube\" target=\"_blank\" rel=\"nofollow\" title=\"Find us on YouTube\" href=\"https:\/\/www.youtube.com\/MyYouTubeName\" style=\"font-size: 0px;width:24px;height:24px;margin:0;margin-bottom:5px\"><img loading=\"lazy\" decoding=\"async\" alt=\"youtube\" title=\"Find us on YouTube\" class=\"synved-share-image synved-social-image synved-social-image-follow\" width=\"24\" height=\"24\" style=\"display: inline;width:24px;height:24px;margin: 0;padding: 0;border: none;box-shadow: none\" src=\"https:\/\/www.lmv.gr.ch\/wp-content\/plugins\/social-media-feather\/synved-social\/image\/social\/regular\/24x24\/youtube.png\" \/><\/a><a class=\"synved-social-button synved-social-button-follow synved-social-size-24 synved-social-resolution-hidef synved-social-provider-facebook nolightbox\" data-provider=\"facebook\" target=\"_blank\" rel=\"nofollow\" title=\"Follow us on Facebook\" href=\"https:\/\/www.facebook.com\/facebook\" style=\"font-size: 0px;width:24px;height:24px;margin:0;margin-bottom:5px;margin-right:5px\"><img loading=\"lazy\" decoding=\"async\" alt=\"Facebook\" title=\"Follow us on Facebook\" class=\"synved-share-image synved-social-image synved-social-image-follow\" width=\"24\" height=\"24\" style=\"display: inline;width:24px;height:24px;margin: 0;padding: 0;border: none;box-shadow: none\" src=\"https:\/\/www.lmv.gr.ch\/wp-content\/plugins\/social-media-feather\/synved-social\/image\/social\/regular\/48x48\/facebook.png\" \/><\/a><a class=\"synved-social-button synved-social-button-follow synved-social-size-24 synved-social-resolution-hidef synved-social-provider-twitter nolightbox\" data-provider=\"twitter\" target=\"_blank\" rel=\"nofollow\" title=\"Follow us on Twitter\" href=\"https:\/\/twitter.com\/twitter\" style=\"font-size: 0px;width:24px;height:24px;margin:0;margin-bottom:5px;margin-right:5px\"><img loading=\"lazy\" decoding=\"async\" alt=\"twitter\" title=\"Follow us on Twitter\" class=\"synved-share-image synved-social-image synved-social-image-follow\" width=\"24\" height=\"24\" style=\"display: inline;width:24px;height:24px;margin: 0;padding: 0;border: none;box-shadow: none\" src=\"https:\/\/www.lmv.gr.ch\/wp-content\/plugins\/social-media-feather\/synved-social\/image\/social\/regular\/48x48\/twitter.png\" \/><\/a><a class=\"synved-social-button synved-social-button-follow synved-social-size-24 synved-social-resolution-hidef synved-social-provider-linkedin nolightbox\" data-provider=\"linkedin\" target=\"_blank\" rel=\"nofollow\" title=\"Find us on Linkedin\" href=\"https:\/\/www.linkedin.com\/in\/yourid\" style=\"font-size: 0px;width:24px;height:24px;margin:0;margin-bottom:5px;margin-right:5px\"><img loading=\"lazy\" decoding=\"async\" alt=\"linkedin\" title=\"Find us on Linkedin\" class=\"synved-share-image synved-social-image synved-social-image-follow\" width=\"24\" height=\"24\" style=\"display: inline;width:24px;height:24px;margin: 0;padding: 0;border: none;box-shadow: none\" src=\"https:\/\/www.lmv.gr.ch\/wp-content\/plugins\/social-media-feather\/synved-social\/image\/social\/regular\/48x48\/linkedin.png\" \/><\/a><a class=\"synved-social-button synved-social-button-follow synved-social-size-24 synved-social-resolution-hidef synved-social-provider-rss nolightbox\" data-provider=\"rss\" target=\"_blank\" rel=\"nofollow\" title=\"Subscribe to our RSS Feed\" href=\"https:\/\/feeds.feedburner.com\/MyFeedName\" style=\"font-size: 0px;width:24px;height:24px;margin:0;margin-bottom:5px;margin-right:5px\"><img loading=\"lazy\" decoding=\"async\" alt=\"rss\" title=\"Subscribe to our RSS Feed\" class=\"synved-share-image synved-social-image synved-social-image-follow\" width=\"24\" height=\"24\" style=\"display: inline;width:24px;height:24px;margin: 0;padding: 0;border: none;box-shadow: none\" src=\"https:\/\/www.lmv.gr.ch\/wp-content\/plugins\/social-media-feather\/synved-social\/image\/social\/regular\/48x48\/rss.png\" \/><\/a><a class=\"synved-social-button synved-social-button-follow synved-social-size-24 synved-social-resolution-hidef synved-social-provider-youtube nolightbox\" data-provider=\"youtube\" target=\"_blank\" rel=\"nofollow\" title=\"Find us on YouTube\" href=\"https:\/\/www.youtube.com\/MyYouTubeName\" style=\"font-size: 0px;width:24px;height:24px;margin:0;margin-bottom:5px\"><img loading=\"lazy\" decoding=\"async\" alt=\"youtube\" title=\"Find us on YouTube\" class=\"synved-share-image synved-social-image synved-social-image-follow\" width=\"24\" height=\"24\" style=\"display: inline;width:24px;height:24px;margin: 0;padding: 0;border: none;box-shadow: none\" src=\"https:\/\/www.lmv.gr.ch\/wp-content\/plugins\/social-media-feather\/synved-social\/image\/social\/regular\/48x48\/youtube.png\" \/><\/a><\/div>","protected":false},"excerpt":{"rendered":"<p>Con questo quaderno tematico esplori la Svizzera e, tappa dopo tappa, impari nuove cose. Il viaggio ti conduce in ogni cantone della Svizzera attraverso le quattro regioni linguistiche, valicando passi alpini, costeggiando laghi e fiumi e visitando citt\u00e0 e paesi. Impari molte cose non solo sul presente, intraprendi anche un viaggio nel temo, che ti riporta indietro fino all&#8217;et\u00e0 della Pietra.<\/p>\n<p>Tu o la tua classe siete liberi di decidere come lavorare con questo quaderno. Puoi procedere affrontando una tappa dopo l&#8217;atra con i relativi compiti oppure scegliere il percorso che preferisci. Inizia per\u00f2 sempre dalla tappa 1, nella quale puoi annotare tutto ci\u00f2 che gi\u00e0 sai.<\/p>\n<p>Per comprendere i contenuti delle tappe da 14 a 26 sulla geografia della Svizzera, \u00e8 meglio svolgere prima le tappe da 2 a 13. Infatti, solo se sai dove si trova ogni cantone, puoi capire come si \u00e8 formata la Svizzera fino a essere quella di oggi.<\/p>\n<p>***<\/p>\n<p>Per il lavoro con il quaderno tematico \u00e8 necessaria una carta geografica scolastica della Svizzera o l&#8217;accesso a una carta geografica online.<\/p>\n<p><b>Materiale aggiuntivo (solo per insegnanti)<\/b><\/p>\n<p>Per ricevere il materiale aggiuntivo gratuito in italiano o in romancio si prega di inviare un&#8217;e-mail a: <b>lmv@avs.gr.ch<\/b><\/p>\n","protected":false},"featured_media":81373,"comment_status":"closed","ping_status":"closed","template":"","meta":[],"product_cat":[4533],"product_tag":[4518,4519,4521,4506,4520],"class_list":["post-81327","product","type-product","status-publish","has-post-thumbnail","hentry","product_cat-italienisch-nmg-rzg","product_tag-geografie","product_tag-geschichte","product_tag-italiano","product_tag-primarstufe","product_tag-schweiz","edition-eigenverlag"],"acf":[],"yoast_head":"<!-- This site is optimized with the Yoast SEO plugin v24.6 - https:\/\/yoast.com\/wordpress\/plugins\/seo\/ -->\n<title>Viaggio alla scoperta della Svizzera - Lehrmittel Graub\u00fcnden<\/title>\n<meta name=\"robots\" content=\"index, follow, max-snippet:-1, max-image-preview:large, max-video-preview:-1\" \/>\n<link rel=\"canonical\" href=\"https:\/\/www.lmv.gr.ch\/it\/produkt\/deviaggio-alla-scoperta-della-svizzera\/\" \/>\n<meta property=\"og:locale\" content=\"it_IT\" \/>\n<meta property=\"og:type\" content=\"article\" \/>\n<meta property=\"og:title\" content=\"Viaggio alla scoperta della Svizzera - Lehrmittel Graub\u00fcnden\" \/>\n<meta property=\"og:description\" content=\"Con questo quaderno tematico esplori la Svizzera e, tappa dopo tappa, impari nuove cose. Il viaggio ti conduce in ogni cantone della Svizzera attraverso le quattro regioni linguistiche, valicando passi alpini, costeggiando laghi e fiumi e visitando citt\u00e0 e paesi. Impari molte cose non solo sul presente, intraprendi anche un viaggio nel temo, che ti riporta indietro fino all&#039;et\u00e0 della Pietra.Tu o la tua classe siete liberi di decidere come lavorare con questo quaderno. Puoi procedere affrontando una tappa dopo l&#039;atra con i relativi compiti oppure scegliere il percorso che preferisci. Inizia per\u00f2 sempre dalla tappa 1, nella quale puoi annotare tutto ci\u00f2 che gi\u00e0 sai.Per comprendere i contenuti delle tappe da 14 a 26 sulla geografia della Svizzera, \u00e8 meglio svolgere prima le tappe da 2 a 13. Infatti, solo se sai dove si trova ogni cantone, puoi capire come si \u00e8 formata la Svizzera fino a essere quella di oggi.***Per il lavoro con il quaderno tematico \u00e8 necessaria una carta geografica scolastica della Svizzera o l&#039;accesso a una carta geografica online.Materiale aggiuntivo (solo per insegnanti)Per ricevere il materiale aggiuntivo gratuito in italiano o in romancio si prega di inviare un&#039;e-mail a: lmv@avs.gr.ch\" \/>\n<meta property=\"og:url\" content=\"https:\/\/www.lmv.gr.ch\/produkt\/deviaggio-alla-scoperta-della-svizzera\/\" \/>\n<meta property=\"og:site_name\" content=\"Lehrmittel Graub\u00fcnden\" \/>\n<meta property=\"article:modified_time\" content=\"2026-01-08T00:55:52+00:00\" \/>\n<meta property=\"og:image\" content=\"https:\/\/www.lmv.gr.ch\/wp-content\/uploads\/asolmerce\/image-978-3-03847-136-3-724x1024.png\" \/>\n\t<meta property=\"og:image:width\" content=\"724\" \/>\n\t<meta property=\"og:image:height\" content=\"1024\" \/>\n\t<meta property=\"og:image:type\" content=\"image\/png\" \/>\n<meta name=\"twitter:label1\" content=\"Tempo di lettura stimato\" \/>\n\t<meta name=\"twitter:data1\" content=\"1 minuto\" \/>\n<script type=\"application\/ld+json\" class=\"yoast-schema-graph\">{\"@context\":\"https:\/\/schema.org\",\"@graph\":[{\"@type\":\"WebPage\",\"@id\":\"https:\/\/www.lmv.gr.ch\/produkt\/deviaggio-alla-scoperta-della-svizzera\/\",\"url\":\"https:\/\/www.lmv.gr.ch\/produkt\/deviaggio-alla-scoperta-della-svizzera\/\",\"name\":\"Viaggio alla scoperta della Svizzera - Lehrmittel Graub\u00fcnden\",\"isPartOf\":{\"@id\":\"https:\/\/www.lmv.gr.ch\/#website\"},\"primaryImageOfPage\":{\"@id\":\"https:\/\/www.lmv.gr.ch\/produkt\/deviaggio-alla-scoperta-della-svizzera\/#primaryimage\"},\"image\":{\"@id\":\"https:\/\/www.lmv.gr.ch\/produkt\/deviaggio-alla-scoperta-della-svizzera\/#primaryimage\"},\"thumbnailUrl\":\"https:\/\/www.lmv.gr.ch\/wp-content\/uploads\/asolmerce\/image-978-3-03847-136-3.png\",\"datePublished\":\"2026-01-07T23:54:52+00:00\",\"dateModified\":\"2026-01-08T00:55:52+00:00\",\"breadcrumb\":{\"@id\":\"https:\/\/www.lmv.gr.ch\/produkt\/deviaggio-alla-scoperta-della-svizzera\/#breadcrumb\"},\"inLanguage\":\"it-IT\",\"potentialAction\":[{\"@type\":\"ReadAction\",\"target\":[\"https:\/\/www.lmv.gr.ch\/produkt\/deviaggio-alla-scoperta-della-svizzera\/\"]}]},{\"@type\":\"ImageObject\",\"inLanguage\":\"it-IT\",\"@id\":\"https:\/\/www.lmv.gr.ch\/produkt\/deviaggio-alla-scoperta-della-svizzera\/#primaryimage\",\"url\":\"https:\/\/www.lmv.gr.ch\/wp-content\/uploads\/asolmerce\/image-978-3-03847-136-3.png\",\"contentUrl\":\"https:\/\/www.lmv.gr.ch\/wp-content\/uploads\/asolmerce\/image-978-3-03847-136-3.png\",\"width\":2480,\"height\":3508},{\"@type\":\"BreadcrumbList\",\"@id\":\"https:\/\/www.lmv.gr.ch\/produkt\/deviaggio-alla-scoperta-della-svizzera\/#breadcrumb\",\"itemListElement\":[{\"@type\":\"ListItem\",\"position\":1,\"name\":\"Home\",\"item\":\"https:\/\/www.lmv.gr.ch\/\"},{\"@type\":\"ListItem\",\"position\":2,\"name\":\"Shop\",\"item\":\"https:\/\/www.lmv.gr.ch\/it\/shop\/\"},{\"@type\":\"ListItem\",\"position\":3,\"name\":\"Viaggio alla scoperta della Svizzera\"}]},{\"@type\":\"WebSite\",\"@id\":\"https:\/\/www.lmv.gr.ch\/#website\",\"url\":\"https:\/\/www.lmv.gr.ch\/\",\"name\":\"Lehrmittel Graub\u00fcnden\",\"description\":\"Lehrmittel des Kantons Graub\u00fcnden\",\"potentialAction\":[{\"@type\":\"SearchAction\",\"target\":{\"@type\":\"EntryPoint\",\"urlTemplate\":\"https:\/\/www.lmv.gr.ch\/?s={search_term_string}\"},\"query-input\":{\"@type\":\"PropertyValueSpecification\",\"valueRequired\":true,\"valueName\":\"search_term_string\"}}],\"inLanguage\":\"it-IT\"}]}<\/script>\n<!-- \/ Yoast SEO plugin. -->","yoast_head_json":{"title":"Viaggio alla scoperta della Svizzera - Lehrmittel Graub\u00fcnden","robots":{"index":"index","follow":"follow","max-snippet":"max-snippet:-1","max-image-preview":"max-image-preview:large","max-video-preview":"max-video-preview:-1"},"canonical":"https:\/\/www.lmv.gr.ch\/it\/produkt\/deviaggio-alla-scoperta-della-svizzera\/","og_locale":"it_IT","og_type":"article","og_title":"Viaggio alla scoperta della Svizzera - Lehrmittel Graub\u00fcnden","og_description":"Con questo quaderno tematico esplori la Svizzera e, tappa dopo tappa, impari nuove cose. Il viaggio ti conduce in ogni cantone della Svizzera attraverso le quattro regioni linguistiche, valicando passi alpini, costeggiando laghi e fiumi e visitando citt\u00e0 e paesi. Impari molte cose non solo sul presente, intraprendi anche un viaggio nel temo, che ti riporta indietro fino all'et\u00e0 della Pietra.Tu o la tua classe siete liberi di decidere come lavorare con questo quaderno. Puoi procedere affrontando una tappa dopo l'atra con i relativi compiti oppure scegliere il percorso che preferisci. Inizia per\u00f2 sempre dalla tappa 1, nella quale puoi annotare tutto ci\u00f2 che gi\u00e0 sai.Per comprendere i contenuti delle tappe da 14 a 26 sulla geografia della Svizzera, \u00e8 meglio svolgere prima le tappe da 2 a 13. Infatti, solo se sai dove si trova ogni cantone, puoi capire come si \u00e8 formata la Svizzera fino a essere quella di oggi.***Per il lavoro con il quaderno tematico \u00e8 necessaria una carta geografica scolastica della Svizzera o l'accesso a una carta geografica online.Materiale aggiuntivo (solo per insegnanti)Per ricevere il materiale aggiuntivo gratuito in italiano o in romancio si prega di inviare un'e-mail a: lmv@avs.gr.ch","og_url":"https:\/\/www.lmv.gr.ch\/produkt\/deviaggio-alla-scoperta-della-svizzera\/","og_site_name":"Lehrmittel Graub\u00fcnden","article_modified_time":"2026-01-08T00:55:52+00:00","og_image":[{"width":724,"height":1024,"url":"https:\/\/www.lmv.gr.ch\/wp-content\/uploads\/asolmerce\/image-978-3-03847-136-3-724x1024.png","type":"image\/png"}],"twitter_misc":{"Tempo di lettura stimato":"1 minuto"},"schema":{"@context":"https:\/\/schema.org","@graph":[{"@type":"WebPage","@id":"https:\/\/www.lmv.gr.ch\/produkt\/deviaggio-alla-scoperta-della-svizzera\/","url":"https:\/\/www.lmv.gr.ch\/produkt\/deviaggio-alla-scoperta-della-svizzera\/","name":"Viaggio alla scoperta della Svizzera - Lehrmittel Graub\u00fcnden","isPartOf":{"@id":"https:\/\/www.lmv.gr.ch\/#website"},"primaryImageOfPage":{"@id":"https:\/\/www.lmv.gr.ch\/produkt\/deviaggio-alla-scoperta-della-svizzera\/#primaryimage"},"image":{"@id":"https:\/\/www.lmv.gr.ch\/produkt\/deviaggio-alla-scoperta-della-svizzera\/#primaryimage"},"thumbnailUrl":"https:\/\/www.lmv.gr.ch\/wp-content\/uploads\/asolmerce\/image-978-3-03847-136-3.png","datePublished":"2026-01-07T23:54:52+00:00","dateModified":"2026-01-08T00:55:52+00:00","breadcrumb":{"@id":"https:\/\/www.lmv.gr.ch\/produkt\/deviaggio-alla-scoperta-della-svizzera\/#breadcrumb"},"inLanguage":"it-IT","potentialAction":[{"@type":"ReadAction","target":["https:\/\/www.lmv.gr.ch\/produkt\/deviaggio-alla-scoperta-della-svizzera\/"]}]},{"@type":"ImageObject","inLanguage":"it-IT","@id":"https:\/\/www.lmv.gr.ch\/produkt\/deviaggio-alla-scoperta-della-svizzera\/#primaryimage","url":"https:\/\/www.lmv.gr.ch\/wp-content\/uploads\/asolmerce\/image-978-3-03847-136-3.png","contentUrl":"https:\/\/www.lmv.gr.ch\/wp-content\/uploads\/asolmerce\/image-978-3-03847-136-3.png","width":2480,"height":3508},{"@type":"BreadcrumbList","@id":"https:\/\/www.lmv.gr.ch\/produkt\/deviaggio-alla-scoperta-della-svizzera\/#breadcrumb","itemListElement":[{"@type":"ListItem","position":1,"name":"Home","item":"https:\/\/www.lmv.gr.ch\/"},{"@type":"ListItem","position":2,"name":"Shop","item":"https:\/\/www.lmv.gr.ch\/it\/shop\/"},{"@type":"ListItem","position":3,"name":"Viaggio alla scoperta della Svizzera"}]},{"@type":"WebSite","@id":"https:\/\/www.lmv.gr.ch\/#website","url":"https:\/\/www.lmv.gr.ch\/","name":"Lehrmittel Graub\u00fcnden","description":"Lehrmittel des Kantons Graub\u00fcnden","potentialAction":[{"@type":"SearchAction","target":{"@type":"EntryPoint","urlTemplate":"https:\/\/www.lmv.gr.ch\/?s={search_term_string}"},"query-input":{"@type":"PropertyValueSpecification","valueRequired":true,"valueName":"search_term_string"}}],"inLanguage":"it-IT"}]}},"_links":{"self":[{"href":"https:\/\/www.lmv.gr.ch\/it\/wp-json\/wp\/v2\/product\/81327","targetHints":{"allow":["GET"]}}],"collection":[{"href":"https:\/\/www.lmv.gr.ch\/it\/wp-json\/wp\/v2\/product"}],"about":[{"href":"https:\/\/www.lmv.gr.ch\/it\/wp-json\/wp\/v2\/types\/product"}],"replies":[{"embeddable":true,"href":"https:\/\/www.lmv.gr.ch\/it\/wp-json\/wp\/v2\/comments?post=81327"}],"wp:featuredmedia":[{"embeddable":true,"href":"https:\/\/www.lmv.gr.ch\/it\/wp-json\/wp\/v2\/media\/81373"}],"wp:attachment":[{"href":"https:\/\/www.lmv.gr.ch\/it\/wp-json\/wp\/v2\/media?parent=81327"}],"wp:term":[{"taxonomy":"product_cat","embeddable":true,"href":"https:\/\/www.lmv.gr.ch\/it\/wp-json\/wp\/v2\/product_cat?post=81327"},{"taxonomy":"product_tag","embeddable":true,"href":"https:\/\/www.lmv.gr.ch\/it\/wp-json\/wp\/v2\/product_tag?post=81327"}],"curies":[{"name":"wp","href":"https:\/\/api.w.org\/{rel}","templated":true}]}}