{"id":81326,"date":"2026-01-07T23:54:52","date_gmt":"2026-01-07T23:54:52","guid":{"rendered":"https:\/\/www.lmv.gr.ch\/produkt\/empty-product-container\/"},"modified":"2026-01-08T02:55:52","modified_gmt":"2026-01-08T00:55:52","slug":"deviadi-dexploraziun-tras-la-svizra-vallader","status":"publish","type":"product","link":"https:\/\/www.lmv.gr.ch\/it\/produkt\/deviadi-dexploraziun-tras-la-svizra-vallader\/","title":{"rendered":"Viadi d&#8217;exploraziun tras la Svizra &#8211; vallader"},"content":{"rendered":"<p class=\"qtranxs-available-languages-message qtranxs-available-languages-message-it\">Ci spiace, ma questo articolo \u00e8 disponibile soltanto in <a href=\"https:\/\/www.lmv.gr.ch\/de\/wp-json\/wp\/v2\/product\/81326\" class=\"qtranxs-available-language-link qtranxs-available-language-link-de\" title=\"Deutsch\">Deutsch<\/a>.<\/p><p><\/p>\n<p>Cun elavurar quist quadern at mettast in viadi per explorar la Svizra, tuot tenor il motto : la via es il b\u00f6t. Il viadi maina in mincha chantun da la Svizra, tras 4 regiuns linguisticas, sur pass da las Alps, pro lais e fl\u00fcms sco eir in citads e cum\u00fcns. T\u00fc nun inscuntrast be il temp dad hoz, ma at mettast eir in viadi tras il temp fin pro\u2019l temp da crap.&nbsp;<\/p>\n<p>Co cha t\u00fc lavurast cun quist quadern es surlasch\u00e0 a tai ed a tia classa. T\u00fc poust elavurar post per post e schoglier las incumbenzas lapro obain tscherner svess ti\u2019aigna successiun. Cumainza per\u00f2 cul post 1, quia poust t\u00fc eruir il pr\u00fcm teis presavair.&nbsp;&nbsp;<\/p>\n<p>Per incleger il cuntgn\u00fc dals posts 14 fin 26 davart l\u2019istorgia da la Svizra faja sen, scha t\u00fc elavurast il pr\u00fcm ils posts 2 fin 13 in connex culla geografia da la Svizra. Be scha t\u00fc sast ingio cha quists chantuns as rechattan, poust t\u00fc eir incleger il svilup cha la Svizra ha fat fin hoz.<\/p>\n<p>***<\/p>\n<p>Per lavurar cun il carnet tematic vegn duvrada ina charta da scola svizra u l&#8217;access ad ina charta online.<\/p>\n<p><\/p>\n<p><b>Material supplementar (mo per persunas d&#8217;instrucziun)<\/b><\/p>\n<p>Per retrair material supplementar gratuit en rumantsch u en talian As annunziai per plaschair per e-mail sut: <b>lmv@avs.gr.ch<\/b><\/p>\n<p><\/p>\n<p><\/p>\n<div class=\"synved-social-container synved-social-container-follow\" style=\"text-align: right\"><a class=\"synved-social-button synved-social-button-follow synved-social-size-24 synved-social-resolution-normal synved-social-provider-facebook nolightbox\" data-provider=\"facebook\" target=\"_blank\" rel=\"nofollow\" title=\"Follow us on Facebook\" href=\"https:\/\/www.facebook.com\/facebook\" style=\"font-size: 0px;width:24px;height:24px;margin:0;margin-bottom:5px;margin-right:5px\"><img loading=\"lazy\" decoding=\"async\" alt=\"Facebook\" title=\"Follow us on Facebook\" class=\"synved-share-image synved-social-image synved-social-image-follow\" width=\"24\" height=\"24\" style=\"display: inline;width:24px;height:24px;margin: 0;padding: 0;border: none;box-shadow: none\" src=\"https:\/\/www.lmv.gr.ch\/wp-content\/plugins\/social-media-feather\/synved-social\/image\/social\/regular\/24x24\/facebook.png\" \/><\/a><a class=\"synved-social-button synved-social-button-follow synved-social-size-24 synved-social-resolution-normal synved-social-provider-twitter nolightbox\" data-provider=\"twitter\" target=\"_blank\" rel=\"nofollow\" title=\"Follow us on Twitter\" href=\"https:\/\/twitter.com\/twitter\" style=\"font-size: 0px;width:24px;height:24px;margin:0;margin-bottom:5px;margin-right:5px\"><img loading=\"lazy\" decoding=\"async\" alt=\"twitter\" title=\"Follow us on Twitter\" class=\"synved-share-image synved-social-image synved-social-image-follow\" width=\"24\" height=\"24\" style=\"display: inline;width:24px;height:24px;margin: 0;padding: 0;border: none;box-shadow: none\" src=\"https:\/\/www.lmv.gr.ch\/wp-content\/plugins\/social-media-feather\/synved-social\/image\/social\/regular\/24x24\/twitter.png\" \/><\/a><a class=\"synved-social-button synved-social-button-follow synved-social-size-24 synved-social-resolution-normal synved-social-provider-linkedin nolightbox\" data-provider=\"linkedin\" target=\"_blank\" rel=\"nofollow\" title=\"Find us on Linkedin\" href=\"https:\/\/www.linkedin.com\/in\/yourid\" style=\"font-size: 0px;width:24px;height:24px;margin:0;margin-bottom:5px;margin-right:5px\"><img loading=\"lazy\" decoding=\"async\" alt=\"linkedin\" title=\"Find us on Linkedin\" class=\"synved-share-image synved-social-image synved-social-image-follow\" width=\"24\" height=\"24\" style=\"display: inline;width:24px;height:24px;margin: 0;padding: 0;border: none;box-shadow: none\" src=\"https:\/\/www.lmv.gr.ch\/wp-content\/plugins\/social-media-feather\/synved-social\/image\/social\/regular\/24x24\/linkedin.png\" \/><\/a><a class=\"synved-social-button synved-social-button-follow synved-social-size-24 synved-social-resolution-normal synved-social-provider-rss nolightbox\" data-provider=\"rss\" target=\"_blank\" rel=\"nofollow\" title=\"Subscribe to our RSS Feed\" href=\"https:\/\/feeds.feedburner.com\/MyFeedName\" style=\"font-size: 0px;width:24px;height:24px;margin:0;margin-bottom:5px;margin-right:5px\"><img loading=\"lazy\" decoding=\"async\" alt=\"rss\" title=\"Subscribe to our RSS Feed\" class=\"synved-share-image synved-social-image synved-social-image-follow\" width=\"24\" height=\"24\" style=\"display: inline;width:24px;height:24px;margin: 0;padding: 0;border: none;box-shadow: none\" src=\"https:\/\/www.lmv.gr.ch\/wp-content\/plugins\/social-media-feather\/synved-social\/image\/social\/regular\/24x24\/rss.png\" \/><\/a><a class=\"synved-social-button synved-social-button-follow synved-social-size-24 synved-social-resolution-normal synved-social-provider-youtube nolightbox\" data-provider=\"youtube\" target=\"_blank\" rel=\"nofollow\" title=\"Find us on YouTube\" href=\"https:\/\/www.youtube.com\/MyYouTubeName\" style=\"font-size: 0px;width:24px;height:24px;margin:0;margin-bottom:5px\"><img loading=\"lazy\" decoding=\"async\" alt=\"youtube\" title=\"Find us on YouTube\" class=\"synved-share-image synved-social-image synved-social-image-follow\" width=\"24\" height=\"24\" style=\"display: inline;width:24px;height:24px;margin: 0;padding: 0;border: none;box-shadow: none\" src=\"https:\/\/www.lmv.gr.ch\/wp-content\/plugins\/social-media-feather\/synved-social\/image\/social\/regular\/24x24\/youtube.png\" \/><\/a><a class=\"synved-social-button synved-social-button-follow synved-social-size-24 synved-social-resolution-hidef synved-social-provider-facebook nolightbox\" data-provider=\"facebook\" target=\"_blank\" rel=\"nofollow\" title=\"Follow us on Facebook\" href=\"https:\/\/www.facebook.com\/facebook\" style=\"font-size: 0px;width:24px;height:24px;margin:0;margin-bottom:5px;margin-right:5px\"><img loading=\"lazy\" decoding=\"async\" alt=\"Facebook\" title=\"Follow us on Facebook\" class=\"synved-share-image synved-social-image synved-social-image-follow\" width=\"24\" height=\"24\" style=\"display: inline;width:24px;height:24px;margin: 0;padding: 0;border: none;box-shadow: none\" src=\"https:\/\/www.lmv.gr.ch\/wp-content\/plugins\/social-media-feather\/synved-social\/image\/social\/regular\/48x48\/facebook.png\" \/><\/a><a class=\"synved-social-button synved-social-button-follow synved-social-size-24 synved-social-resolution-hidef synved-social-provider-twitter nolightbox\" data-provider=\"twitter\" target=\"_blank\" rel=\"nofollow\" title=\"Follow us on Twitter\" href=\"https:\/\/twitter.com\/twitter\" style=\"font-size: 0px;width:24px;height:24px;margin:0;margin-bottom:5px;margin-right:5px\"><img loading=\"lazy\" decoding=\"async\" alt=\"twitter\" title=\"Follow us on Twitter\" class=\"synved-share-image synved-social-image synved-social-image-follow\" width=\"24\" height=\"24\" style=\"display: inline;width:24px;height:24px;margin: 0;padding: 0;border: none;box-shadow: none\" src=\"https:\/\/www.lmv.gr.ch\/wp-content\/plugins\/social-media-feather\/synved-social\/image\/social\/regular\/48x48\/twitter.png\" \/><\/a><a class=\"synved-social-button synved-social-button-follow synved-social-size-24 synved-social-resolution-hidef synved-social-provider-linkedin nolightbox\" data-provider=\"linkedin\" target=\"_blank\" rel=\"nofollow\" title=\"Find us on Linkedin\" href=\"https:\/\/www.linkedin.com\/in\/yourid\" style=\"font-size: 0px;width:24px;height:24px;margin:0;margin-bottom:5px;margin-right:5px\"><img loading=\"lazy\" decoding=\"async\" alt=\"linkedin\" title=\"Find us on Linkedin\" class=\"synved-share-image synved-social-image synved-social-image-follow\" width=\"24\" height=\"24\" style=\"display: inline;width:24px;height:24px;margin: 0;padding: 0;border: none;box-shadow: none\" src=\"https:\/\/www.lmv.gr.ch\/wp-content\/plugins\/social-media-feather\/synved-social\/image\/social\/regular\/48x48\/linkedin.png\" \/><\/a><a class=\"synved-social-button synved-social-button-follow synved-social-size-24 synved-social-resolution-hidef synved-social-provider-rss nolightbox\" data-provider=\"rss\" target=\"_blank\" rel=\"nofollow\" title=\"Subscribe to our RSS Feed\" href=\"https:\/\/feeds.feedburner.com\/MyFeedName\" style=\"font-size: 0px;width:24px;height:24px;margin:0;margin-bottom:5px;margin-right:5px\"><img loading=\"lazy\" decoding=\"async\" alt=\"rss\" title=\"Subscribe to our RSS Feed\" class=\"synved-share-image synved-social-image synved-social-image-follow\" width=\"24\" height=\"24\" style=\"display: inline;width:24px;height:24px;margin: 0;padding: 0;border: none;box-shadow: none\" src=\"https:\/\/www.lmv.gr.ch\/wp-content\/plugins\/social-media-feather\/synved-social\/image\/social\/regular\/48x48\/rss.png\" \/><\/a><a class=\"synved-social-button synved-social-button-follow synved-social-size-24 synved-social-resolution-hidef synved-social-provider-youtube nolightbox\" data-provider=\"youtube\" target=\"_blank\" rel=\"nofollow\" title=\"Find us on YouTube\" href=\"https:\/\/www.youtube.com\/MyYouTubeName\" style=\"font-size: 0px;width:24px;height:24px;margin:0;margin-bottom:5px\"><img loading=\"lazy\" decoding=\"async\" alt=\"youtube\" title=\"Find us on YouTube\" class=\"synved-share-image synved-social-image synved-social-image-follow\" width=\"24\" height=\"24\" style=\"display: inline;width:24px;height:24px;margin: 0;padding: 0;border: none;box-shadow: none\" src=\"https:\/\/www.lmv.gr.ch\/wp-content\/plugins\/social-media-feather\/synved-social\/image\/social\/regular\/48x48\/youtube.png\" \/><\/a><\/div>","protected":false},"excerpt":{"rendered":"<p class=\"qtranxs-available-languages-message qtranxs-available-languages-message-it\">Ci spiace, ma questo articolo \u00e8 disponibile soltanto in <a href=\"https:\/\/www.lmv.gr.ch\/de\/wp-json\/wp\/v2\/product\/81326\" class=\"qtranxs-available-language-link qtranxs-available-language-link-de\" title=\"Deutsch\">Deutsch<\/a>.<\/p>\n<p>Cun elavurar quist quadern at mettast in viadi per explorar la Svizra, tuot tenor il motto : la via es il b\u00f6t. Il viadi maina in mincha chantun da la Svizra, tras 4 regiuns linguisticas, sur pass da las Alps, pro lais e fl\u00fcms sco eir in citads e cum\u00fcns. T\u00fc nun inscuntrast be il temp dad hoz, ma at mettast eir in viadi tras il temp fin pro\u2019l temp da crap.&nbsp;<\/p>\n<p>Co cha t\u00fc lavurast cun quist quadern es surlasch\u00e0 a tai ed a tia classa. T\u00fc poust elavurar post per post e schoglier las incumbenzas lapro obain tscherner svess ti\u2019aigna successiun. Cumainza per\u00f2 cul post 1, quia poust t\u00fc eruir il pr\u00fcm teis presavair.&nbsp;&nbsp;<\/p>\n<p>Per incleger il cuntgn\u00fc dals posts 14 fin 26 davart l\u2019istorgia da la Svizra faja sen, scha t\u00fc elavurast il pr\u00fcm ils posts 2 fin 13 in connex culla geografia da la Svizra. Be scha t\u00fc sast ingio cha quists chantuns as rechattan, poust t\u00fc eir incleger il svilup cha la Svizra ha fat fin hoz.<\/p>\n<p>***<\/p>\n<p>Per lavurar cun il carnet tematic vegn duvrada ina charta da scola svizra u l&#8217;access ad ina charta online.<\/p>\n<p><\/p>\n<p><b>Material supplementar (mo per persunas d&#8217;instrucziun)<\/b><\/p>\n<p>Per retrair material supplementar gratuit en rumantsch u en talian As annunziai per plaschair per e-mail sut: <b>lmv@avs.gr.ch<\/b><\/p>\n<p><\/p>\n","protected":false},"featured_media":81513,"comment_status":"closed","ping_status":"closed","template":"","meta":[],"product_cat":[4391],"product_tag":[],"class_list":["post-81326","product","type-product","status-publish","has-post-thumbnail","hentry","product_cat-vallader-nmg-rzg","edition-eigenverlag"],"acf":[],"yoast_head":"<!-- This site is optimized with the Yoast SEO plugin v24.6 - https:\/\/yoast.com\/wordpress\/plugins\/seo\/ -->\n<title>Viadi d&#039;exploraziun tras la Svizra - vallader - Lehrmittel Graub\u00fcnden<\/title>\n<meta name=\"robots\" content=\"index, follow, max-snippet:-1, max-image-preview:large, max-video-preview:-1\" \/>\n<link rel=\"canonical\" href=\"https:\/\/www.lmv.gr.ch\/it\/produkt\/deviadi-dexploraziun-tras-la-svizra-vallader\/\" \/>\n<meta property=\"og:locale\" content=\"it_IT\" \/>\n<meta property=\"og:type\" content=\"article\" \/>\n<meta property=\"og:title\" content=\"Viadi d&#039;exploraziun tras la Svizra - vallader - Lehrmittel Graub\u00fcnden\" \/>\n<meta property=\"og:description\" content=\"Cun elavurar quist quadern at mettast in viadi per explorar la Svizra, tuot tenor il motto : la via es il b\u00f6t. Il viadi maina in mincha chantun da la Svizra, tras 4 regiuns linguisticas, sur pass da las Alps, pro lais e fl\u00fcms sco eir in citads e cum\u00fcns. T\u00fc nun inscuntrast be il temp dad hoz, ma at mettast eir in viadi tras il temp fin pro\u2019l temp da crap.&nbsp;Co cha t\u00fc lavurast cun quist quadern es surlasch\u00e0 a tai ed a tia classa. T\u00fc poust elavurar post per post e schoglier las incumbenzas lapro obain tscherner svess ti\u2019aigna successiun. Cumainza per\u00f2 cul post 1, quia poust t\u00fc eruir il pr\u00fcm teis presavair.&nbsp;&nbsp;Per incleger il cuntgn\u00fc dals posts 14 fin 26 davart l\u2019istorgia da la Svizra faja sen, scha t\u00fc elavurast il pr\u00fcm ils posts 2 fin 13 in connex culla geografia da la Svizra. Be scha t\u00fc sast ingio cha quists chantuns as rechattan, poust t\u00fc eir incleger il svilup cha la Svizra ha fat fin hoz.***Per lavurar cun il carnet tematic vegn duvrada ina charta da scola svizra u l&#039;access ad ina charta online.Material supplementar (mo per persunas d&#039;instrucziun)Per retrair material supplementar gratuit en rumantsch u en talian As annunziai per plaschair per e-mail sut: lmv@avs.gr.ch\" \/>\n<meta property=\"og:url\" content=\"https:\/\/www.lmv.gr.ch\/produkt\/deviadi-dexploraziun-tras-la-svizra-vallader\/\" \/>\n<meta property=\"og:site_name\" content=\"Lehrmittel Graub\u00fcnden\" \/>\n<meta property=\"article:modified_time\" content=\"2026-01-08T00:55:52+00:00\" \/>\n<meta property=\"og:image\" content=\"https:\/\/www.lmv.gr.ch\/wp-content\/uploads\/asolmerce\/image-978-3-03847-134-9-724x1024.png\" \/>\n\t<meta property=\"og:image:width\" content=\"724\" \/>\n\t<meta property=\"og:image:height\" content=\"1024\" \/>\n\t<meta property=\"og:image:type\" content=\"image\/png\" \/>\n<meta name=\"twitter:label1\" content=\"Tempo di lettura stimato\" \/>\n\t<meta name=\"twitter:data1\" content=\"1 minuto\" \/>\n<script type=\"application\/ld+json\" class=\"yoast-schema-graph\">{\"@context\":\"https:\/\/schema.org\",\"@graph\":[{\"@type\":\"WebPage\",\"@id\":\"https:\/\/www.lmv.gr.ch\/produkt\/deviadi-dexploraziun-tras-la-svizra-vallader\/\",\"url\":\"https:\/\/www.lmv.gr.ch\/produkt\/deviadi-dexploraziun-tras-la-svizra-vallader\/\",\"name\":\"Viadi d'exploraziun tras la Svizra - vallader - Lehrmittel Graub\u00fcnden\",\"isPartOf\":{\"@id\":\"https:\/\/www.lmv.gr.ch\/#website\"},\"primaryImageOfPage\":{\"@id\":\"https:\/\/www.lmv.gr.ch\/produkt\/deviadi-dexploraziun-tras-la-svizra-vallader\/#primaryimage\"},\"image\":{\"@id\":\"https:\/\/www.lmv.gr.ch\/produkt\/deviadi-dexploraziun-tras-la-svizra-vallader\/#primaryimage\"},\"thumbnailUrl\":\"https:\/\/www.lmv.gr.ch\/wp-content\/uploads\/asolmerce\/image-978-3-03847-134-9.png\",\"datePublished\":\"2026-01-07T23:54:52+00:00\",\"dateModified\":\"2026-01-08T00:55:52+00:00\",\"breadcrumb\":{\"@id\":\"https:\/\/www.lmv.gr.ch\/produkt\/deviadi-dexploraziun-tras-la-svizra-vallader\/#breadcrumb\"},\"inLanguage\":\"it-IT\",\"potentialAction\":[{\"@type\":\"ReadAction\",\"target\":[\"https:\/\/www.lmv.gr.ch\/produkt\/deviadi-dexploraziun-tras-la-svizra-vallader\/\"]}]},{\"@type\":\"ImageObject\",\"inLanguage\":\"it-IT\",\"@id\":\"https:\/\/www.lmv.gr.ch\/produkt\/deviadi-dexploraziun-tras-la-svizra-vallader\/#primaryimage\",\"url\":\"https:\/\/www.lmv.gr.ch\/wp-content\/uploads\/asolmerce\/image-978-3-03847-134-9.png\",\"contentUrl\":\"https:\/\/www.lmv.gr.ch\/wp-content\/uploads\/asolmerce\/image-978-3-03847-134-9.png\",\"width\":2480,\"height\":3508},{\"@type\":\"BreadcrumbList\",\"@id\":\"https:\/\/www.lmv.gr.ch\/produkt\/deviadi-dexploraziun-tras-la-svizra-vallader\/#breadcrumb\",\"itemListElement\":[{\"@type\":\"ListItem\",\"position\":1,\"name\":\"Home\",\"item\":\"https:\/\/www.lmv.gr.ch\/\"},{\"@type\":\"ListItem\",\"position\":2,\"name\":\"Shop\",\"item\":\"https:\/\/www.lmv.gr.ch\/it\/shop\/\"},{\"@type\":\"ListItem\",\"position\":3,\"name\":\"Viadi d&#8217;exploraziun tras la Svizra &#8211; vallader\"}]},{\"@type\":\"WebSite\",\"@id\":\"https:\/\/www.lmv.gr.ch\/#website\",\"url\":\"https:\/\/www.lmv.gr.ch\/\",\"name\":\"Lehrmittel Graub\u00fcnden\",\"description\":\"Lehrmittel des Kantons Graub\u00fcnden\",\"potentialAction\":[{\"@type\":\"SearchAction\",\"target\":{\"@type\":\"EntryPoint\",\"urlTemplate\":\"https:\/\/www.lmv.gr.ch\/?s={search_term_string}\"},\"query-input\":{\"@type\":\"PropertyValueSpecification\",\"valueRequired\":true,\"valueName\":\"search_term_string\"}}],\"inLanguage\":\"it-IT\"}]}<\/script>\n<!-- \/ Yoast SEO plugin. -->","yoast_head_json":{"title":"Viadi d'exploraziun tras la Svizra - vallader - Lehrmittel Graub\u00fcnden","robots":{"index":"index","follow":"follow","max-snippet":"max-snippet:-1","max-image-preview":"max-image-preview:large","max-video-preview":"max-video-preview:-1"},"canonical":"https:\/\/www.lmv.gr.ch\/it\/produkt\/deviadi-dexploraziun-tras-la-svizra-vallader\/","og_locale":"it_IT","og_type":"article","og_title":"Viadi d'exploraziun tras la Svizra - vallader - Lehrmittel Graub\u00fcnden","og_description":"Cun elavurar quist quadern at mettast in viadi per explorar la Svizra, tuot tenor il motto : la via es il b\u00f6t. Il viadi maina in mincha chantun da la Svizra, tras 4 regiuns linguisticas, sur pass da las Alps, pro lais e fl\u00fcms sco eir in citads e cum\u00fcns. T\u00fc nun inscuntrast be il temp dad hoz, ma at mettast eir in viadi tras il temp fin pro\u2019l temp da crap.&nbsp;Co cha t\u00fc lavurast cun quist quadern es surlasch\u00e0 a tai ed a tia classa. T\u00fc poust elavurar post per post e schoglier las incumbenzas lapro obain tscherner svess ti\u2019aigna successiun. Cumainza per\u00f2 cul post 1, quia poust t\u00fc eruir il pr\u00fcm teis presavair.&nbsp;&nbsp;Per incleger il cuntgn\u00fc dals posts 14 fin 26 davart l\u2019istorgia da la Svizra faja sen, scha t\u00fc elavurast il pr\u00fcm ils posts 2 fin 13 in connex culla geografia da la Svizra. Be scha t\u00fc sast ingio cha quists chantuns as rechattan, poust t\u00fc eir incleger il svilup cha la Svizra ha fat fin hoz.***Per lavurar cun il carnet tematic vegn duvrada ina charta da scola svizra u l'access ad ina charta online.Material supplementar (mo per persunas d'instrucziun)Per retrair material supplementar gratuit en rumantsch u en talian As annunziai per plaschair per e-mail sut: lmv@avs.gr.ch","og_url":"https:\/\/www.lmv.gr.ch\/produkt\/deviadi-dexploraziun-tras-la-svizra-vallader\/","og_site_name":"Lehrmittel Graub\u00fcnden","article_modified_time":"2026-01-08T00:55:52+00:00","og_image":[{"width":724,"height":1024,"url":"https:\/\/www.lmv.gr.ch\/wp-content\/uploads\/asolmerce\/image-978-3-03847-134-9-724x1024.png","type":"image\/png"}],"twitter_misc":{"Tempo di lettura stimato":"1 minuto"},"schema":{"@context":"https:\/\/schema.org","@graph":[{"@type":"WebPage","@id":"https:\/\/www.lmv.gr.ch\/produkt\/deviadi-dexploraziun-tras-la-svizra-vallader\/","url":"https:\/\/www.lmv.gr.ch\/produkt\/deviadi-dexploraziun-tras-la-svizra-vallader\/","name":"Viadi d'exploraziun tras la Svizra - vallader - Lehrmittel Graub\u00fcnden","isPartOf":{"@id":"https:\/\/www.lmv.gr.ch\/#website"},"primaryImageOfPage":{"@id":"https:\/\/www.lmv.gr.ch\/produkt\/deviadi-dexploraziun-tras-la-svizra-vallader\/#primaryimage"},"image":{"@id":"https:\/\/www.lmv.gr.ch\/produkt\/deviadi-dexploraziun-tras-la-svizra-vallader\/#primaryimage"},"thumbnailUrl":"https:\/\/www.lmv.gr.ch\/wp-content\/uploads\/asolmerce\/image-978-3-03847-134-9.png","datePublished":"2026-01-07T23:54:52+00:00","dateModified":"2026-01-08T00:55:52+00:00","breadcrumb":{"@id":"https:\/\/www.lmv.gr.ch\/produkt\/deviadi-dexploraziun-tras-la-svizra-vallader\/#breadcrumb"},"inLanguage":"it-IT","potentialAction":[{"@type":"ReadAction","target":["https:\/\/www.lmv.gr.ch\/produkt\/deviadi-dexploraziun-tras-la-svizra-vallader\/"]}]},{"@type":"ImageObject","inLanguage":"it-IT","@id":"https:\/\/www.lmv.gr.ch\/produkt\/deviadi-dexploraziun-tras-la-svizra-vallader\/#primaryimage","url":"https:\/\/www.lmv.gr.ch\/wp-content\/uploads\/asolmerce\/image-978-3-03847-134-9.png","contentUrl":"https:\/\/www.lmv.gr.ch\/wp-content\/uploads\/asolmerce\/image-978-3-03847-134-9.png","width":2480,"height":3508},{"@type":"BreadcrumbList","@id":"https:\/\/www.lmv.gr.ch\/produkt\/deviadi-dexploraziun-tras-la-svizra-vallader\/#breadcrumb","itemListElement":[{"@type":"ListItem","position":1,"name":"Home","item":"https:\/\/www.lmv.gr.ch\/"},{"@type":"ListItem","position":2,"name":"Shop","item":"https:\/\/www.lmv.gr.ch\/it\/shop\/"},{"@type":"ListItem","position":3,"name":"Viadi d&#8217;exploraziun tras la Svizra &#8211; vallader"}]},{"@type":"WebSite","@id":"https:\/\/www.lmv.gr.ch\/#website","url":"https:\/\/www.lmv.gr.ch\/","name":"Lehrmittel Graub\u00fcnden","description":"Lehrmittel des Kantons Graub\u00fcnden","potentialAction":[{"@type":"SearchAction","target":{"@type":"EntryPoint","urlTemplate":"https:\/\/www.lmv.gr.ch\/?s={search_term_string}"},"query-input":{"@type":"PropertyValueSpecification","valueRequired":true,"valueName":"search_term_string"}}],"inLanguage":"it-IT"}]}},"_links":{"self":[{"href":"https:\/\/www.lmv.gr.ch\/it\/wp-json\/wp\/v2\/product\/81326","targetHints":{"allow":["GET"]}}],"collection":[{"href":"https:\/\/www.lmv.gr.ch\/it\/wp-json\/wp\/v2\/product"}],"about":[{"href":"https:\/\/www.lmv.gr.ch\/it\/wp-json\/wp\/v2\/types\/product"}],"replies":[{"embeddable":true,"href":"https:\/\/www.lmv.gr.ch\/it\/wp-json\/wp\/v2\/comments?post=81326"}],"wp:featuredmedia":[{"embeddable":true,"href":"https:\/\/www.lmv.gr.ch\/it\/wp-json\/wp\/v2\/media\/81513"}],"wp:attachment":[{"href":"https:\/\/www.lmv.gr.ch\/it\/wp-json\/wp\/v2\/media?parent=81326"}],"wp:term":[{"taxonomy":"product_cat","embeddable":true,"href":"https:\/\/www.lmv.gr.ch\/it\/wp-json\/wp\/v2\/product_cat?post=81326"},{"taxonomy":"product_tag","embeddable":true,"href":"https:\/\/www.lmv.gr.ch\/it\/wp-json\/wp\/v2\/product_tag?post=81326"}],"curies":[{"name":"wp","href":"https:\/\/api.w.org\/{rel}","templated":true}]}}