{"id":81320,"date":"2026-01-07T23:54:51","date_gmt":"2026-01-07T23:54:51","guid":{"rendered":"https:\/\/www.lmv.gr.ch\/produkt\/empty-product-container\/"},"modified":"2026-01-08T02:55:52","modified_gmt":"2026-01-08T00:55:52","slug":"devieadi-dexplorazin-tras-la-svizra-sutsilvan","status":"publish","type":"product","link":"https:\/\/www.lmv.gr.ch\/it\/produkt\/devieadi-dexplorazin-tras-la-svizra-sutsilvan\/","title":{"rendered":"Vieadi d\u2019explorazi\u00f9n tras la Svizra &#8211; sutsilvan"},"content":{"rendered":"<p class=\"qtranxs-available-languages-message qtranxs-available-languages-message-it\">Ci spiace, ma questo articolo \u00e8 disponibile soltanto in <a href=\"https:\/\/www.lmv.gr.ch\/de\/wp-json\/wp\/v2\/product\/81320\" class=\"qtranxs-available-language-link qtranxs-available-language-link-de\" title=\"Deutsch\">Deutsch<\/a>.<\/p><p><\/p>\n<p>Cun elavurar que carnet sametas tei sen egn vieadi d\u2019explorazi\u00f9n tras la Svizra, tut tanor igl moto: la veia e la fegnamira. Igl vieadi magna an mintga cant\u00f9n da la Svizra, tras las 4 regi\u00f9ns linguisticas, sur igls pass da las Alps, tier lais a flems sco ear an martgieus a vischn\u00e0ncas. Tei veans dant\u00e0nt betga me a vagnir a saver blear digl tains dad oz, mobagn sametas ear sen egn vieadi tras igl tains anavos antocen agl tains da crap.&nbsp;<\/p>\n<p>Co tei lavuras cun que carnet vean&nbsp; surscho a tgei ad a la tia classa. Tei sas studagear post par post a schliear las leztgas latier near tschearner la ti\u2019atgna suczessi\u00f9n. Antscheva dant\u00e0nt cugl post 1. Qua sas tei nudar gl\u2019amprem la tia presavida.<\/p>\n<p>Par capir igl cuntegn digls posts 14 antocen 26 davart l\u2019istorgia da la Svizra fa\u2019gl sen, scha tei elavuras gl\u2019amprem igls posts 2 antocen 13 agl conex cun la geografeia da la Svizra. Partge me scha tei sas noua ca tge cant\u00f9n satgata, sas tei ear capir igl svilup da la Svizra dad oz.<\/p>\n<p>***<\/p>\n<p>Per lavurar cun il carnet tematic vegn duvrada ina charta da scola svizra u l&#8217;access ad ina charta online.<\/p>\n<p><\/p>\n<p><b>Material supplementar (mo per persunas d&#8217;instrucziun)<\/b><\/p>\n<p>Per retrair material supplementar gratuit en rumantsch u en talian As annunziai per plaschair per e-mail sut: <b>lmv@avs.gr.ch<\/b><\/p>\n<div><\/div>\n<p><\/p>\n<p><\/p>\n<div class=\"synved-social-container synved-social-container-follow\" style=\"text-align: right\"><a class=\"synved-social-button synved-social-button-follow synved-social-size-24 synved-social-resolution-normal synved-social-provider-facebook nolightbox\" data-provider=\"facebook\" target=\"_blank\" rel=\"nofollow\" title=\"Follow us on Facebook\" href=\"https:\/\/www.facebook.com\/facebook\" style=\"font-size: 0px;width:24px;height:24px;margin:0;margin-bottom:5px;margin-right:5px\"><img loading=\"lazy\" decoding=\"async\" alt=\"Facebook\" title=\"Follow us on Facebook\" class=\"synved-share-image synved-social-image synved-social-image-follow\" width=\"24\" height=\"24\" style=\"display: inline;width:24px;height:24px;margin: 0;padding: 0;border: none;box-shadow: none\" src=\"https:\/\/www.lmv.gr.ch\/wp-content\/plugins\/social-media-feather\/synved-social\/image\/social\/regular\/24x24\/facebook.png\" \/><\/a><a class=\"synved-social-button synved-social-button-follow synved-social-size-24 synved-social-resolution-normal synved-social-provider-twitter nolightbox\" data-provider=\"twitter\" target=\"_blank\" rel=\"nofollow\" title=\"Follow us on Twitter\" href=\"https:\/\/twitter.com\/twitter\" style=\"font-size: 0px;width:24px;height:24px;margin:0;margin-bottom:5px;margin-right:5px\"><img loading=\"lazy\" decoding=\"async\" alt=\"twitter\" title=\"Follow us on Twitter\" class=\"synved-share-image synved-social-image synved-social-image-follow\" width=\"24\" height=\"24\" style=\"display: inline;width:24px;height:24px;margin: 0;padding: 0;border: none;box-shadow: none\" src=\"https:\/\/www.lmv.gr.ch\/wp-content\/plugins\/social-media-feather\/synved-social\/image\/social\/regular\/24x24\/twitter.png\" \/><\/a><a class=\"synved-social-button synved-social-button-follow synved-social-size-24 synved-social-resolution-normal synved-social-provider-linkedin nolightbox\" data-provider=\"linkedin\" target=\"_blank\" rel=\"nofollow\" title=\"Find us on Linkedin\" href=\"https:\/\/www.linkedin.com\/in\/yourid\" style=\"font-size: 0px;width:24px;height:24px;margin:0;margin-bottom:5px;margin-right:5px\"><img loading=\"lazy\" decoding=\"async\" alt=\"linkedin\" title=\"Find us on Linkedin\" class=\"synved-share-image synved-social-image synved-social-image-follow\" width=\"24\" height=\"24\" style=\"display: inline;width:24px;height:24px;margin: 0;padding: 0;border: none;box-shadow: none\" src=\"https:\/\/www.lmv.gr.ch\/wp-content\/plugins\/social-media-feather\/synved-social\/image\/social\/regular\/24x24\/linkedin.png\" \/><\/a><a class=\"synved-social-button synved-social-button-follow synved-social-size-24 synved-social-resolution-normal synved-social-provider-rss nolightbox\" data-provider=\"rss\" target=\"_blank\" rel=\"nofollow\" title=\"Subscribe to our RSS Feed\" href=\"https:\/\/feeds.feedburner.com\/MyFeedName\" style=\"font-size: 0px;width:24px;height:24px;margin:0;margin-bottom:5px;margin-right:5px\"><img loading=\"lazy\" decoding=\"async\" alt=\"rss\" title=\"Subscribe to our RSS Feed\" class=\"synved-share-image synved-social-image synved-social-image-follow\" width=\"24\" height=\"24\" style=\"display: inline;width:24px;height:24px;margin: 0;padding: 0;border: none;box-shadow: none\" src=\"https:\/\/www.lmv.gr.ch\/wp-content\/plugins\/social-media-feather\/synved-social\/image\/social\/regular\/24x24\/rss.png\" \/><\/a><a class=\"synved-social-button synved-social-button-follow synved-social-size-24 synved-social-resolution-normal synved-social-provider-youtube nolightbox\" data-provider=\"youtube\" target=\"_blank\" rel=\"nofollow\" title=\"Find us on YouTube\" href=\"https:\/\/www.youtube.com\/MyYouTubeName\" style=\"font-size: 0px;width:24px;height:24px;margin:0;margin-bottom:5px\"><img loading=\"lazy\" decoding=\"async\" alt=\"youtube\" title=\"Find us on YouTube\" class=\"synved-share-image synved-social-image synved-social-image-follow\" width=\"24\" height=\"24\" style=\"display: inline;width:24px;height:24px;margin: 0;padding: 0;border: none;box-shadow: none\" src=\"https:\/\/www.lmv.gr.ch\/wp-content\/plugins\/social-media-feather\/synved-social\/image\/social\/regular\/24x24\/youtube.png\" \/><\/a><a class=\"synved-social-button synved-social-button-follow synved-social-size-24 synved-social-resolution-hidef synved-social-provider-facebook nolightbox\" data-provider=\"facebook\" target=\"_blank\" rel=\"nofollow\" title=\"Follow us on Facebook\" href=\"https:\/\/www.facebook.com\/facebook\" style=\"font-size: 0px;width:24px;height:24px;margin:0;margin-bottom:5px;margin-right:5px\"><img loading=\"lazy\" decoding=\"async\" alt=\"Facebook\" title=\"Follow us on Facebook\" class=\"synved-share-image synved-social-image synved-social-image-follow\" width=\"24\" height=\"24\" style=\"display: inline;width:24px;height:24px;margin: 0;padding: 0;border: none;box-shadow: none\" src=\"https:\/\/www.lmv.gr.ch\/wp-content\/plugins\/social-media-feather\/synved-social\/image\/social\/regular\/48x48\/facebook.png\" \/><\/a><a class=\"synved-social-button synved-social-button-follow synved-social-size-24 synved-social-resolution-hidef synved-social-provider-twitter nolightbox\" data-provider=\"twitter\" target=\"_blank\" rel=\"nofollow\" title=\"Follow us on Twitter\" href=\"https:\/\/twitter.com\/twitter\" style=\"font-size: 0px;width:24px;height:24px;margin:0;margin-bottom:5px;margin-right:5px\"><img loading=\"lazy\" decoding=\"async\" alt=\"twitter\" title=\"Follow us on Twitter\" class=\"synved-share-image synved-social-image synved-social-image-follow\" width=\"24\" height=\"24\" style=\"display: inline;width:24px;height:24px;margin: 0;padding: 0;border: none;box-shadow: none\" src=\"https:\/\/www.lmv.gr.ch\/wp-content\/plugins\/social-media-feather\/synved-social\/image\/social\/regular\/48x48\/twitter.png\" \/><\/a><a class=\"synved-social-button synved-social-button-follow synved-social-size-24 synved-social-resolution-hidef synved-social-provider-linkedin nolightbox\" data-provider=\"linkedin\" target=\"_blank\" rel=\"nofollow\" title=\"Find us on Linkedin\" href=\"https:\/\/www.linkedin.com\/in\/yourid\" style=\"font-size: 0px;width:24px;height:24px;margin:0;margin-bottom:5px;margin-right:5px\"><img loading=\"lazy\" decoding=\"async\" alt=\"linkedin\" title=\"Find us on Linkedin\" class=\"synved-share-image synved-social-image synved-social-image-follow\" width=\"24\" height=\"24\" style=\"display: inline;width:24px;height:24px;margin: 0;padding: 0;border: none;box-shadow: none\" src=\"https:\/\/www.lmv.gr.ch\/wp-content\/plugins\/social-media-feather\/synved-social\/image\/social\/regular\/48x48\/linkedin.png\" \/><\/a><a class=\"synved-social-button synved-social-button-follow synved-social-size-24 synved-social-resolution-hidef synved-social-provider-rss nolightbox\" data-provider=\"rss\" target=\"_blank\" rel=\"nofollow\" title=\"Subscribe to our RSS Feed\" href=\"https:\/\/feeds.feedburner.com\/MyFeedName\" style=\"font-size: 0px;width:24px;height:24px;margin:0;margin-bottom:5px;margin-right:5px\"><img loading=\"lazy\" decoding=\"async\" alt=\"rss\" title=\"Subscribe to our RSS Feed\" class=\"synved-share-image synved-social-image synved-social-image-follow\" width=\"24\" height=\"24\" style=\"display: inline;width:24px;height:24px;margin: 0;padding: 0;border: none;box-shadow: none\" src=\"https:\/\/www.lmv.gr.ch\/wp-content\/plugins\/social-media-feather\/synved-social\/image\/social\/regular\/48x48\/rss.png\" \/><\/a><a class=\"synved-social-button synved-social-button-follow synved-social-size-24 synved-social-resolution-hidef synved-social-provider-youtube nolightbox\" data-provider=\"youtube\" target=\"_blank\" rel=\"nofollow\" title=\"Find us on YouTube\" href=\"https:\/\/www.youtube.com\/MyYouTubeName\" style=\"font-size: 0px;width:24px;height:24px;margin:0;margin-bottom:5px\"><img loading=\"lazy\" decoding=\"async\" alt=\"youtube\" title=\"Find us on YouTube\" class=\"synved-share-image synved-social-image synved-social-image-follow\" width=\"24\" height=\"24\" style=\"display: inline;width:24px;height:24px;margin: 0;padding: 0;border: none;box-shadow: none\" src=\"https:\/\/www.lmv.gr.ch\/wp-content\/plugins\/social-media-feather\/synved-social\/image\/social\/regular\/48x48\/youtube.png\" \/><\/a><\/div>","protected":false},"excerpt":{"rendered":"<p class=\"qtranxs-available-languages-message qtranxs-available-languages-message-it\">Ci spiace, ma questo articolo \u00e8 disponibile soltanto in <a href=\"https:\/\/www.lmv.gr.ch\/de\/wp-json\/wp\/v2\/product\/81320\" class=\"qtranxs-available-language-link qtranxs-available-language-link-de\" title=\"Deutsch\">Deutsch<\/a>.<\/p>\n<p>Cun elavurar que carnet sametas tei sen egn vieadi d\u2019explorazi\u00f9n tras la Svizra, tut tanor igl moto: la veia e la fegnamira. Igl vieadi magna an mintga cant\u00f9n da la Svizra, tras las 4 regi\u00f9ns linguisticas, sur igls pass da las Alps, tier lais a flems sco ear an martgieus a vischn\u00e0ncas. Tei veans dant\u00e0nt betga me a vagnir a saver blear digl tains dad oz, mobagn sametas ear sen egn vieadi tras igl tains anavos antocen agl tains da crap.&nbsp;<\/p>\n<p>Co tei lavuras cun que carnet vean&nbsp; surscho a tgei ad a la tia classa. Tei sas studagear post par post a schliear las leztgas latier near tschearner la ti\u2019atgna suczessi\u00f9n. Antscheva dant\u00e0nt cugl post 1. Qua sas tei nudar gl\u2019amprem la tia presavida.<\/p>\n<p>Par capir igl cuntegn digls posts 14 antocen 26 davart l\u2019istorgia da la Svizra fa\u2019gl sen, scha tei elavuras gl\u2019amprem igls posts 2 antocen 13 agl conex cun la geografeia da la Svizra. Partge me scha tei sas noua ca tge cant\u00f9n satgata, sas tei ear capir igl svilup da la Svizra dad oz.<\/p>\n<p>***<\/p>\n<p>Per lavurar cun il carnet tematic vegn duvrada ina charta da scola svizra u l&#8217;access ad ina charta online.<\/p>\n<p><\/p>\n<p><b>Material supplementar (mo per persunas d&#8217;instrucziun)<\/b><\/p>\n<p>Per retrair material supplementar gratuit en rumantsch u en talian As annunziai per plaschair per e-mail sut: <b>lmv@avs.gr.ch<\/b><\/p>\n<div><\/div>\n<p><\/p>\n","protected":false},"featured_media":81565,"comment_status":"closed","ping_status":"closed","template":"","meta":[],"product_cat":[4283],"product_tag":[],"class_list":["post-81320","product","type-product","status-publish","has-post-thumbnail","hentry","product_cat-sutsilvan-nmg-rzg","edition-eigenverlag"],"acf":[],"yoast_head":"<!-- This site is optimized with the Yoast SEO plugin v24.6 - https:\/\/yoast.com\/wordpress\/plugins\/seo\/ -->\n<title>Vieadi d\u2019explorazi\u00f9n tras la Svizra - sutsilvan - Lehrmittel Graub\u00fcnden<\/title>\n<meta name=\"robots\" content=\"index, follow, max-snippet:-1, max-image-preview:large, max-video-preview:-1\" \/>\n<link rel=\"canonical\" href=\"https:\/\/www.lmv.gr.ch\/it\/produkt\/devieadi-dexplorazin-tras-la-svizra-sutsilvan\/\" \/>\n<meta property=\"og:locale\" content=\"it_IT\" \/>\n<meta property=\"og:type\" content=\"article\" \/>\n<meta property=\"og:title\" content=\"Vieadi d\u2019explorazi\u00f9n tras la Svizra - sutsilvan - Lehrmittel Graub\u00fcnden\" \/>\n<meta property=\"og:description\" content=\"Cun elavurar que carnet sametas tei sen egn vieadi d\u2019explorazi\u00f9n tras la Svizra, tut tanor igl moto: la veia e la fegnamira. Igl vieadi magna an mintga cant\u00f9n da la Svizra, tras las 4 regi\u00f9ns linguisticas, sur igls pass da las Alps, tier lais a flems sco ear an martgieus a vischn\u00e0ncas. Tei veans dant\u00e0nt betga me a vagnir a saver blear digl tains dad oz, mobagn sametas ear sen egn vieadi tras igl tains anavos antocen agl tains da crap.&nbsp;Co tei lavuras cun que carnet vean&nbsp; surscho a tgei ad a la tia classa. Tei sas studagear post par post a schliear las leztgas latier near tschearner la ti\u2019atgna suczessi\u00f9n. Antscheva dant\u00e0nt cugl post 1. Qua sas tei nudar gl\u2019amprem la tia presavida.Par capir igl cuntegn digls posts 14 antocen 26 davart l\u2019istorgia da la Svizra fa\u2019gl sen, scha tei elavuras gl\u2019amprem igls posts 2 antocen 13 agl conex cun la geografeia da la Svizra. Partge me scha tei sas noua ca tge cant\u00f9n satgata, sas tei ear capir igl svilup da la Svizra dad oz.***Per lavurar cun il carnet tematic vegn duvrada ina charta da scola svizra u l&#039;access ad ina charta online.Material supplementar (mo per persunas d&#039;instrucziun)Per retrair material supplementar gratuit en rumantsch u en talian As annunziai per plaschair per e-mail sut: lmv@avs.gr.ch\" \/>\n<meta property=\"og:url\" content=\"https:\/\/www.lmv.gr.ch\/produkt\/devieadi-dexplorazin-tras-la-svizra-sutsilvan\/\" \/>\n<meta property=\"og:site_name\" content=\"Lehrmittel Graub\u00fcnden\" \/>\n<meta property=\"article:modified_time\" content=\"2026-01-08T00:55:52+00:00\" \/>\n<meta property=\"og:image\" content=\"https:\/\/www.lmv.gr.ch\/wp-content\/uploads\/asolmerce\/image-978-3-03847-132-5-724x1024.png\" \/>\n\t<meta property=\"og:image:width\" content=\"724\" \/>\n\t<meta property=\"og:image:height\" content=\"1024\" \/>\n\t<meta property=\"og:image:type\" content=\"image\/png\" \/>\n<meta name=\"twitter:label1\" content=\"Tempo di lettura stimato\" \/>\n\t<meta name=\"twitter:data1\" content=\"1 minuto\" \/>\n<script type=\"application\/ld+json\" class=\"yoast-schema-graph\">{\"@context\":\"https:\/\/schema.org\",\"@graph\":[{\"@type\":\"WebPage\",\"@id\":\"https:\/\/www.lmv.gr.ch\/produkt\/devieadi-dexplorazin-tras-la-svizra-sutsilvan\/\",\"url\":\"https:\/\/www.lmv.gr.ch\/produkt\/devieadi-dexplorazin-tras-la-svizra-sutsilvan\/\",\"name\":\"Vieadi d\u2019explorazi\u00f9n tras la Svizra - sutsilvan - Lehrmittel Graub\u00fcnden\",\"isPartOf\":{\"@id\":\"https:\/\/www.lmv.gr.ch\/#website\"},\"primaryImageOfPage\":{\"@id\":\"https:\/\/www.lmv.gr.ch\/produkt\/devieadi-dexplorazin-tras-la-svizra-sutsilvan\/#primaryimage\"},\"image\":{\"@id\":\"https:\/\/www.lmv.gr.ch\/produkt\/devieadi-dexplorazin-tras-la-svizra-sutsilvan\/#primaryimage\"},\"thumbnailUrl\":\"https:\/\/www.lmv.gr.ch\/wp-content\/uploads\/asolmerce\/image-978-3-03847-132-5.png\",\"datePublished\":\"2026-01-07T23:54:51+00:00\",\"dateModified\":\"2026-01-08T00:55:52+00:00\",\"breadcrumb\":{\"@id\":\"https:\/\/www.lmv.gr.ch\/produkt\/devieadi-dexplorazin-tras-la-svizra-sutsilvan\/#breadcrumb\"},\"inLanguage\":\"it-IT\",\"potentialAction\":[{\"@type\":\"ReadAction\",\"target\":[\"https:\/\/www.lmv.gr.ch\/produkt\/devieadi-dexplorazin-tras-la-svizra-sutsilvan\/\"]}]},{\"@type\":\"ImageObject\",\"inLanguage\":\"it-IT\",\"@id\":\"https:\/\/www.lmv.gr.ch\/produkt\/devieadi-dexplorazin-tras-la-svizra-sutsilvan\/#primaryimage\",\"url\":\"https:\/\/www.lmv.gr.ch\/wp-content\/uploads\/asolmerce\/image-978-3-03847-132-5.png\",\"contentUrl\":\"https:\/\/www.lmv.gr.ch\/wp-content\/uploads\/asolmerce\/image-978-3-03847-132-5.png\",\"width\":2480,\"height\":3508},{\"@type\":\"BreadcrumbList\",\"@id\":\"https:\/\/www.lmv.gr.ch\/produkt\/devieadi-dexplorazin-tras-la-svizra-sutsilvan\/#breadcrumb\",\"itemListElement\":[{\"@type\":\"ListItem\",\"position\":1,\"name\":\"Home\",\"item\":\"https:\/\/www.lmv.gr.ch\/\"},{\"@type\":\"ListItem\",\"position\":2,\"name\":\"Shop\",\"item\":\"https:\/\/www.lmv.gr.ch\/it\/shop\/\"},{\"@type\":\"ListItem\",\"position\":3,\"name\":\"Vieadi d\u2019explorazi\u00f9n tras la Svizra &#8211; sutsilvan\"}]},{\"@type\":\"WebSite\",\"@id\":\"https:\/\/www.lmv.gr.ch\/#website\",\"url\":\"https:\/\/www.lmv.gr.ch\/\",\"name\":\"Lehrmittel Graub\u00fcnden\",\"description\":\"Lehrmittel des Kantons Graub\u00fcnden\",\"potentialAction\":[{\"@type\":\"SearchAction\",\"target\":{\"@type\":\"EntryPoint\",\"urlTemplate\":\"https:\/\/www.lmv.gr.ch\/?s={search_term_string}\"},\"query-input\":{\"@type\":\"PropertyValueSpecification\",\"valueRequired\":true,\"valueName\":\"search_term_string\"}}],\"inLanguage\":\"it-IT\"}]}<\/script>\n<!-- \/ Yoast SEO plugin. -->","yoast_head_json":{"title":"Vieadi d\u2019explorazi\u00f9n tras la Svizra - sutsilvan - Lehrmittel Graub\u00fcnden","robots":{"index":"index","follow":"follow","max-snippet":"max-snippet:-1","max-image-preview":"max-image-preview:large","max-video-preview":"max-video-preview:-1"},"canonical":"https:\/\/www.lmv.gr.ch\/it\/produkt\/devieadi-dexplorazin-tras-la-svizra-sutsilvan\/","og_locale":"it_IT","og_type":"article","og_title":"Vieadi d\u2019explorazi\u00f9n tras la Svizra - sutsilvan - Lehrmittel Graub\u00fcnden","og_description":"Cun elavurar que carnet sametas tei sen egn vieadi d\u2019explorazi\u00f9n tras la Svizra, tut tanor igl moto: la veia e la fegnamira. Igl vieadi magna an mintga cant\u00f9n da la Svizra, tras las 4 regi\u00f9ns linguisticas, sur igls pass da las Alps, tier lais a flems sco ear an martgieus a vischn\u00e0ncas. Tei veans dant\u00e0nt betga me a vagnir a saver blear digl tains dad oz, mobagn sametas ear sen egn vieadi tras igl tains anavos antocen agl tains da crap.&nbsp;Co tei lavuras cun que carnet vean&nbsp; surscho a tgei ad a la tia classa. Tei sas studagear post par post a schliear las leztgas latier near tschearner la ti\u2019atgna suczessi\u00f9n. Antscheva dant\u00e0nt cugl post 1. Qua sas tei nudar gl\u2019amprem la tia presavida.Par capir igl cuntegn digls posts 14 antocen 26 davart l\u2019istorgia da la Svizra fa\u2019gl sen, scha tei elavuras gl\u2019amprem igls posts 2 antocen 13 agl conex cun la geografeia da la Svizra. Partge me scha tei sas noua ca tge cant\u00f9n satgata, sas tei ear capir igl svilup da la Svizra dad oz.***Per lavurar cun il carnet tematic vegn duvrada ina charta da scola svizra u l'access ad ina charta online.Material supplementar (mo per persunas d'instrucziun)Per retrair material supplementar gratuit en rumantsch u en talian As annunziai per plaschair per e-mail sut: lmv@avs.gr.ch","og_url":"https:\/\/www.lmv.gr.ch\/produkt\/devieadi-dexplorazin-tras-la-svizra-sutsilvan\/","og_site_name":"Lehrmittel Graub\u00fcnden","article_modified_time":"2026-01-08T00:55:52+00:00","og_image":[{"width":724,"height":1024,"url":"https:\/\/www.lmv.gr.ch\/wp-content\/uploads\/asolmerce\/image-978-3-03847-132-5-724x1024.png","type":"image\/png"}],"twitter_misc":{"Tempo di lettura stimato":"1 minuto"},"schema":{"@context":"https:\/\/schema.org","@graph":[{"@type":"WebPage","@id":"https:\/\/www.lmv.gr.ch\/produkt\/devieadi-dexplorazin-tras-la-svizra-sutsilvan\/","url":"https:\/\/www.lmv.gr.ch\/produkt\/devieadi-dexplorazin-tras-la-svizra-sutsilvan\/","name":"Vieadi d\u2019explorazi\u00f9n tras la Svizra - sutsilvan - Lehrmittel Graub\u00fcnden","isPartOf":{"@id":"https:\/\/www.lmv.gr.ch\/#website"},"primaryImageOfPage":{"@id":"https:\/\/www.lmv.gr.ch\/produkt\/devieadi-dexplorazin-tras-la-svizra-sutsilvan\/#primaryimage"},"image":{"@id":"https:\/\/www.lmv.gr.ch\/produkt\/devieadi-dexplorazin-tras-la-svizra-sutsilvan\/#primaryimage"},"thumbnailUrl":"https:\/\/www.lmv.gr.ch\/wp-content\/uploads\/asolmerce\/image-978-3-03847-132-5.png","datePublished":"2026-01-07T23:54:51+00:00","dateModified":"2026-01-08T00:55:52+00:00","breadcrumb":{"@id":"https:\/\/www.lmv.gr.ch\/produkt\/devieadi-dexplorazin-tras-la-svizra-sutsilvan\/#breadcrumb"},"inLanguage":"it-IT","potentialAction":[{"@type":"ReadAction","target":["https:\/\/www.lmv.gr.ch\/produkt\/devieadi-dexplorazin-tras-la-svizra-sutsilvan\/"]}]},{"@type":"ImageObject","inLanguage":"it-IT","@id":"https:\/\/www.lmv.gr.ch\/produkt\/devieadi-dexplorazin-tras-la-svizra-sutsilvan\/#primaryimage","url":"https:\/\/www.lmv.gr.ch\/wp-content\/uploads\/asolmerce\/image-978-3-03847-132-5.png","contentUrl":"https:\/\/www.lmv.gr.ch\/wp-content\/uploads\/asolmerce\/image-978-3-03847-132-5.png","width":2480,"height":3508},{"@type":"BreadcrumbList","@id":"https:\/\/www.lmv.gr.ch\/produkt\/devieadi-dexplorazin-tras-la-svizra-sutsilvan\/#breadcrumb","itemListElement":[{"@type":"ListItem","position":1,"name":"Home","item":"https:\/\/www.lmv.gr.ch\/"},{"@type":"ListItem","position":2,"name":"Shop","item":"https:\/\/www.lmv.gr.ch\/it\/shop\/"},{"@type":"ListItem","position":3,"name":"Vieadi d\u2019explorazi\u00f9n tras la Svizra &#8211; sutsilvan"}]},{"@type":"WebSite","@id":"https:\/\/www.lmv.gr.ch\/#website","url":"https:\/\/www.lmv.gr.ch\/","name":"Lehrmittel Graub\u00fcnden","description":"Lehrmittel des Kantons Graub\u00fcnden","potentialAction":[{"@type":"SearchAction","target":{"@type":"EntryPoint","urlTemplate":"https:\/\/www.lmv.gr.ch\/?s={search_term_string}"},"query-input":{"@type":"PropertyValueSpecification","valueRequired":true,"valueName":"search_term_string"}}],"inLanguage":"it-IT"}]}},"_links":{"self":[{"href":"https:\/\/www.lmv.gr.ch\/it\/wp-json\/wp\/v2\/product\/81320","targetHints":{"allow":["GET"]}}],"collection":[{"href":"https:\/\/www.lmv.gr.ch\/it\/wp-json\/wp\/v2\/product"}],"about":[{"href":"https:\/\/www.lmv.gr.ch\/it\/wp-json\/wp\/v2\/types\/product"}],"replies":[{"embeddable":true,"href":"https:\/\/www.lmv.gr.ch\/it\/wp-json\/wp\/v2\/comments?post=81320"}],"wp:featuredmedia":[{"embeddable":true,"href":"https:\/\/www.lmv.gr.ch\/it\/wp-json\/wp\/v2\/media\/81565"}],"wp:attachment":[{"href":"https:\/\/www.lmv.gr.ch\/it\/wp-json\/wp\/v2\/media?parent=81320"}],"wp:term":[{"taxonomy":"product_cat","embeddable":true,"href":"https:\/\/www.lmv.gr.ch\/it\/wp-json\/wp\/v2\/product_cat?post=81320"},{"taxonomy":"product_tag","embeddable":true,"href":"https:\/\/www.lmv.gr.ch\/it\/wp-json\/wp\/v2\/product_tag?post=81320"}],"curies":[{"name":"wp","href":"https:\/\/api.w.org\/{rel}","templated":true}]}}