{"id":77621,"date":"2026-01-07T23:54:37","date_gmt":"2026-01-07T23:54:37","guid":{"rendered":"https:\/\/www.lmv.gr.ch\/gesamtverzeichnis\/unterrichtseinheiten-ordner-fuer-den-sportunterricht-3\/"},"modified":"2026-01-08T02:55:37","modified_gmt":"2026-01-08T00:55:37","slug":"desport-im-kindergarten","status":"publish","type":"product","link":"https:\/\/www.lmv.gr.ch\/it\/produkt\/desport-im-kindergarten\/","title":{"rendered":"Sport im Kindergarten"},"content":{"rendered":"<p class=\"qtranxs-available-languages-message qtranxs-available-languages-message-it\">Ci spiace, ma questo articolo \u00e8 disponibile soltanto in <a href=\"https:\/\/www.lmv.gr.ch\/de\/wp-json\/wp\/v2\/product\/77621\" class=\"qtranxs-available-language-link qtranxs-available-language-link-de\" title=\"Deutsch\">Deutsch<\/a>.<\/p><p><\/p>\n<div>Basierend auf der Empfehlung des Amts f\u00fcr Volksschule und Sport, im Kindergarten zwei Wochenlektionen auf Sportanlagen durchzuf\u00fchren, umfasst das Unterrichtsmittel rund 70 Lektionen.&nbsp;<\/div>\n<div><\/div>\n<div>Mit dem Unterrichtsmittel werden folgende Ziele verfolgt:<\/div>\n<div>\u2013 Unterst\u00fctzung der Kindergartenlehrperson im Bereich Sporterziehung<\/div>\n<div>\u2013 Abdeckung von f\u00fcnf Kompetenzbereichen des Lehrplans 21<\/div>\n<div>\u2013 Qualit\u00e4tssicherung aufgrund Jahresplanung gem\u00e4ss Lehrplan 21<\/div>\n<div>\u2013 Den Kindern altersgerechte und vielf\u00e4ltige Bewegungserlebnisse erm\u00f6glichen und den Zugang zum Sport erleichtern<\/div>\n<p><\/p>\n<div class=\"synved-social-container synved-social-container-follow\" style=\"text-align: right\"><a class=\"synved-social-button synved-social-button-follow synved-social-size-24 synved-social-resolution-normal synved-social-provider-facebook nolightbox\" data-provider=\"facebook\" target=\"_blank\" rel=\"nofollow\" title=\"Follow us on Facebook\" href=\"https:\/\/www.facebook.com\/facebook\" style=\"font-size: 0px;width:24px;height:24px;margin:0;margin-bottom:5px;margin-right:5px\"><img loading=\"lazy\" decoding=\"async\" alt=\"Facebook\" title=\"Follow us on Facebook\" class=\"synved-share-image synved-social-image synved-social-image-follow\" width=\"24\" height=\"24\" style=\"display: inline;width:24px;height:24px;margin: 0;padding: 0;border: none;box-shadow: none\" src=\"https:\/\/www.lmv.gr.ch\/wp-content\/plugins\/social-media-feather\/synved-social\/image\/social\/regular\/24x24\/facebook.png\" \/><\/a><a class=\"synved-social-button synved-social-button-follow synved-social-size-24 synved-social-resolution-normal synved-social-provider-twitter nolightbox\" data-provider=\"twitter\" target=\"_blank\" rel=\"nofollow\" title=\"Follow us on Twitter\" href=\"https:\/\/twitter.com\/twitter\" style=\"font-size: 0px;width:24px;height:24px;margin:0;margin-bottom:5px;margin-right:5px\"><img loading=\"lazy\" decoding=\"async\" alt=\"twitter\" title=\"Follow us on Twitter\" class=\"synved-share-image synved-social-image synved-social-image-follow\" width=\"24\" height=\"24\" style=\"display: inline;width:24px;height:24px;margin: 0;padding: 0;border: none;box-shadow: none\" src=\"https:\/\/www.lmv.gr.ch\/wp-content\/plugins\/social-media-feather\/synved-social\/image\/social\/regular\/24x24\/twitter.png\" \/><\/a><a class=\"synved-social-button synved-social-button-follow synved-social-size-24 synved-social-resolution-normal synved-social-provider-linkedin nolightbox\" data-provider=\"linkedin\" target=\"_blank\" rel=\"nofollow\" title=\"Find us on Linkedin\" href=\"https:\/\/www.linkedin.com\/in\/yourid\" style=\"font-size: 0px;width:24px;height:24px;margin:0;margin-bottom:5px;margin-right:5px\"><img loading=\"lazy\" decoding=\"async\" alt=\"linkedin\" title=\"Find us on Linkedin\" class=\"synved-share-image synved-social-image synved-social-image-follow\" width=\"24\" height=\"24\" style=\"display: inline;width:24px;height:24px;margin: 0;padding: 0;border: none;box-shadow: none\" src=\"https:\/\/www.lmv.gr.ch\/wp-content\/plugins\/social-media-feather\/synved-social\/image\/social\/regular\/24x24\/linkedin.png\" \/><\/a><a class=\"synved-social-button synved-social-button-follow synved-social-size-24 synved-social-resolution-normal synved-social-provider-rss nolightbox\" data-provider=\"rss\" target=\"_blank\" rel=\"nofollow\" title=\"Subscribe to our RSS Feed\" href=\"https:\/\/feeds.feedburner.com\/MyFeedName\" style=\"font-size: 0px;width:24px;height:24px;margin:0;margin-bottom:5px;margin-right:5px\"><img loading=\"lazy\" decoding=\"async\" alt=\"rss\" title=\"Subscribe to our RSS Feed\" class=\"synved-share-image synved-social-image synved-social-image-follow\" width=\"24\" height=\"24\" style=\"display: inline;width:24px;height:24px;margin: 0;padding: 0;border: none;box-shadow: none\" src=\"https:\/\/www.lmv.gr.ch\/wp-content\/plugins\/social-media-feather\/synved-social\/image\/social\/regular\/24x24\/rss.png\" \/><\/a><a class=\"synved-social-button synved-social-button-follow synved-social-size-24 synved-social-resolution-normal synved-social-provider-youtube nolightbox\" data-provider=\"youtube\" target=\"_blank\" rel=\"nofollow\" title=\"Find us on YouTube\" href=\"https:\/\/www.youtube.com\/MyYouTubeName\" style=\"font-size: 0px;width:24px;height:24px;margin:0;margin-bottom:5px\"><img loading=\"lazy\" decoding=\"async\" alt=\"youtube\" title=\"Find us on YouTube\" class=\"synved-share-image synved-social-image synved-social-image-follow\" width=\"24\" height=\"24\" style=\"display: inline;width:24px;height:24px;margin: 0;padding: 0;border: none;box-shadow: none\" src=\"https:\/\/www.lmv.gr.ch\/wp-content\/plugins\/social-media-feather\/synved-social\/image\/social\/regular\/24x24\/youtube.png\" \/><\/a><a class=\"synved-social-button synved-social-button-follow synved-social-size-24 synved-social-resolution-hidef synved-social-provider-facebook nolightbox\" data-provider=\"facebook\" target=\"_blank\" rel=\"nofollow\" title=\"Follow us on Facebook\" href=\"https:\/\/www.facebook.com\/facebook\" style=\"font-size: 0px;width:24px;height:24px;margin:0;margin-bottom:5px;margin-right:5px\"><img loading=\"lazy\" decoding=\"async\" alt=\"Facebook\" title=\"Follow us on Facebook\" class=\"synved-share-image synved-social-image synved-social-image-follow\" width=\"24\" height=\"24\" style=\"display: inline;width:24px;height:24px;margin: 0;padding: 0;border: none;box-shadow: none\" src=\"https:\/\/www.lmv.gr.ch\/wp-content\/plugins\/social-media-feather\/synved-social\/image\/social\/regular\/48x48\/facebook.png\" \/><\/a><a class=\"synved-social-button synved-social-button-follow synved-social-size-24 synved-social-resolution-hidef synved-social-provider-twitter nolightbox\" data-provider=\"twitter\" target=\"_blank\" rel=\"nofollow\" title=\"Follow us on Twitter\" href=\"https:\/\/twitter.com\/twitter\" style=\"font-size: 0px;width:24px;height:24px;margin:0;margin-bottom:5px;margin-right:5px\"><img loading=\"lazy\" decoding=\"async\" alt=\"twitter\" title=\"Follow us on Twitter\" class=\"synved-share-image synved-social-image synved-social-image-follow\" width=\"24\" height=\"24\" style=\"display: inline;width:24px;height:24px;margin: 0;padding: 0;border: none;box-shadow: none\" src=\"https:\/\/www.lmv.gr.ch\/wp-content\/plugins\/social-media-feather\/synved-social\/image\/social\/regular\/48x48\/twitter.png\" \/><\/a><a class=\"synved-social-button synved-social-button-follow synved-social-size-24 synved-social-resolution-hidef synved-social-provider-linkedin nolightbox\" data-provider=\"linkedin\" target=\"_blank\" rel=\"nofollow\" title=\"Find us on Linkedin\" href=\"https:\/\/www.linkedin.com\/in\/yourid\" style=\"font-size: 0px;width:24px;height:24px;margin:0;margin-bottom:5px;margin-right:5px\"><img loading=\"lazy\" decoding=\"async\" alt=\"linkedin\" title=\"Find us on Linkedin\" class=\"synved-share-image synved-social-image synved-social-image-follow\" width=\"24\" height=\"24\" style=\"display: inline;width:24px;height:24px;margin: 0;padding: 0;border: none;box-shadow: none\" src=\"https:\/\/www.lmv.gr.ch\/wp-content\/plugins\/social-media-feather\/synved-social\/image\/social\/regular\/48x48\/linkedin.png\" \/><\/a><a class=\"synved-social-button synved-social-button-follow synved-social-size-24 synved-social-resolution-hidef synved-social-provider-rss nolightbox\" data-provider=\"rss\" target=\"_blank\" rel=\"nofollow\" title=\"Subscribe to our RSS Feed\" href=\"https:\/\/feeds.feedburner.com\/MyFeedName\" style=\"font-size: 0px;width:24px;height:24px;margin:0;margin-bottom:5px;margin-right:5px\"><img loading=\"lazy\" decoding=\"async\" alt=\"rss\" title=\"Subscribe to our RSS Feed\" class=\"synved-share-image synved-social-image synved-social-image-follow\" width=\"24\" height=\"24\" style=\"display: inline;width:24px;height:24px;margin: 0;padding: 0;border: none;box-shadow: none\" src=\"https:\/\/www.lmv.gr.ch\/wp-content\/plugins\/social-media-feather\/synved-social\/image\/social\/regular\/48x48\/rss.png\" \/><\/a><a class=\"synved-social-button synved-social-button-follow synved-social-size-24 synved-social-resolution-hidef synved-social-provider-youtube nolightbox\" data-provider=\"youtube\" target=\"_blank\" rel=\"nofollow\" title=\"Find us on YouTube\" href=\"https:\/\/www.youtube.com\/MyYouTubeName\" style=\"font-size: 0px;width:24px;height:24px;margin:0;margin-bottom:5px\"><img loading=\"lazy\" decoding=\"async\" alt=\"youtube\" title=\"Find us on YouTube\" class=\"synved-share-image synved-social-image synved-social-image-follow\" width=\"24\" height=\"24\" style=\"display: inline;width:24px;height:24px;margin: 0;padding: 0;border: none;box-shadow: none\" src=\"https:\/\/www.lmv.gr.ch\/wp-content\/plugins\/social-media-feather\/synved-social\/image\/social\/regular\/48x48\/youtube.png\" \/><\/a><\/div>","protected":false},"excerpt":{"rendered":"<p class=\"qtranxs-available-languages-message qtranxs-available-languages-message-it\">Ci spiace, ma questo articolo \u00e8 disponibile soltanto in <a href=\"https:\/\/www.lmv.gr.ch\/de\/wp-json\/wp\/v2\/product\/77621\" class=\"qtranxs-available-language-link qtranxs-available-language-link-de\" title=\"Deutsch\">Deutsch<\/a>.<\/p>\n<div>Basierend auf der Empfehlung des Amts f\u00fcr Volksschule und Sport, im Kindergarten zwei Wochenlektionen auf Sportanlagen durchzuf\u00fchren, umfasst das Unterrichtsmittel rund 70 Lektionen.&nbsp;<\/div>\n<div><\/div>\n<div>Mit dem Unterrichtsmittel werden folgende Ziele verfolgt:<\/div>\n<div>\u2013 Unterst\u00fctzung der Kindergartenlehrperson im Bereich Sporterziehung<\/div>\n<div>\u2013 Abdeckung von f\u00fcnf Kompetenzbereichen des Lehrplans 21<\/div>\n<div>\u2013 Qualit\u00e4tssicherung aufgrund Jahresplanung gem\u00e4ss Lehrplan 21<\/div>\n<div>\u2013 Den Kindern altersgerechte und vielf\u00e4ltige Bewegungserlebnisse erm\u00f6glichen und den Zugang zum Sport erleichtern<\/div>\n","protected":false},"featured_media":77623,"comment_status":"closed","ping_status":"closed","template":"","meta":[],"product_cat":[4157],"product_tag":[],"class_list":["post-77621","product","type-product","status-publish","has-post-thumbnail","hentry","product_cat-deutsch-bewegung-und-sport","edition-eigenverlag"],"acf":[],"yoast_head":"<!-- This site is optimized with the Yoast SEO plugin v24.6 - https:\/\/yoast.com\/wordpress\/plugins\/seo\/ -->\n<title>Sport im Kindergarten - Lehrmittel Graub\u00fcnden<\/title>\n<meta name=\"robots\" content=\"index, follow, max-snippet:-1, max-image-preview:large, max-video-preview:-1\" \/>\n<link rel=\"canonical\" href=\"https:\/\/www.lmv.gr.ch\/it\/produkt\/desport-im-kindergarten\/\" \/>\n<meta property=\"og:locale\" content=\"it_IT\" \/>\n<meta property=\"og:type\" content=\"article\" \/>\n<meta property=\"og:title\" content=\"Sport im Kindergarten - Lehrmittel Graub\u00fcnden\" \/>\n<meta property=\"og:description\" content=\"Basierend auf der Empfehlung des Amts f\u00fcr Volksschule und Sport, im Kindergarten zwei Wochenlektionen auf Sportanlagen durchzuf\u00fchren, umfasst das Unterrichtsmittel rund 70 Lektionen.&nbsp;Mit dem Unterrichtsmittel werden folgende Ziele verfolgt:\u2013 Unterst\u00fctzung der Kindergartenlehrperson im Bereich Sporterziehung\u2013 Abdeckung von f\u00fcnf Kompetenzbereichen des Lehrplans 21\u2013 Qualit\u00e4tssicherung aufgrund Jahresplanung gem\u00e4ss Lehrplan 21\u2013 Den Kindern altersgerechte und vielf\u00e4ltige Bewegungserlebnisse erm\u00f6glichen und den Zugang zum Sport erleichtern\" \/>\n<meta property=\"og:url\" content=\"https:\/\/www.lmv.gr.ch\/produkt\/desport-im-kindergarten\/\" \/>\n<meta property=\"og:site_name\" content=\"Lehrmittel Graub\u00fcnden\" \/>\n<meta property=\"article:modified_time\" content=\"2026-01-08T00:55:37+00:00\" \/>\n<meta property=\"og:image\" content=\"https:\/\/www.lmv.gr.ch\/wp-content\/uploads\/asolmerce\/image-12101213.png\" \/>\n\t<meta property=\"og:image:width\" content=\"600\" \/>\n\t<meta property=\"og:image:height\" content=\"850\" \/>\n\t<meta property=\"og:image:type\" content=\"image\/png\" \/>\n<script type=\"application\/ld+json\" class=\"yoast-schema-graph\">{\"@context\":\"https:\/\/schema.org\",\"@graph\":[{\"@type\":\"WebPage\",\"@id\":\"https:\/\/www.lmv.gr.ch\/produkt\/desport-im-kindergarten\/\",\"url\":\"https:\/\/www.lmv.gr.ch\/produkt\/desport-im-kindergarten\/\",\"name\":\"Sport im Kindergarten - Lehrmittel Graub\u00fcnden\",\"isPartOf\":{\"@id\":\"https:\/\/www.lmv.gr.ch\/#website\"},\"primaryImageOfPage\":{\"@id\":\"https:\/\/www.lmv.gr.ch\/produkt\/desport-im-kindergarten\/#primaryimage\"},\"image\":{\"@id\":\"https:\/\/www.lmv.gr.ch\/produkt\/desport-im-kindergarten\/#primaryimage\"},\"thumbnailUrl\":\"https:\/\/www.lmv.gr.ch\/wp-content\/uploads\/asolmerce\/image-12101213.png\",\"datePublished\":\"2026-01-07T23:54:37+00:00\",\"dateModified\":\"2026-01-08T00:55:37+00:00\",\"breadcrumb\":{\"@id\":\"https:\/\/www.lmv.gr.ch\/produkt\/desport-im-kindergarten\/#breadcrumb\"},\"inLanguage\":\"it-IT\",\"potentialAction\":[{\"@type\":\"ReadAction\",\"target\":[\"https:\/\/www.lmv.gr.ch\/produkt\/desport-im-kindergarten\/\"]}]},{\"@type\":\"ImageObject\",\"inLanguage\":\"it-IT\",\"@id\":\"https:\/\/www.lmv.gr.ch\/produkt\/desport-im-kindergarten\/#primaryimage\",\"url\":\"https:\/\/www.lmv.gr.ch\/wp-content\/uploads\/asolmerce\/image-12101213.png\",\"contentUrl\":\"https:\/\/www.lmv.gr.ch\/wp-content\/uploads\/asolmerce\/image-12101213.png\",\"width\":600,\"height\":850},{\"@type\":\"BreadcrumbList\",\"@id\":\"https:\/\/www.lmv.gr.ch\/produkt\/desport-im-kindergarten\/#breadcrumb\",\"itemListElement\":[{\"@type\":\"ListItem\",\"position\":1,\"name\":\"Home\",\"item\":\"https:\/\/www.lmv.gr.ch\/\"},{\"@type\":\"ListItem\",\"position\":2,\"name\":\"Shop\",\"item\":\"https:\/\/www.lmv.gr.ch\/it\/shop\/\"},{\"@type\":\"ListItem\",\"position\":3,\"name\":\"Sport im Kindergarten\"}]},{\"@type\":\"WebSite\",\"@id\":\"https:\/\/www.lmv.gr.ch\/#website\",\"url\":\"https:\/\/www.lmv.gr.ch\/\",\"name\":\"Lehrmittel Graub\u00fcnden\",\"description\":\"Lehrmittel des Kantons Graub\u00fcnden\",\"potentialAction\":[{\"@type\":\"SearchAction\",\"target\":{\"@type\":\"EntryPoint\",\"urlTemplate\":\"https:\/\/www.lmv.gr.ch\/?s={search_term_string}\"},\"query-input\":{\"@type\":\"PropertyValueSpecification\",\"valueRequired\":true,\"valueName\":\"search_term_string\"}}],\"inLanguage\":\"it-IT\"}]}<\/script>\n<!-- \/ Yoast SEO plugin. -->","yoast_head_json":{"title":"Sport im Kindergarten - Lehrmittel Graub\u00fcnden","robots":{"index":"index","follow":"follow","max-snippet":"max-snippet:-1","max-image-preview":"max-image-preview:large","max-video-preview":"max-video-preview:-1"},"canonical":"https:\/\/www.lmv.gr.ch\/it\/produkt\/desport-im-kindergarten\/","og_locale":"it_IT","og_type":"article","og_title":"Sport im Kindergarten - Lehrmittel Graub\u00fcnden","og_description":"Basierend auf der Empfehlung des Amts f\u00fcr Volksschule und Sport, im Kindergarten zwei Wochenlektionen auf Sportanlagen durchzuf\u00fchren, umfasst das Unterrichtsmittel rund 70 Lektionen.&nbsp;Mit dem Unterrichtsmittel werden folgende Ziele verfolgt:\u2013 Unterst\u00fctzung der Kindergartenlehrperson im Bereich Sporterziehung\u2013 Abdeckung von f\u00fcnf Kompetenzbereichen des Lehrplans 21\u2013 Qualit\u00e4tssicherung aufgrund Jahresplanung gem\u00e4ss Lehrplan 21\u2013 Den Kindern altersgerechte und vielf\u00e4ltige Bewegungserlebnisse erm\u00f6glichen und den Zugang zum Sport erleichtern","og_url":"https:\/\/www.lmv.gr.ch\/produkt\/desport-im-kindergarten\/","og_site_name":"Lehrmittel Graub\u00fcnden","article_modified_time":"2026-01-08T00:55:37+00:00","og_image":[{"width":600,"height":850,"url":"https:\/\/www.lmv.gr.ch\/wp-content\/uploads\/asolmerce\/image-12101213.png","type":"image\/png"}],"schema":{"@context":"https:\/\/schema.org","@graph":[{"@type":"WebPage","@id":"https:\/\/www.lmv.gr.ch\/produkt\/desport-im-kindergarten\/","url":"https:\/\/www.lmv.gr.ch\/produkt\/desport-im-kindergarten\/","name":"Sport im Kindergarten - Lehrmittel Graub\u00fcnden","isPartOf":{"@id":"https:\/\/www.lmv.gr.ch\/#website"},"primaryImageOfPage":{"@id":"https:\/\/www.lmv.gr.ch\/produkt\/desport-im-kindergarten\/#primaryimage"},"image":{"@id":"https:\/\/www.lmv.gr.ch\/produkt\/desport-im-kindergarten\/#primaryimage"},"thumbnailUrl":"https:\/\/www.lmv.gr.ch\/wp-content\/uploads\/asolmerce\/image-12101213.png","datePublished":"2026-01-07T23:54:37+00:00","dateModified":"2026-01-08T00:55:37+00:00","breadcrumb":{"@id":"https:\/\/www.lmv.gr.ch\/produkt\/desport-im-kindergarten\/#breadcrumb"},"inLanguage":"it-IT","potentialAction":[{"@type":"ReadAction","target":["https:\/\/www.lmv.gr.ch\/produkt\/desport-im-kindergarten\/"]}]},{"@type":"ImageObject","inLanguage":"it-IT","@id":"https:\/\/www.lmv.gr.ch\/produkt\/desport-im-kindergarten\/#primaryimage","url":"https:\/\/www.lmv.gr.ch\/wp-content\/uploads\/asolmerce\/image-12101213.png","contentUrl":"https:\/\/www.lmv.gr.ch\/wp-content\/uploads\/asolmerce\/image-12101213.png","width":600,"height":850},{"@type":"BreadcrumbList","@id":"https:\/\/www.lmv.gr.ch\/produkt\/desport-im-kindergarten\/#breadcrumb","itemListElement":[{"@type":"ListItem","position":1,"name":"Home","item":"https:\/\/www.lmv.gr.ch\/"},{"@type":"ListItem","position":2,"name":"Shop","item":"https:\/\/www.lmv.gr.ch\/it\/shop\/"},{"@type":"ListItem","position":3,"name":"Sport im Kindergarten"}]},{"@type":"WebSite","@id":"https:\/\/www.lmv.gr.ch\/#website","url":"https:\/\/www.lmv.gr.ch\/","name":"Lehrmittel Graub\u00fcnden","description":"Lehrmittel des Kantons Graub\u00fcnden","potentialAction":[{"@type":"SearchAction","target":{"@type":"EntryPoint","urlTemplate":"https:\/\/www.lmv.gr.ch\/?s={search_term_string}"},"query-input":{"@type":"PropertyValueSpecification","valueRequired":true,"valueName":"search_term_string"}}],"inLanguage":"it-IT"}]}},"_links":{"self":[{"href":"https:\/\/www.lmv.gr.ch\/it\/wp-json\/wp\/v2\/product\/77621","targetHints":{"allow":["GET"]}}],"collection":[{"href":"https:\/\/www.lmv.gr.ch\/it\/wp-json\/wp\/v2\/product"}],"about":[{"href":"https:\/\/www.lmv.gr.ch\/it\/wp-json\/wp\/v2\/types\/product"}],"replies":[{"embeddable":true,"href":"https:\/\/www.lmv.gr.ch\/it\/wp-json\/wp\/v2\/comments?post=77621"}],"wp:featuredmedia":[{"embeddable":true,"href":"https:\/\/www.lmv.gr.ch\/it\/wp-json\/wp\/v2\/media\/77623"}],"wp:attachment":[{"href":"https:\/\/www.lmv.gr.ch\/it\/wp-json\/wp\/v2\/media?parent=77621"}],"wp:term":[{"taxonomy":"product_cat","embeddable":true,"href":"https:\/\/www.lmv.gr.ch\/it\/wp-json\/wp\/v2\/product_cat?post=77621"},{"taxonomy":"product_tag","embeddable":true,"href":"https:\/\/www.lmv.gr.ch\/it\/wp-json\/wp\/v2\/product_tag?post=77621"}],"curies":[{"name":"wp","href":"https:\/\/api.w.org\/{rel}","templated":true}]}}