{"id":72105,"date":"2026-01-07T23:53:26","date_gmt":"2026-01-07T23:53:26","guid":{"rendered":"https:\/\/www.lmv.gr.ch\/gesamtverzeichnis\/il-mistero-di-icima-letture-2\/"},"modified":"2026-01-08T02:54:26","modified_gmt":"2026-01-08T00:54:26","slug":"deil-mistero-di-icima-letture","status":"publish","type":"product","link":"https:\/\/www.lmv.gr.ch\/it\/produkt\/deil-mistero-di-icima-letture\/","title":{"rendered":"Il mistero di Icima, Letture"},"content":{"rendered":"<p class=\"qtranxs-available-languages-message qtranxs-available-languages-message-it\">Ci spiace, ma questo articolo \u00e8 disponibile soltanto in <a href=\"https:\/\/www.lmv.gr.ch\/de\/wp-json\/wp\/v2\/product\/72105\" class=\"qtranxs-available-language-link qtranxs-available-language-link-de\" title=\"Deutsch\">Deutsch<\/a>.<\/p><p>letture brevi con relativi esercizi di comprensione testuale<\/p>\n<p>Con queste letture si intende proporre agli insegnanti degli strumenti linguistici adatti a promuovere nelle allieve e negli allievi le abilit\u00e0 di lettura e di comprensione testuale.<br \/>\n Le dieci letture qui proposte accompagnano il mezzo didattico e possono essere impiegate come attivit\u00e0 complementare a Grandi amici.<br \/>\n I testi sono stati creati partendo da un lessico elementare e progredendo in concordanza con le nuove parole introdotte man mano nelle singole unit\u00e0 di Grandi amici. Ovviamente \u00e8 stato necessario introdurre anche entrate lessicali nuove. Queste sono indicate nel rispettivo Lessico che accompagna ogni singola lettura. Per invogliare le allieve e gli allievi alla lettura in lingua italiana, si \u00e8 optato per dei testi fantasiosi e divertenti. Si tratta per lo pi\u00f9 di personaggi fantastici e particolari, che fanno parte del mondo dei bambini e dei ragazzi in et\u00e0 scolastica. Leggendo si pu\u00f2 fare ad esempio la conoscenza di maghi un poco strani, di un nonno pieno di brio, di un bambino che perde sempre le sue cose o di pirati che vanno a scuola, ma \u00e8 una scuola molto particolare, dove si impara a trovare dei tesori e si fa ginnastica su una nave.<\/p>\n<div class=\"synved-social-container synved-social-container-follow\" style=\"text-align: right\"><a class=\"synved-social-button synved-social-button-follow synved-social-size-24 synved-social-resolution-normal synved-social-provider-facebook nolightbox\" data-provider=\"facebook\" target=\"_blank\" rel=\"nofollow\" title=\"Follow us on Facebook\" href=\"https:\/\/www.facebook.com\/facebook\" style=\"font-size: 0px;width:24px;height:24px;margin:0;margin-bottom:5px;margin-right:5px\"><img loading=\"lazy\" decoding=\"async\" alt=\"Facebook\" title=\"Follow us on Facebook\" class=\"synved-share-image synved-social-image synved-social-image-follow\" width=\"24\" height=\"24\" style=\"display: inline;width:24px;height:24px;margin: 0;padding: 0;border: none;box-shadow: none\" src=\"https:\/\/www.lmv.gr.ch\/wp-content\/plugins\/social-media-feather\/synved-social\/image\/social\/regular\/24x24\/facebook.png\" \/><\/a><a class=\"synved-social-button synved-social-button-follow synved-social-size-24 synved-social-resolution-normal synved-social-provider-twitter nolightbox\" data-provider=\"twitter\" target=\"_blank\" rel=\"nofollow\" title=\"Follow us on Twitter\" href=\"https:\/\/twitter.com\/twitter\" style=\"font-size: 0px;width:24px;height:24px;margin:0;margin-bottom:5px;margin-right:5px\"><img loading=\"lazy\" decoding=\"async\" alt=\"twitter\" title=\"Follow us on Twitter\" class=\"synved-share-image synved-social-image synved-social-image-follow\" width=\"24\" height=\"24\" style=\"display: inline;width:24px;height:24px;margin: 0;padding: 0;border: none;box-shadow: none\" src=\"https:\/\/www.lmv.gr.ch\/wp-content\/plugins\/social-media-feather\/synved-social\/image\/social\/regular\/24x24\/twitter.png\" \/><\/a><a class=\"synved-social-button synved-social-button-follow synved-social-size-24 synved-social-resolution-normal synved-social-provider-linkedin nolightbox\" data-provider=\"linkedin\" target=\"_blank\" rel=\"nofollow\" title=\"Find us on Linkedin\" href=\"https:\/\/www.linkedin.com\/in\/yourid\" style=\"font-size: 0px;width:24px;height:24px;margin:0;margin-bottom:5px;margin-right:5px\"><img loading=\"lazy\" decoding=\"async\" alt=\"linkedin\" title=\"Find us on Linkedin\" class=\"synved-share-image synved-social-image synved-social-image-follow\" width=\"24\" height=\"24\" style=\"display: inline;width:24px;height:24px;margin: 0;padding: 0;border: none;box-shadow: none\" src=\"https:\/\/www.lmv.gr.ch\/wp-content\/plugins\/social-media-feather\/synved-social\/image\/social\/regular\/24x24\/linkedin.png\" \/><\/a><a class=\"synved-social-button synved-social-button-follow synved-social-size-24 synved-social-resolution-normal synved-social-provider-rss nolightbox\" data-provider=\"rss\" target=\"_blank\" rel=\"nofollow\" title=\"Subscribe to our RSS Feed\" href=\"https:\/\/feeds.feedburner.com\/MyFeedName\" style=\"font-size: 0px;width:24px;height:24px;margin:0;margin-bottom:5px;margin-right:5px\"><img loading=\"lazy\" decoding=\"async\" alt=\"rss\" title=\"Subscribe to our RSS Feed\" class=\"synved-share-image synved-social-image synved-social-image-follow\" width=\"24\" height=\"24\" style=\"display: inline;width:24px;height:24px;margin: 0;padding: 0;border: none;box-shadow: none\" src=\"https:\/\/www.lmv.gr.ch\/wp-content\/plugins\/social-media-feather\/synved-social\/image\/social\/regular\/24x24\/rss.png\" \/><\/a><a class=\"synved-social-button synved-social-button-follow synved-social-size-24 synved-social-resolution-normal synved-social-provider-youtube nolightbox\" data-provider=\"youtube\" target=\"_blank\" rel=\"nofollow\" title=\"Find us on YouTube\" href=\"https:\/\/www.youtube.com\/MyYouTubeName\" style=\"font-size: 0px;width:24px;height:24px;margin:0;margin-bottom:5px\"><img loading=\"lazy\" decoding=\"async\" alt=\"youtube\" title=\"Find us on YouTube\" class=\"synved-share-image synved-social-image synved-social-image-follow\" width=\"24\" height=\"24\" style=\"display: inline;width:24px;height:24px;margin: 0;padding: 0;border: none;box-shadow: none\" src=\"https:\/\/www.lmv.gr.ch\/wp-content\/plugins\/social-media-feather\/synved-social\/image\/social\/regular\/24x24\/youtube.png\" \/><\/a><a class=\"synved-social-button synved-social-button-follow synved-social-size-24 synved-social-resolution-hidef synved-social-provider-facebook nolightbox\" data-provider=\"facebook\" target=\"_blank\" rel=\"nofollow\" title=\"Follow us on Facebook\" href=\"https:\/\/www.facebook.com\/facebook\" style=\"font-size: 0px;width:24px;height:24px;margin:0;margin-bottom:5px;margin-right:5px\"><img loading=\"lazy\" decoding=\"async\" alt=\"Facebook\" title=\"Follow us on Facebook\" class=\"synved-share-image synved-social-image synved-social-image-follow\" width=\"24\" height=\"24\" style=\"display: inline;width:24px;height:24px;margin: 0;padding: 0;border: none;box-shadow: none\" src=\"https:\/\/www.lmv.gr.ch\/wp-content\/plugins\/social-media-feather\/synved-social\/image\/social\/regular\/48x48\/facebook.png\" \/><\/a><a class=\"synved-social-button synved-social-button-follow synved-social-size-24 synved-social-resolution-hidef synved-social-provider-twitter nolightbox\" data-provider=\"twitter\" target=\"_blank\" rel=\"nofollow\" title=\"Follow us on Twitter\" href=\"https:\/\/twitter.com\/twitter\" style=\"font-size: 0px;width:24px;height:24px;margin:0;margin-bottom:5px;margin-right:5px\"><img loading=\"lazy\" decoding=\"async\" alt=\"twitter\" title=\"Follow us on Twitter\" class=\"synved-share-image synved-social-image synved-social-image-follow\" width=\"24\" height=\"24\" style=\"display: inline;width:24px;height:24px;margin: 0;padding: 0;border: none;box-shadow: none\" src=\"https:\/\/www.lmv.gr.ch\/wp-content\/plugins\/social-media-feather\/synved-social\/image\/social\/regular\/48x48\/twitter.png\" \/><\/a><a class=\"synved-social-button synved-social-button-follow synved-social-size-24 synved-social-resolution-hidef synved-social-provider-linkedin nolightbox\" data-provider=\"linkedin\" target=\"_blank\" rel=\"nofollow\" title=\"Find us on Linkedin\" href=\"https:\/\/www.linkedin.com\/in\/yourid\" style=\"font-size: 0px;width:24px;height:24px;margin:0;margin-bottom:5px;margin-right:5px\"><img loading=\"lazy\" decoding=\"async\" alt=\"linkedin\" title=\"Find us on Linkedin\" class=\"synved-share-image synved-social-image synved-social-image-follow\" width=\"24\" height=\"24\" style=\"display: inline;width:24px;height:24px;margin: 0;padding: 0;border: none;box-shadow: none\" src=\"https:\/\/www.lmv.gr.ch\/wp-content\/plugins\/social-media-feather\/synved-social\/image\/social\/regular\/48x48\/linkedin.png\" \/><\/a><a class=\"synved-social-button synved-social-button-follow synved-social-size-24 synved-social-resolution-hidef synved-social-provider-rss nolightbox\" data-provider=\"rss\" target=\"_blank\" rel=\"nofollow\" title=\"Subscribe to our RSS Feed\" href=\"https:\/\/feeds.feedburner.com\/MyFeedName\" style=\"font-size: 0px;width:24px;height:24px;margin:0;margin-bottom:5px;margin-right:5px\"><img loading=\"lazy\" decoding=\"async\" alt=\"rss\" title=\"Subscribe to our RSS Feed\" class=\"synved-share-image synved-social-image synved-social-image-follow\" width=\"24\" height=\"24\" style=\"display: inline;width:24px;height:24px;margin: 0;padding: 0;border: none;box-shadow: none\" src=\"https:\/\/www.lmv.gr.ch\/wp-content\/plugins\/social-media-feather\/synved-social\/image\/social\/regular\/48x48\/rss.png\" \/><\/a><a class=\"synved-social-button synved-social-button-follow synved-social-size-24 synved-social-resolution-hidef synved-social-provider-youtube nolightbox\" data-provider=\"youtube\" target=\"_blank\" rel=\"nofollow\" title=\"Find us on YouTube\" href=\"https:\/\/www.youtube.com\/MyYouTubeName\" style=\"font-size: 0px;width:24px;height:24px;margin:0;margin-bottom:5px\"><img loading=\"lazy\" decoding=\"async\" alt=\"youtube\" title=\"Find us on YouTube\" class=\"synved-share-image synved-social-image synved-social-image-follow\" width=\"24\" height=\"24\" style=\"display: inline;width:24px;height:24px;margin: 0;padding: 0;border: none;box-shadow: none\" src=\"https:\/\/www.lmv.gr.ch\/wp-content\/plugins\/social-media-feather\/synved-social\/image\/social\/regular\/48x48\/youtube.png\" \/><\/a><\/div>","protected":false},"excerpt":{"rendered":"<p class=\"qtranxs-available-languages-message qtranxs-available-languages-message-it\">Ci spiace, ma questo articolo \u00e8 disponibile soltanto in <a href=\"https:\/\/www.lmv.gr.ch\/de\/wp-json\/wp\/v2\/product\/72105\" class=\"qtranxs-available-language-link qtranxs-available-language-link-de\" title=\"Deutsch\">Deutsch<\/a>.<\/p>\n<p>letture brevi con relativi esercizi di comprensione testuale<\/p>\n<p>Con queste letture si intende proporre agli insegnanti degli strumenti linguistici adatti a promuovere nelle allieve e negli allievi le abilit\u00e0 di lettura e di comprensione testuale.<br \/>\n Le dieci letture qui proposte accompagnano il mezzo didattico e possono essere impiegate come attivit\u00e0 complementare a Grandi amici.<br \/>\n I testi sono stati creati partendo da un lessico elementare e progredendo in concordanza con le nuove parole introdotte man mano nelle singole unit\u00e0 di Grandi amici. Ovviamente \u00e8 stato necessario introdurre anche entrate lessicali nuove. Queste sono indicate nel rispettivo Lessico che accompagna ogni singola lettura. Per invogliare le allieve e gli allievi alla lettura in lingua italiana, si \u00e8 optato per dei testi fantasiosi e divertenti. Si tratta per lo pi\u00f9 di personaggi fantastici e particolari, che fanno parte del mondo dei bambini e dei ragazzi in et\u00e0 scolastica. Leggendo si pu\u00f2 fare ad esempio la conoscenza di maghi un poco strani, di un nonno pieno di brio, di un bambino che perde sempre le sue cose o di pirati che vanno a scuola, ma \u00e8 una scuola molto particolare, dove si impara a trovare dei tesori e si fa ginnastica su una nave.<\/p>\n","protected":false},"featured_media":62484,"comment_status":"closed","ping_status":"closed","template":"","meta":[],"product_cat":[4246],"product_tag":[],"class_list":["post-72105","product","type-product","status-publish","has-post-thumbnail","hentry","product_cat-italienisch-als-fremdsprache-sprache-lesebuecher","edition-eigenverlag"],"acf":[],"yoast_head":"<!-- This site is optimized with the Yoast SEO plugin v24.6 - https:\/\/yoast.com\/wordpress\/plugins\/seo\/ -->\n<title>Il mistero di Icima, Letture - Lehrmittel Graub\u00fcnden<\/title>\n<meta name=\"robots\" content=\"index, follow, max-snippet:-1, max-image-preview:large, max-video-preview:-1\" \/>\n<link rel=\"canonical\" href=\"https:\/\/www.lmv.gr.ch\/it\/produkt\/deil-mistero-di-icima-letture\/\" \/>\n<meta property=\"og:locale\" content=\"it_IT\" \/>\n<meta property=\"og:type\" content=\"article\" \/>\n<meta property=\"og:title\" content=\"Il mistero di Icima, Letture - Lehrmittel Graub\u00fcnden\" \/>\n<meta property=\"og:description\" content=\"letture brevi con relativi esercizi di comprensione testuale  Con queste letture si intende proporre agli insegnanti degli strumenti linguistici adatti a promuovere nelle allieve e negli allievi le abilit\u00e0 di lettura e di comprensione testuale. Le dieci letture qui proposte accompagnano il mezzo didattico e possono essere impiegate come attivit\u00e0 complementare a Grandi amici. I testi sono stati creati partendo da un lessico elementare e progredendo in concordanza con le nuove parole introdotte man mano nelle singole unit\u00e0 di Grandi amici. Ovviamente \u00e8 stato necessario introdurre anche entrate lessicali nuove. Queste sono indicate nel rispettivo Lessico che accompagna ogni singola lettura. Per invogliare le allieve e gli allievi alla lettura in lingua italiana, si \u00e8 optato per dei testi fantasiosi e divertenti. Si tratta per lo pi\u00f9 di personaggi fantastici e particolari, che fanno parte del mondo dei bambini e dei ragazzi in et\u00e0 scolastica. Leggendo si pu\u00f2 fare ad esempio la conoscenza di maghi un poco strani, di un nonno pieno di brio, di un bambino che perde sempre le sue cose o di pirati che vanno a scuola, ma \u00e8 una scuola molto particolare, dove si impara a trovare dei tesori e si fa ginnastica su una nave.\" \/>\n<meta property=\"og:url\" content=\"https:\/\/www.lmv.gr.ch\/produkt\/deil-mistero-di-icima-letture\/\" \/>\n<meta property=\"og:site_name\" content=\"Lehrmittel Graub\u00fcnden\" \/>\n<meta property=\"article:modified_time\" content=\"2026-01-08T00:54:26+00:00\" \/>\n<meta property=\"og:image\" content=\"https:\/\/www.lmv.gr.ch\/wp-content\/uploads\/asolmerce\/image-11.4161_g.jpg\" \/>\n\t<meta property=\"og:image:width\" content=\"250\" \/>\n\t<meta property=\"og:image:height\" content=\"360\" \/>\n\t<meta property=\"og:image:type\" content=\"image\/jpeg\" \/>\n<meta name=\"twitter:label1\" content=\"Tempo di lettura stimato\" \/>\n\t<meta name=\"twitter:data1\" content=\"1 minuto\" \/>\n<script type=\"application\/ld+json\" class=\"yoast-schema-graph\">{\"@context\":\"https:\/\/schema.org\",\"@graph\":[{\"@type\":\"WebPage\",\"@id\":\"https:\/\/www.lmv.gr.ch\/produkt\/deil-mistero-di-icima-letture\/\",\"url\":\"https:\/\/www.lmv.gr.ch\/produkt\/deil-mistero-di-icima-letture\/\",\"name\":\"Il mistero di Icima, Letture - Lehrmittel Graub\u00fcnden\",\"isPartOf\":{\"@id\":\"https:\/\/www.lmv.gr.ch\/#website\"},\"primaryImageOfPage\":{\"@id\":\"https:\/\/www.lmv.gr.ch\/produkt\/deil-mistero-di-icima-letture\/#primaryimage\"},\"image\":{\"@id\":\"https:\/\/www.lmv.gr.ch\/produkt\/deil-mistero-di-icima-letture\/#primaryimage\"},\"thumbnailUrl\":\"https:\/\/www.lmv.gr.ch\/wp-content\/uploads\/asolmerce\/image-11.4161_g.jpg\",\"datePublished\":\"2026-01-07T23:53:26+00:00\",\"dateModified\":\"2026-01-08T00:54:26+00:00\",\"breadcrumb\":{\"@id\":\"https:\/\/www.lmv.gr.ch\/produkt\/deil-mistero-di-icima-letture\/#breadcrumb\"},\"inLanguage\":\"it-IT\",\"potentialAction\":[{\"@type\":\"ReadAction\",\"target\":[\"https:\/\/www.lmv.gr.ch\/produkt\/deil-mistero-di-icima-letture\/\"]}]},{\"@type\":\"ImageObject\",\"inLanguage\":\"it-IT\",\"@id\":\"https:\/\/www.lmv.gr.ch\/produkt\/deil-mistero-di-icima-letture\/#primaryimage\",\"url\":\"https:\/\/www.lmv.gr.ch\/wp-content\/uploads\/asolmerce\/image-11.4161_g.jpg\",\"contentUrl\":\"https:\/\/www.lmv.gr.ch\/wp-content\/uploads\/asolmerce\/image-11.4161_g.jpg\",\"width\":250,\"height\":360},{\"@type\":\"BreadcrumbList\",\"@id\":\"https:\/\/www.lmv.gr.ch\/produkt\/deil-mistero-di-icima-letture\/#breadcrumb\",\"itemListElement\":[{\"@type\":\"ListItem\",\"position\":1,\"name\":\"Home\",\"item\":\"https:\/\/www.lmv.gr.ch\/\"},{\"@type\":\"ListItem\",\"position\":2,\"name\":\"Shop\",\"item\":\"https:\/\/www.lmv.gr.ch\/it\/shop\/\"},{\"@type\":\"ListItem\",\"position\":3,\"name\":\"Il mistero di Icima, Letture\"}]},{\"@type\":\"WebSite\",\"@id\":\"https:\/\/www.lmv.gr.ch\/#website\",\"url\":\"https:\/\/www.lmv.gr.ch\/\",\"name\":\"Lehrmittel Graub\u00fcnden\",\"description\":\"Lehrmittel des Kantons Graub\u00fcnden\",\"potentialAction\":[{\"@type\":\"SearchAction\",\"target\":{\"@type\":\"EntryPoint\",\"urlTemplate\":\"https:\/\/www.lmv.gr.ch\/?s={search_term_string}\"},\"query-input\":{\"@type\":\"PropertyValueSpecification\",\"valueRequired\":true,\"valueName\":\"search_term_string\"}}],\"inLanguage\":\"it-IT\"}]}<\/script>\n<!-- \/ Yoast SEO plugin. -->","yoast_head_json":{"title":"Il mistero di Icima, Letture - Lehrmittel Graub\u00fcnden","robots":{"index":"index","follow":"follow","max-snippet":"max-snippet:-1","max-image-preview":"max-image-preview:large","max-video-preview":"max-video-preview:-1"},"canonical":"https:\/\/www.lmv.gr.ch\/it\/produkt\/deil-mistero-di-icima-letture\/","og_locale":"it_IT","og_type":"article","og_title":"Il mistero di Icima, Letture - Lehrmittel Graub\u00fcnden","og_description":"letture brevi con relativi esercizi di comprensione testuale  Con queste letture si intende proporre agli insegnanti degli strumenti linguistici adatti a promuovere nelle allieve e negli allievi le abilit\u00e0 di lettura e di comprensione testuale. Le dieci letture qui proposte accompagnano il mezzo didattico e possono essere impiegate come attivit\u00e0 complementare a Grandi amici. I testi sono stati creati partendo da un lessico elementare e progredendo in concordanza con le nuove parole introdotte man mano nelle singole unit\u00e0 di Grandi amici. Ovviamente \u00e8 stato necessario introdurre anche entrate lessicali nuove. Queste sono indicate nel rispettivo Lessico che accompagna ogni singola lettura. Per invogliare le allieve e gli allievi alla lettura in lingua italiana, si \u00e8 optato per dei testi fantasiosi e divertenti. Si tratta per lo pi\u00f9 di personaggi fantastici e particolari, che fanno parte del mondo dei bambini e dei ragazzi in et\u00e0 scolastica. Leggendo si pu\u00f2 fare ad esempio la conoscenza di maghi un poco strani, di un nonno pieno di brio, di un bambino che perde sempre le sue cose o di pirati che vanno a scuola, ma \u00e8 una scuola molto particolare, dove si impara a trovare dei tesori e si fa ginnastica su una nave.","og_url":"https:\/\/www.lmv.gr.ch\/produkt\/deil-mistero-di-icima-letture\/","og_site_name":"Lehrmittel Graub\u00fcnden","article_modified_time":"2026-01-08T00:54:26+00:00","og_image":[{"width":250,"height":360,"url":"https:\/\/www.lmv.gr.ch\/wp-content\/uploads\/asolmerce\/image-11.4161_g.jpg","type":"image\/jpeg"}],"twitter_misc":{"Tempo di lettura stimato":"1 minuto"},"schema":{"@context":"https:\/\/schema.org","@graph":[{"@type":"WebPage","@id":"https:\/\/www.lmv.gr.ch\/produkt\/deil-mistero-di-icima-letture\/","url":"https:\/\/www.lmv.gr.ch\/produkt\/deil-mistero-di-icima-letture\/","name":"Il mistero di Icima, Letture - Lehrmittel Graub\u00fcnden","isPartOf":{"@id":"https:\/\/www.lmv.gr.ch\/#website"},"primaryImageOfPage":{"@id":"https:\/\/www.lmv.gr.ch\/produkt\/deil-mistero-di-icima-letture\/#primaryimage"},"image":{"@id":"https:\/\/www.lmv.gr.ch\/produkt\/deil-mistero-di-icima-letture\/#primaryimage"},"thumbnailUrl":"https:\/\/www.lmv.gr.ch\/wp-content\/uploads\/asolmerce\/image-11.4161_g.jpg","datePublished":"2026-01-07T23:53:26+00:00","dateModified":"2026-01-08T00:54:26+00:00","breadcrumb":{"@id":"https:\/\/www.lmv.gr.ch\/produkt\/deil-mistero-di-icima-letture\/#breadcrumb"},"inLanguage":"it-IT","potentialAction":[{"@type":"ReadAction","target":["https:\/\/www.lmv.gr.ch\/produkt\/deil-mistero-di-icima-letture\/"]}]},{"@type":"ImageObject","inLanguage":"it-IT","@id":"https:\/\/www.lmv.gr.ch\/produkt\/deil-mistero-di-icima-letture\/#primaryimage","url":"https:\/\/www.lmv.gr.ch\/wp-content\/uploads\/asolmerce\/image-11.4161_g.jpg","contentUrl":"https:\/\/www.lmv.gr.ch\/wp-content\/uploads\/asolmerce\/image-11.4161_g.jpg","width":250,"height":360},{"@type":"BreadcrumbList","@id":"https:\/\/www.lmv.gr.ch\/produkt\/deil-mistero-di-icima-letture\/#breadcrumb","itemListElement":[{"@type":"ListItem","position":1,"name":"Home","item":"https:\/\/www.lmv.gr.ch\/"},{"@type":"ListItem","position":2,"name":"Shop","item":"https:\/\/www.lmv.gr.ch\/it\/shop\/"},{"@type":"ListItem","position":3,"name":"Il mistero di Icima, Letture"}]},{"@type":"WebSite","@id":"https:\/\/www.lmv.gr.ch\/#website","url":"https:\/\/www.lmv.gr.ch\/","name":"Lehrmittel Graub\u00fcnden","description":"Lehrmittel des Kantons Graub\u00fcnden","potentialAction":[{"@type":"SearchAction","target":{"@type":"EntryPoint","urlTemplate":"https:\/\/www.lmv.gr.ch\/?s={search_term_string}"},"query-input":{"@type":"PropertyValueSpecification","valueRequired":true,"valueName":"search_term_string"}}],"inLanguage":"it-IT"}]}},"_links":{"self":[{"href":"https:\/\/www.lmv.gr.ch\/it\/wp-json\/wp\/v2\/product\/72105","targetHints":{"allow":["GET"]}}],"collection":[{"href":"https:\/\/www.lmv.gr.ch\/it\/wp-json\/wp\/v2\/product"}],"about":[{"href":"https:\/\/www.lmv.gr.ch\/it\/wp-json\/wp\/v2\/types\/product"}],"replies":[{"embeddable":true,"href":"https:\/\/www.lmv.gr.ch\/it\/wp-json\/wp\/v2\/comments?post=72105"}],"wp:featuredmedia":[{"embeddable":true,"href":"https:\/\/www.lmv.gr.ch\/it\/wp-json\/wp\/v2\/media\/62484"}],"wp:attachment":[{"href":"https:\/\/www.lmv.gr.ch\/it\/wp-json\/wp\/v2\/media?parent=72105"}],"wp:term":[{"taxonomy":"product_cat","embeddable":true,"href":"https:\/\/www.lmv.gr.ch\/it\/wp-json\/wp\/v2\/product_cat?post=72105"},{"taxonomy":"product_tag","embeddable":true,"href":"https:\/\/www.lmv.gr.ch\/it\/wp-json\/wp\/v2\/product_tag?post=72105"}],"curies":[{"name":"wp","href":"https:\/\/api.w.org\/{rel}","templated":true}]}}