{"id":11,"date":"2014-05-13T17:36:30","date_gmt":"2014-05-13T15:36:30","guid":{"rendered":"http:\/\/www.somedia-buchverlag.ch\/\/?page_id=11"},"modified":"2025-12-04T18:16:16","modified_gmt":"2025-12-04T16:16:16","slug":"home","status":"publish","type":"page","link":"https:\/\/www.lmv.gr.ch\/it\/","title":{"rendered":"Home"},"content":{"rendered":"<p><strong>Care e cari insegnanti,<\/strong><br \/>\n<strong>Gentili signore e signori,<\/strong><\/p>\n<p>&nbsp;<\/p>\n<p>benvenuti nel online shop di Materiale didattico dei Grigioni!<\/p>\n<p>&nbsp;<\/p>\n<p>Da 2022 l&#8217;assortimento comprender\u00e0 solamente materiale didattico di edizione propria, ossia della casa editrice &#8220;Materiale didattico dei Grigioni&#8221;.<\/p>\n<p>Tuttavia saremo lieti di consigliarvi dove potete acquistare ulteriore materiale didattico.<\/p>\n<p>In caso di domande potete sempre rivolgervi alla vostra libreria locale.<\/p>","protected":false},"excerpt":{"rendered":"<p>Care e cari insegnanti, Gentili signore e signori, &nbsp; benvenuti nel online shop di Materiale didattico dei Grigioni! &nbsp; Da 2022 l&#8217;assortimento comprender\u00e0 solamente materiale didattico di edizione propria, ossia della casa editrice &#8220;Materiale didattico dei Grigioni&#8221;. Tuttavia saremo lieti di consigliarvi dove potete acquistare ulteriore materiale didattico. In caso di domande potete sempre rivolgervi alla vostra libreria locale.<\/p>\n","protected":false},"author":3,"featured_media":0,"parent":0,"menu_order":0,"comment_status":"open","ping_status":"open","template":"","meta":{"footnotes":""},"class_list":["post-11","page","type-page","status-publish","hentry"],"acf":[],"yoast_head":"<!-- This site is optimized with the Yoast SEO plugin v24.6 - https:\/\/yoast.com\/wordpress\/plugins\/seo\/ -->\n<title>Home - Lehrmittel Graub\u00fcnden - Amt f\u00fcr Volkssport und Schule<\/title>\n<meta name=\"description\" content=\"Lehrmittel Graub\u00fcnden beliefert die Schulen des Kantons Graub\u00fcnden und weitere Kunden mit Lehrmitteln f\u00fcr die Volksschule. Der Verlag entwickelt selbst Lehrmittel in Deutsch, Romanisch und Italienisch.\" \/>\n<meta name=\"robots\" content=\"index, follow, max-snippet:-1, max-image-preview:large, max-video-preview:-1\" \/>\n<link rel=\"canonical\" href=\"https:\/\/www.lmv.gr.ch\/it\/\" \/>\n<meta property=\"og:locale\" content=\"it_IT\" \/>\n<meta property=\"og:type\" content=\"article\" \/>\n<meta property=\"og:title\" content=\"Home - Lehrmittel Graub\u00fcnden - Amt f\u00fcr Volkssport und Schule\" \/>\n<meta property=\"og:description\" content=\"Lehrmittel Graub\u00fcnden beliefert die Schulen des Kantons Graub\u00fcnden und weitere Kunden mit Lehrmitteln f\u00fcr die Volksschule. Der Verlag entwickelt selbst Lehrmittel in Deutsch, Romanisch und Italienisch.\" \/>\n<meta property=\"og:url\" content=\"https:\/\/www.lmv.gr.ch\/\" \/>\n<meta property=\"og:site_name\" content=\"Lehrmittel Graub\u00fcnden\" \/>\n<meta property=\"article:modified_time\" content=\"2025-12-04T16:16:16+00:00\" \/>\n<meta name=\"twitter:label1\" content=\"Tempo di lettura stimato\" \/>\n\t<meta name=\"twitter:data1\" content=\"1 minuto\" \/>\n<script type=\"application\/ld+json\" class=\"yoast-schema-graph\">{\"@context\":\"https:\/\/schema.org\",\"@graph\":[{\"@type\":\"WebPage\",\"@id\":\"https:\/\/www.lmv.gr.ch\/\",\"url\":\"https:\/\/www.lmv.gr.ch\/\",\"name\":\"Home - Lehrmittel Graub\u00fcnden - Amt f\u00fcr Volkssport und Schule\",\"isPartOf\":{\"@id\":\"https:\/\/www.lmv.gr.ch\/#website\"},\"datePublished\":\"2014-05-13T15:36:30+00:00\",\"dateModified\":\"2025-12-04T16:16:16+00:00\",\"description\":\"Lehrmittel Graub\u00fcnden beliefert die Schulen des Kantons Graub\u00fcnden und weitere Kunden mit Lehrmitteln f\u00fcr die Volksschule. Der Verlag entwickelt selbst Lehrmittel in Deutsch, Romanisch und Italienisch.\",\"breadcrumb\":{\"@id\":\"https:\/\/www.lmv.gr.ch\/#breadcrumb\"},\"inLanguage\":\"it-IT\",\"potentialAction\":[{\"@type\":\"ReadAction\",\"target\":[\"https:\/\/www.lmv.gr.ch\/\"]}]},{\"@type\":\"BreadcrumbList\",\"@id\":\"https:\/\/www.lmv.gr.ch\/#breadcrumb\",\"itemListElement\":[{\"@type\":\"ListItem\",\"position\":1,\"name\":\"Home\",\"item\":\"https:\/\/www.lmv.gr.ch\/\"},{\"@type\":\"ListItem\",\"position\":2,\"name\":\"Home\"}]},{\"@type\":\"WebSite\",\"@id\":\"https:\/\/www.lmv.gr.ch\/#website\",\"url\":\"https:\/\/www.lmv.gr.ch\/\",\"name\":\"Lehrmittel Graub\u00fcnden\",\"description\":\"Lehrmittel des Kantons Graub\u00fcnden\",\"potentialAction\":[{\"@type\":\"SearchAction\",\"target\":{\"@type\":\"EntryPoint\",\"urlTemplate\":\"https:\/\/www.lmv.gr.ch\/?s={search_term_string}\"},\"query-input\":{\"@type\":\"PropertyValueSpecification\",\"valueRequired\":true,\"valueName\":\"search_term_string\"}}],\"inLanguage\":\"it-IT\"}]}<\/script>\n<!-- \/ Yoast SEO plugin. -->","yoast_head_json":{"title":"Home - Lehrmittel Graub\u00fcnden - Amt f\u00fcr Volkssport und Schule","description":"Lehrmittel Graub\u00fcnden beliefert die Schulen des Kantons Graub\u00fcnden und weitere Kunden mit Lehrmitteln f\u00fcr die Volksschule. Der Verlag entwickelt selbst Lehrmittel in Deutsch, Romanisch und Italienisch.","robots":{"index":"index","follow":"follow","max-snippet":"max-snippet:-1","max-image-preview":"max-image-preview:large","max-video-preview":"max-video-preview:-1"},"canonical":"https:\/\/www.lmv.gr.ch\/it\/","og_locale":"it_IT","og_type":"article","og_title":"Home - Lehrmittel Graub\u00fcnden - Amt f\u00fcr Volkssport und Schule","og_description":"Lehrmittel Graub\u00fcnden beliefert die Schulen des Kantons Graub\u00fcnden und weitere Kunden mit Lehrmitteln f\u00fcr die Volksschule. Der Verlag entwickelt selbst Lehrmittel in Deutsch, Romanisch und Italienisch.","og_url":"https:\/\/www.lmv.gr.ch\/","og_site_name":"Lehrmittel Graub\u00fcnden","article_modified_time":"2025-12-04T16:16:16+00:00","twitter_misc":{"Tempo di lettura stimato":"1 minuto"},"schema":{"@context":"https:\/\/schema.org","@graph":[{"@type":"WebPage","@id":"https:\/\/www.lmv.gr.ch\/","url":"https:\/\/www.lmv.gr.ch\/","name":"Home - Lehrmittel Graub\u00fcnden - Amt f\u00fcr Volkssport und Schule","isPartOf":{"@id":"https:\/\/www.lmv.gr.ch\/#website"},"datePublished":"2014-05-13T15:36:30+00:00","dateModified":"2025-12-04T16:16:16+00:00","description":"Lehrmittel Graub\u00fcnden beliefert die Schulen des Kantons Graub\u00fcnden und weitere Kunden mit Lehrmitteln f\u00fcr die Volksschule. Der Verlag entwickelt selbst Lehrmittel in Deutsch, Romanisch und Italienisch.","breadcrumb":{"@id":"https:\/\/www.lmv.gr.ch\/#breadcrumb"},"inLanguage":"it-IT","potentialAction":[{"@type":"ReadAction","target":["https:\/\/www.lmv.gr.ch\/"]}]},{"@type":"BreadcrumbList","@id":"https:\/\/www.lmv.gr.ch\/#breadcrumb","itemListElement":[{"@type":"ListItem","position":1,"name":"Home","item":"https:\/\/www.lmv.gr.ch\/"},{"@type":"ListItem","position":2,"name":"Home"}]},{"@type":"WebSite","@id":"https:\/\/www.lmv.gr.ch\/#website","url":"https:\/\/www.lmv.gr.ch\/","name":"Lehrmittel Graub\u00fcnden","description":"Lehrmittel des Kantons Graub\u00fcnden","potentialAction":[{"@type":"SearchAction","target":{"@type":"EntryPoint","urlTemplate":"https:\/\/www.lmv.gr.ch\/?s={search_term_string}"},"query-input":{"@type":"PropertyValueSpecification","valueRequired":true,"valueName":"search_term_string"}}],"inLanguage":"it-IT"}]}},"_links":{"self":[{"href":"https:\/\/www.lmv.gr.ch\/it\/wp-json\/wp\/v2\/pages\/11","targetHints":{"allow":["GET"]}}],"collection":[{"href":"https:\/\/www.lmv.gr.ch\/it\/wp-json\/wp\/v2\/pages"}],"about":[{"href":"https:\/\/www.lmv.gr.ch\/it\/wp-json\/wp\/v2\/types\/page"}],"author":[{"embeddable":true,"href":"https:\/\/www.lmv.gr.ch\/it\/wp-json\/wp\/v2\/users\/3"}],"replies":[{"embeddable":true,"href":"https:\/\/www.lmv.gr.ch\/it\/wp-json\/wp\/v2\/comments?post=11"}],"version-history":[{"count":107,"href":"https:\/\/www.lmv.gr.ch\/it\/wp-json\/wp\/v2\/pages\/11\/revisions"}],"predecessor-version":[{"id":84914,"href":"https:\/\/www.lmv.gr.ch\/it\/wp-json\/wp\/v2\/pages\/11\/revisions\/84914"}],"wp:attachment":[{"href":"https:\/\/www.lmv.gr.ch\/it\/wp-json\/wp\/v2\/media?parent=11"}],"curies":[{"name":"wp","href":"https:\/\/api.w.org\/{rel}","templated":true}]}}