{"id":83327,"date":"2026-01-07T23:55:03","date_gmt":"2026-01-07T23:55:03","guid":{"rendered":"https:\/\/www.lmv.gr.ch\/produkt\/empty-product-container\/"},"modified":"2026-01-08T02:56:04","modified_gmt":"2026-01-08T00:56:04","slug":"deeinblick-graubuenden-invista-grischun-colpo-docchio-grigioni-ebook-2","status":"publish","type":"product","link":"https:\/\/www.lmv.gr.ch\/en\/produkt\/deeinblick-graubuenden-invista-grischun-colpo-docchio-grigioni-ebook-2\/","title":{"rendered":"EinBlick Graub\u00fcnden \/ InVista Grischun \/ Colpo d&#8217;Occhio Grigioni"},"content":{"rendered":"<p class=\"qtranxs-available-languages-message qtranxs-available-languages-message-en\">Leider ist der Eintrag nur auf <a href=\"https:\/\/www.lmv.gr.ch\/de\/wp-json\/wp\/v2\/product\/83327\" class=\"qtranxs-available-language-link qtranxs-available-language-link-de\" title=\"Deutsch\">Deutsch<\/a> verf\u00fcgbar<\/p><p><\/p>\n<p>\u00abEinBlick Graub\u00fcnden\u00bb ist ein digitales NMG-Lehrmittel f\u00fcr regionale Inhalte &#8211; entwickelt im Auftrag des Kantons Graub\u00fcnden. In 16 Lernarrangements werden die Kompetenzbereiche 2 und 5\u201312 zu lebensweltlichen Bez\u00fcgen umgesetzt.&nbsp;<\/p>\n<p>Die Entwicklung wird per Ende 2026 abgeschlossen sein.&nbsp;<\/p>\n<p>Auf der Plattform navigieren die Sch\u00fclerinnen und Sch\u00fcler in ihrer Schulsprache durch motivierende Aufgabenstellungen. Sie werden zum Erkunden ihrer n\u00e4heren Umgebung aufgefordert und entdecken diese sowie ihren Kanton \u00fcber viele spannende, multimediale und interaktive Inhalte.<\/p>\n<p>Laufzeit der Nutzungslizenz: sofort g\u00fcltig bis 31.8. des Folgejahres<\/p>\n<p><b>Das Lehrmittel steht fr\u00fchestens 24 Stunden (Bearbeitungszeit) nach Erwerb der Lizenz zur Verf\u00fcgung.<\/b><\/p>\n<p><b>Loggen Sie sich bitte auf Ihrem Nutzerkonto beim Schulverlag plus ein und aktivieren dort die f\u00fcr Ihre Schuleinheit bereitgestellten Lizenzen.<\/b><\/p>\n<p><b>Falls Sie noch kein Schulverlag Plus-Login besitzen, kontaktieren Sie bitte den Support (support@schulverlag.ch oder Tel. +41582681414).<\/b><\/p>\n<p>Die Lizenz erm\u00f6glicht den Zugriff auf den Inhalt in allen Schulsprachen (Deutsch \/ Sursilvan \/ Sutsilvan \/ Surmiran \/ Puter \/ Vallader \/ Rumantsch Grischun \/ Italiano)<\/p>\n<p>***<\/p>\n<p><b>Hinweis f\u00fcr Buchhandlungen \/ Wiederverk\u00e4ufer:<\/b><\/p>\n<p>Dieser Artikel kann von den Kundinnen und Kunden nur direkt \u00fcber den Shop von Lehrmittel Graub\u00fcnden bezogen werden.&nbsp;<\/p>\n<p><\/p>\n<div class=\"synved-social-container synved-social-container-follow\" style=\"text-align: right\"><a class=\"synved-social-button synved-social-button-follow synved-social-size-24 synved-social-resolution-normal synved-social-provider-facebook nolightbox\" data-provider=\"facebook\" target=\"_blank\" rel=\"nofollow\" title=\"Follow us on Facebook\" href=\"https:\/\/www.facebook.com\/facebook\" style=\"font-size: 0px;width:24px;height:24px;margin:0;margin-bottom:5px;margin-right:5px\"><img loading=\"lazy\" decoding=\"async\" alt=\"Facebook\" title=\"Follow us on Facebook\" class=\"synved-share-image synved-social-image synved-social-image-follow\" width=\"24\" height=\"24\" style=\"display: inline;width:24px;height:24px;margin: 0;padding: 0;border: none;box-shadow: none\" src=\"https:\/\/www.lmv.gr.ch\/wp-content\/plugins\/social-media-feather\/synved-social\/image\/social\/regular\/24x24\/facebook.png\" \/><\/a><a class=\"synved-social-button synved-social-button-follow synved-social-size-24 synved-social-resolution-normal synved-social-provider-twitter nolightbox\" data-provider=\"twitter\" target=\"_blank\" rel=\"nofollow\" title=\"Follow us on Twitter\" href=\"https:\/\/twitter.com\/twitter\" style=\"font-size: 0px;width:24px;height:24px;margin:0;margin-bottom:5px;margin-right:5px\"><img loading=\"lazy\" decoding=\"async\" alt=\"twitter\" title=\"Follow us on Twitter\" class=\"synved-share-image synved-social-image synved-social-image-follow\" width=\"24\" height=\"24\" style=\"display: inline;width:24px;height:24px;margin: 0;padding: 0;border: none;box-shadow: none\" src=\"https:\/\/www.lmv.gr.ch\/wp-content\/plugins\/social-media-feather\/synved-social\/image\/social\/regular\/24x24\/twitter.png\" \/><\/a><a class=\"synved-social-button synved-social-button-follow synved-social-size-24 synved-social-resolution-normal synved-social-provider-linkedin nolightbox\" data-provider=\"linkedin\" target=\"_blank\" rel=\"nofollow\" title=\"Find us on Linkedin\" href=\"https:\/\/www.linkedin.com\/in\/yourid\" style=\"font-size: 0px;width:24px;height:24px;margin:0;margin-bottom:5px;margin-right:5px\"><img loading=\"lazy\" decoding=\"async\" alt=\"linkedin\" title=\"Find us on Linkedin\" class=\"synved-share-image synved-social-image synved-social-image-follow\" width=\"24\" height=\"24\" style=\"display: inline;width:24px;height:24px;margin: 0;padding: 0;border: none;box-shadow: none\" src=\"https:\/\/www.lmv.gr.ch\/wp-content\/plugins\/social-media-feather\/synved-social\/image\/social\/regular\/24x24\/linkedin.png\" \/><\/a><a class=\"synved-social-button synved-social-button-follow synved-social-size-24 synved-social-resolution-normal synved-social-provider-rss nolightbox\" data-provider=\"rss\" target=\"_blank\" rel=\"nofollow\" title=\"Subscribe to our RSS Feed\" href=\"https:\/\/feeds.feedburner.com\/MyFeedName\" style=\"font-size: 0px;width:24px;height:24px;margin:0;margin-bottom:5px;margin-right:5px\"><img loading=\"lazy\" decoding=\"async\" alt=\"rss\" title=\"Subscribe to our RSS Feed\" class=\"synved-share-image synved-social-image synved-social-image-follow\" width=\"24\" height=\"24\" style=\"display: inline;width:24px;height:24px;margin: 0;padding: 0;border: none;box-shadow: none\" src=\"https:\/\/www.lmv.gr.ch\/wp-content\/plugins\/social-media-feather\/synved-social\/image\/social\/regular\/24x24\/rss.png\" \/><\/a><a class=\"synved-social-button synved-social-button-follow synved-social-size-24 synved-social-resolution-normal synved-social-provider-youtube nolightbox\" data-provider=\"youtube\" target=\"_blank\" rel=\"nofollow\" title=\"Find us on YouTube\" href=\"https:\/\/www.youtube.com\/MyYouTubeName\" style=\"font-size: 0px;width:24px;height:24px;margin:0;margin-bottom:5px\"><img loading=\"lazy\" decoding=\"async\" alt=\"youtube\" title=\"Find us on YouTube\" class=\"synved-share-image synved-social-image synved-social-image-follow\" width=\"24\" height=\"24\" style=\"display: inline;width:24px;height:24px;margin: 0;padding: 0;border: none;box-shadow: none\" src=\"https:\/\/www.lmv.gr.ch\/wp-content\/plugins\/social-media-feather\/synved-social\/image\/social\/regular\/24x24\/youtube.png\" \/><\/a><a class=\"synved-social-button synved-social-button-follow synved-social-size-24 synved-social-resolution-hidef synved-social-provider-facebook nolightbox\" data-provider=\"facebook\" target=\"_blank\" rel=\"nofollow\" title=\"Follow us on Facebook\" href=\"https:\/\/www.facebook.com\/facebook\" style=\"font-size: 0px;width:24px;height:24px;margin:0;margin-bottom:5px;margin-right:5px\"><img loading=\"lazy\" decoding=\"async\" alt=\"Facebook\" title=\"Follow us on Facebook\" class=\"synved-share-image synved-social-image synved-social-image-follow\" width=\"24\" height=\"24\" style=\"display: inline;width:24px;height:24px;margin: 0;padding: 0;border: none;box-shadow: none\" src=\"https:\/\/www.lmv.gr.ch\/wp-content\/plugins\/social-media-feather\/synved-social\/image\/social\/regular\/48x48\/facebook.png\" \/><\/a><a class=\"synved-social-button synved-social-button-follow synved-social-size-24 synved-social-resolution-hidef synved-social-provider-twitter nolightbox\" data-provider=\"twitter\" target=\"_blank\" rel=\"nofollow\" title=\"Follow us on Twitter\" href=\"https:\/\/twitter.com\/twitter\" style=\"font-size: 0px;width:24px;height:24px;margin:0;margin-bottom:5px;margin-right:5px\"><img loading=\"lazy\" decoding=\"async\" alt=\"twitter\" title=\"Follow us on Twitter\" class=\"synved-share-image synved-social-image synved-social-image-follow\" width=\"24\" height=\"24\" style=\"display: inline;width:24px;height:24px;margin: 0;padding: 0;border: none;box-shadow: none\" src=\"https:\/\/www.lmv.gr.ch\/wp-content\/plugins\/social-media-feather\/synved-social\/image\/social\/regular\/48x48\/twitter.png\" \/><\/a><a class=\"synved-social-button synved-social-button-follow synved-social-size-24 synved-social-resolution-hidef synved-social-provider-linkedin nolightbox\" data-provider=\"linkedin\" target=\"_blank\" rel=\"nofollow\" title=\"Find us on Linkedin\" href=\"https:\/\/www.linkedin.com\/in\/yourid\" style=\"font-size: 0px;width:24px;height:24px;margin:0;margin-bottom:5px;margin-right:5px\"><img loading=\"lazy\" decoding=\"async\" alt=\"linkedin\" title=\"Find us on Linkedin\" class=\"synved-share-image synved-social-image synved-social-image-follow\" width=\"24\" height=\"24\" style=\"display: inline;width:24px;height:24px;margin: 0;padding: 0;border: none;box-shadow: none\" src=\"https:\/\/www.lmv.gr.ch\/wp-content\/plugins\/social-media-feather\/synved-social\/image\/social\/regular\/48x48\/linkedin.png\" \/><\/a><a class=\"synved-social-button synved-social-button-follow synved-social-size-24 synved-social-resolution-hidef synved-social-provider-rss nolightbox\" data-provider=\"rss\" target=\"_blank\" rel=\"nofollow\" title=\"Subscribe to our RSS Feed\" href=\"https:\/\/feeds.feedburner.com\/MyFeedName\" style=\"font-size: 0px;width:24px;height:24px;margin:0;margin-bottom:5px;margin-right:5px\"><img loading=\"lazy\" decoding=\"async\" alt=\"rss\" title=\"Subscribe to our RSS Feed\" class=\"synved-share-image synved-social-image synved-social-image-follow\" width=\"24\" height=\"24\" style=\"display: inline;width:24px;height:24px;margin: 0;padding: 0;border: none;box-shadow: none\" src=\"https:\/\/www.lmv.gr.ch\/wp-content\/plugins\/social-media-feather\/synved-social\/image\/social\/regular\/48x48\/rss.png\" \/><\/a><a class=\"synved-social-button synved-social-button-follow synved-social-size-24 synved-social-resolution-hidef synved-social-provider-youtube nolightbox\" data-provider=\"youtube\" target=\"_blank\" rel=\"nofollow\" title=\"Find us on YouTube\" href=\"https:\/\/www.youtube.com\/MyYouTubeName\" style=\"font-size: 0px;width:24px;height:24px;margin:0;margin-bottom:5px\"><img loading=\"lazy\" decoding=\"async\" alt=\"youtube\" title=\"Find us on YouTube\" class=\"synved-share-image synved-social-image synved-social-image-follow\" width=\"24\" height=\"24\" style=\"display: inline;width:24px;height:24px;margin: 0;padding: 0;border: none;box-shadow: none\" src=\"https:\/\/www.lmv.gr.ch\/wp-content\/plugins\/social-media-feather\/synved-social\/image\/social\/regular\/48x48\/youtube.png\" \/><\/a><\/div>","protected":false},"excerpt":{"rendered":"<p class=\"qtranxs-available-languages-message qtranxs-available-languages-message-en\">Leider ist der Eintrag nur auf <a href=\"https:\/\/www.lmv.gr.ch\/de\/wp-json\/wp\/v2\/product\/83327\" class=\"qtranxs-available-language-link qtranxs-available-language-link-de\" title=\"Deutsch\">Deutsch<\/a> verf\u00fcgbar<\/p>\n<p>\u00abEinBlick Graub\u00fcnden\u00bb ist ein digitales NMG-Lehrmittel f\u00fcr regionale Inhalte &#8211; entwickelt im Auftrag des Kantons Graub\u00fcnden. In 16 Lernarrangements werden die Kompetenzbereiche 2 und 5\u201312 zu lebensweltlichen Bez\u00fcgen umgesetzt.&nbsp;<\/p>\n<p>Die Entwicklung wird per Ende 2026 abgeschlossen sein.&nbsp;<\/p>\n<p>Auf der Plattform navigieren die Sch\u00fclerinnen und Sch\u00fcler in ihrer Schulsprache durch motivierende Aufgabenstellungen. Sie werden zum Erkunden ihrer n\u00e4heren Umgebung aufgefordert und entdecken diese sowie ihren Kanton \u00fcber viele spannende, multimediale und interaktive Inhalte.<\/p>\n<p>Laufzeit der Nutzungslizenz: sofort g\u00fcltig bis 31.8. des Folgejahres<\/p>\n<p><b>Das Lehrmittel steht fr\u00fchestens 24 Stunden (Bearbeitungszeit) nach Erwerb der Lizenz zur Verf\u00fcgung.<\/b><\/p>\n<p><b>Loggen Sie sich bitte auf Ihrem Nutzerkonto beim Schulverlag plus ein und aktivieren dort die f\u00fcr Ihre Schuleinheit bereitgestellten Lizenzen.<\/b><\/p>\n<p><b>Falls Sie noch kein Schulverlag Plus-Login besitzen, kontaktieren Sie bitte den Support (support@schulverlag.ch oder Tel. +41582681414).<\/b><\/p>\n<p>Die Lizenz erm\u00f6glicht den Zugriff auf den Inhalt in allen Schulsprachen (Deutsch \/ Sursilvan \/ Sutsilvan \/ Surmiran \/ Puter \/ Vallader \/ Rumantsch Grischun \/ Italiano)<\/p>\n<p>***<\/p>\n<p><b>Hinweis f\u00fcr Buchhandlungen \/ Wiederverk\u00e4ufer:<\/b><\/p>\n<p>Dieser Artikel kann von den Kundinnen und Kunden nur direkt \u00fcber den Shop von Lehrmittel Graub\u00fcnden bezogen werden.&nbsp;<\/p>\n","protected":false},"featured_media":83371,"comment_status":"closed","ping_status":"closed","template":"","meta":[],"product_cat":[4152,4574,4576,4577,4578,4579,4580,4575],"product_tag":[4592,4519,2933,4591,4590,4589,4506],"class_list":["post-83327","product","type-product","status-publish","has-post-thumbnail","hentry","product_cat-deutsch-nmg-i-natur-mensch-gesellschaft","product_cat-italienisch-nmg-i-natur-mensch-gesellschaft","product_cat-sutsilvan-nmg-i-natur-mensch-gesellschaft","product_cat-sursilvan-nmg-i-natur-mensch-gesellschaft","product_cat-surmiran-nmg-i-natur-mensch-gesellschaft","product_cat-puter-nmg-i-natur-mensch-gesellschaft","product_cat-vallader-nmg-i-natur-mensch-gesellschaft","product_cat-rumantsch-grischun-nmg-i-natur-mensch-gesellschaft","product_tag-geographie","product_tag-geschichte","product_tag-graubuenden","product_tag-heimatkunde","product_tag-lernarrangement","product_tag-online-lehrmittel","product_tag-primarstufe","edition-eigenverlag"],"acf":[],"yoast_head":"<!-- This site is optimized with the Yoast SEO plugin v24.6 - https:\/\/yoast.com\/wordpress\/plugins\/seo\/ -->\n<title>EinBlick Graub\u00fcnden \/ InVista Grischun \/ Colpo d&#039;Occhio Grigioni - Lehrmittel Graub\u00fcnden<\/title>\n<meta name=\"robots\" content=\"index, follow, max-snippet:-1, max-image-preview:large, max-video-preview:-1\" \/>\n<link rel=\"canonical\" href=\"https:\/\/www.lmv.gr.ch\/en\/produkt\/deeinblick-graubuenden-invista-grischun-colpo-docchio-grigioni-ebook-2\/\" \/>\n<meta property=\"og:locale\" content=\"en_US\" \/>\n<meta property=\"og:type\" content=\"article\" \/>\n<meta property=\"og:title\" content=\"EinBlick Graub\u00fcnden \/ InVista Grischun \/ Colpo d&#039;Occhio Grigioni - Lehrmittel Graub\u00fcnden\" \/>\n<meta property=\"og:description\" content=\"\u00abEinBlick Graub\u00fcnden\u00bb ist ein digitales NMG-Lehrmittel f\u00fcr regionale Inhalte - entwickelt im Auftrag des Kantons Graub\u00fcnden. In 16 Lernarrangements werden die Kompetenzbereiche 2 und 5\u201312 zu lebensweltlichen Bez\u00fcgen umgesetzt.&nbsp;Die Entwicklung wird per Ende 2026 abgeschlossen sein.&nbsp;Auf der Plattform navigieren die Sch\u00fclerinnen und Sch\u00fcler in ihrer Schulsprache durch motivierende Aufgabenstellungen. Sie werden zum Erkunden ihrer n\u00e4heren Umgebung aufgefordert und entdecken diese sowie ihren Kanton \u00fcber viele spannende, multimediale und interaktive Inhalte.Laufzeit der Nutzungslizenz: sofort g\u00fcltig bis 31.8. des FolgejahresDas Lehrmittel steht fr\u00fchestens 24 Stunden (Bearbeitungszeit) nach Erwerb der Lizenz zur Verf\u00fcgung.Loggen Sie sich bitte auf Ihrem Nutzerkonto beim Schulverlag plus ein und aktivieren dort die f\u00fcr Ihre Schuleinheit bereitgestellten Lizenzen.Falls Sie noch kein Schulverlag Plus-Login besitzen, kontaktieren Sie bitte den Support (support@schulverlag.ch oder Tel. +41582681414).Die Lizenz erm\u00f6glicht den Zugriff auf den Inhalt in allen Schulsprachen (Deutsch \/ Sursilvan \/ Sutsilvan \/ Surmiran \/ Puter \/ Vallader \/ Rumantsch Grischun \/ Italiano)***Hinweis f\u00fcr Buchhandlungen \/ Wiederverk\u00e4ufer:Dieser Artikel kann von den Kundinnen und Kunden nur direkt \u00fcber den Shop von Lehrmittel Graub\u00fcnden bezogen werden.&nbsp;\" \/>\n<meta property=\"og:url\" content=\"https:\/\/www.lmv.gr.ch\/produkt\/deeinblick-graubuenden-invista-grischun-colpo-docchio-grigioni-ebook-2\/\" \/>\n<meta property=\"og:site_name\" content=\"Lehrmittel Graub\u00fcnden\" \/>\n<meta property=\"article:modified_time\" content=\"2026-01-08T00:56:04+00:00\" \/>\n<meta property=\"og:image\" content=\"https:\/\/www.lmv.gr.ch\/wp-content\/uploads\/asolmerce\/image-978-3-292-01015-5.png\" \/>\n\t<meta property=\"og:image:width\" content=\"800\" \/>\n\t<meta property=\"og:image:height\" content=\"1131\" \/>\n\t<meta property=\"og:image:type\" content=\"image\/png\" \/>\n<meta name=\"twitter:label1\" content=\"Est. reading time\" \/>\n\t<meta name=\"twitter:data1\" content=\"1 minute\" \/>\n<script type=\"application\/ld+json\" class=\"yoast-schema-graph\">{\"@context\":\"https:\/\/schema.org\",\"@graph\":[{\"@type\":\"WebPage\",\"@id\":\"https:\/\/www.lmv.gr.ch\/produkt\/deeinblick-graubuenden-invista-grischun-colpo-docchio-grigioni-ebook-2\/\",\"url\":\"https:\/\/www.lmv.gr.ch\/produkt\/deeinblick-graubuenden-invista-grischun-colpo-docchio-grigioni-ebook-2\/\",\"name\":\"EinBlick Graub\u00fcnden \/ InVista Grischun \/ Colpo d'Occhio Grigioni - Lehrmittel Graub\u00fcnden\",\"isPartOf\":{\"@id\":\"https:\/\/www.lmv.gr.ch\/#website\"},\"primaryImageOfPage\":{\"@id\":\"https:\/\/www.lmv.gr.ch\/produkt\/deeinblick-graubuenden-invista-grischun-colpo-docchio-grigioni-ebook-2\/#primaryimage\"},\"image\":{\"@id\":\"https:\/\/www.lmv.gr.ch\/produkt\/deeinblick-graubuenden-invista-grischun-colpo-docchio-grigioni-ebook-2\/#primaryimage\"},\"thumbnailUrl\":\"https:\/\/www.lmv.gr.ch\/wp-content\/uploads\/asolmerce\/image-978-3-292-01015-5.png\",\"datePublished\":\"2026-01-07T23:55:03+00:00\",\"dateModified\":\"2026-01-08T00:56:04+00:00\",\"breadcrumb\":{\"@id\":\"https:\/\/www.lmv.gr.ch\/produkt\/deeinblick-graubuenden-invista-grischun-colpo-docchio-grigioni-ebook-2\/#breadcrumb\"},\"inLanguage\":\"rm\",\"potentialAction\":[{\"@type\":\"ReadAction\",\"target\":[\"https:\/\/www.lmv.gr.ch\/produkt\/deeinblick-graubuenden-invista-grischun-colpo-docchio-grigioni-ebook-2\/\"]}]},{\"@type\":\"ImageObject\",\"inLanguage\":\"rm\",\"@id\":\"https:\/\/www.lmv.gr.ch\/produkt\/deeinblick-graubuenden-invista-grischun-colpo-docchio-grigioni-ebook-2\/#primaryimage\",\"url\":\"https:\/\/www.lmv.gr.ch\/wp-content\/uploads\/asolmerce\/image-978-3-292-01015-5.png\",\"contentUrl\":\"https:\/\/www.lmv.gr.ch\/wp-content\/uploads\/asolmerce\/image-978-3-292-01015-5.png\",\"width\":800,\"height\":1131},{\"@type\":\"BreadcrumbList\",\"@id\":\"https:\/\/www.lmv.gr.ch\/produkt\/deeinblick-graubuenden-invista-grischun-colpo-docchio-grigioni-ebook-2\/#breadcrumb\",\"itemListElement\":[{\"@type\":\"ListItem\",\"position\":1,\"name\":\"Home\",\"item\":\"https:\/\/www.lmv.gr.ch\/\"},{\"@type\":\"ListItem\",\"position\":2,\"name\":\"Shop\",\"item\":\"https:\/\/www.lmv.gr.ch\/it\/shop\/\"},{\"@type\":\"ListItem\",\"position\":3,\"name\":\"EinBlick Graub\u00fcnden \/ InVista Grischun \/ Colpo d&#8217;Occhio Grigioni\"}]},{\"@type\":\"WebSite\",\"@id\":\"https:\/\/www.lmv.gr.ch\/#website\",\"url\":\"https:\/\/www.lmv.gr.ch\/\",\"name\":\"Lehrmittel Graub\u00fcnden\",\"description\":\"Lehrmittel des Kantons Graub\u00fcnden\",\"potentialAction\":[{\"@type\":\"SearchAction\",\"target\":{\"@type\":\"EntryPoint\",\"urlTemplate\":\"https:\/\/www.lmv.gr.ch\/?s={search_term_string}\"},\"query-input\":{\"@type\":\"PropertyValueSpecification\",\"valueRequired\":true,\"valueName\":\"search_term_string\"}}],\"inLanguage\":\"rm\"}]}<\/script>\n<!-- \/ Yoast SEO plugin. -->","yoast_head_json":{"title":"EinBlick Graub\u00fcnden \/ InVista Grischun \/ Colpo d'Occhio Grigioni - Lehrmittel Graub\u00fcnden","robots":{"index":"index","follow":"follow","max-snippet":"max-snippet:-1","max-image-preview":"max-image-preview:large","max-video-preview":"max-video-preview:-1"},"canonical":"https:\/\/www.lmv.gr.ch\/en\/produkt\/deeinblick-graubuenden-invista-grischun-colpo-docchio-grigioni-ebook-2\/","og_locale":"en_US","og_type":"article","og_title":"EinBlick Graub\u00fcnden \/ InVista Grischun \/ Colpo d'Occhio Grigioni - Lehrmittel Graub\u00fcnden","og_description":"\u00abEinBlick Graub\u00fcnden\u00bb ist ein digitales NMG-Lehrmittel f\u00fcr regionale Inhalte - entwickelt im Auftrag des Kantons Graub\u00fcnden. In 16 Lernarrangements werden die Kompetenzbereiche 2 und 5\u201312 zu lebensweltlichen Bez\u00fcgen umgesetzt.&nbsp;Die Entwicklung wird per Ende 2026 abgeschlossen sein.&nbsp;Auf der Plattform navigieren die Sch\u00fclerinnen und Sch\u00fcler in ihrer Schulsprache durch motivierende Aufgabenstellungen. Sie werden zum Erkunden ihrer n\u00e4heren Umgebung aufgefordert und entdecken diese sowie ihren Kanton \u00fcber viele spannende, multimediale und interaktive Inhalte.Laufzeit der Nutzungslizenz: sofort g\u00fcltig bis 31.8. des FolgejahresDas Lehrmittel steht fr\u00fchestens 24 Stunden (Bearbeitungszeit) nach Erwerb der Lizenz zur Verf\u00fcgung.Loggen Sie sich bitte auf Ihrem Nutzerkonto beim Schulverlag plus ein und aktivieren dort die f\u00fcr Ihre Schuleinheit bereitgestellten Lizenzen.Falls Sie noch kein Schulverlag Plus-Login besitzen, kontaktieren Sie bitte den Support (support@schulverlag.ch oder Tel. +41582681414).Die Lizenz erm\u00f6glicht den Zugriff auf den Inhalt in allen Schulsprachen (Deutsch \/ Sursilvan \/ Sutsilvan \/ Surmiran \/ Puter \/ Vallader \/ Rumantsch Grischun \/ Italiano)***Hinweis f\u00fcr Buchhandlungen \/ Wiederverk\u00e4ufer:Dieser Artikel kann von den Kundinnen und Kunden nur direkt \u00fcber den Shop von Lehrmittel Graub\u00fcnden bezogen werden.&nbsp;","og_url":"https:\/\/www.lmv.gr.ch\/produkt\/deeinblick-graubuenden-invista-grischun-colpo-docchio-grigioni-ebook-2\/","og_site_name":"Lehrmittel Graub\u00fcnden","article_modified_time":"2026-01-08T00:56:04+00:00","og_image":[{"width":800,"height":1131,"url":"https:\/\/www.lmv.gr.ch\/wp-content\/uploads\/asolmerce\/image-978-3-292-01015-5.png","type":"image\/png"}],"twitter_misc":{"Est. reading time":"1 minute"},"schema":{"@context":"https:\/\/schema.org","@graph":[{"@type":"WebPage","@id":"https:\/\/www.lmv.gr.ch\/produkt\/deeinblick-graubuenden-invista-grischun-colpo-docchio-grigioni-ebook-2\/","url":"https:\/\/www.lmv.gr.ch\/produkt\/deeinblick-graubuenden-invista-grischun-colpo-docchio-grigioni-ebook-2\/","name":"EinBlick Graub\u00fcnden \/ InVista Grischun \/ Colpo d'Occhio Grigioni - Lehrmittel Graub\u00fcnden","isPartOf":{"@id":"https:\/\/www.lmv.gr.ch\/#website"},"primaryImageOfPage":{"@id":"https:\/\/www.lmv.gr.ch\/produkt\/deeinblick-graubuenden-invista-grischun-colpo-docchio-grigioni-ebook-2\/#primaryimage"},"image":{"@id":"https:\/\/www.lmv.gr.ch\/produkt\/deeinblick-graubuenden-invista-grischun-colpo-docchio-grigioni-ebook-2\/#primaryimage"},"thumbnailUrl":"https:\/\/www.lmv.gr.ch\/wp-content\/uploads\/asolmerce\/image-978-3-292-01015-5.png","datePublished":"2026-01-07T23:55:03+00:00","dateModified":"2026-01-08T00:56:04+00:00","breadcrumb":{"@id":"https:\/\/www.lmv.gr.ch\/produkt\/deeinblick-graubuenden-invista-grischun-colpo-docchio-grigioni-ebook-2\/#breadcrumb"},"inLanguage":"rm","potentialAction":[{"@type":"ReadAction","target":["https:\/\/www.lmv.gr.ch\/produkt\/deeinblick-graubuenden-invista-grischun-colpo-docchio-grigioni-ebook-2\/"]}]},{"@type":"ImageObject","inLanguage":"rm","@id":"https:\/\/www.lmv.gr.ch\/produkt\/deeinblick-graubuenden-invista-grischun-colpo-docchio-grigioni-ebook-2\/#primaryimage","url":"https:\/\/www.lmv.gr.ch\/wp-content\/uploads\/asolmerce\/image-978-3-292-01015-5.png","contentUrl":"https:\/\/www.lmv.gr.ch\/wp-content\/uploads\/asolmerce\/image-978-3-292-01015-5.png","width":800,"height":1131},{"@type":"BreadcrumbList","@id":"https:\/\/www.lmv.gr.ch\/produkt\/deeinblick-graubuenden-invista-grischun-colpo-docchio-grigioni-ebook-2\/#breadcrumb","itemListElement":[{"@type":"ListItem","position":1,"name":"Home","item":"https:\/\/www.lmv.gr.ch\/"},{"@type":"ListItem","position":2,"name":"Shop","item":"https:\/\/www.lmv.gr.ch\/it\/shop\/"},{"@type":"ListItem","position":3,"name":"EinBlick Graub\u00fcnden \/ InVista Grischun \/ Colpo d&#8217;Occhio Grigioni"}]},{"@type":"WebSite","@id":"https:\/\/www.lmv.gr.ch\/#website","url":"https:\/\/www.lmv.gr.ch\/","name":"Lehrmittel Graub\u00fcnden","description":"Lehrmittel des Kantons Graub\u00fcnden","potentialAction":[{"@type":"SearchAction","target":{"@type":"EntryPoint","urlTemplate":"https:\/\/www.lmv.gr.ch\/?s={search_term_string}"},"query-input":{"@type":"PropertyValueSpecification","valueRequired":true,"valueName":"search_term_string"}}],"inLanguage":"rm"}]}},"_links":{"self":[{"href":"https:\/\/www.lmv.gr.ch\/en\/wp-json\/wp\/v2\/product\/83327","targetHints":{"allow":["GET"]}}],"collection":[{"href":"https:\/\/www.lmv.gr.ch\/en\/wp-json\/wp\/v2\/product"}],"about":[{"href":"https:\/\/www.lmv.gr.ch\/en\/wp-json\/wp\/v2\/types\/product"}],"replies":[{"embeddable":true,"href":"https:\/\/www.lmv.gr.ch\/en\/wp-json\/wp\/v2\/comments?post=83327"}],"wp:featuredmedia":[{"embeddable":true,"href":"https:\/\/www.lmv.gr.ch\/en\/wp-json\/wp\/v2\/media\/83371"}],"wp:attachment":[{"href":"https:\/\/www.lmv.gr.ch\/en\/wp-json\/wp\/v2\/media?parent=83327"}],"wp:term":[{"taxonomy":"product_cat","embeddable":true,"href":"https:\/\/www.lmv.gr.ch\/en\/wp-json\/wp\/v2\/product_cat?post=83327"},{"taxonomy":"product_tag","embeddable":true,"href":"https:\/\/www.lmv.gr.ch\/en\/wp-json\/wp\/v2\/product_tag?post=83327"}],"curies":[{"name":"wp","href":"https:\/\/api.w.org\/{rel}","templated":true}]}}