{"id":83085,"date":"2026-01-07T23:55:02","date_gmt":"2026-01-07T23:55:02","guid":{"rendered":"https:\/\/www.lmv.gr.ch\/produkt\/empty-product-container\/"},"modified":"2026-01-08T02:56:02","modified_gmt":"2026-01-08T00:56:02","slug":"deprofolio-elecziun-da-clamada","status":"publish","type":"product","link":"https:\/\/www.lmv.gr.ch\/en\/produkt\/deprofolio-elecziun-da-clamada\/","title":{"rendered":"profolio elecziun da clamada"},"content":{"rendered":"<p class=\"qtranxs-available-languages-message qtranxs-available-languages-message-en\">Leider ist der Eintrag nur auf <a href=\"https:\/\/www.lmv.gr.ch\/de\/wp-json\/wp\/v2\/product\/83085\" class=\"qtranxs-available-language-link qtranxs-available-language-link-de\" title=\"Deutsch\">Deutsch<\/a> verf\u00fcgbar<\/p><p><\/p>\n<div><b>Bestellung \u00fcber den Webshop des S&amp;B-Instituts: www.profolio.ch<\/b><\/div>\n<div><b><br \/><\/b><\/div>\n<div><b>Wer bin ich? Was kann ich? Was will ich?<\/b><\/div>\n<div><\/div>\n<div>In sechs Kapiteln findet deine Klasse mit dir die Antworten auf diese zentralen Fragen &#8211; denn Berufswahl ist Pers\u00f6nlichkeitsentwicklung in Deutsch und Sursilvan. In motivierenden Challenges lernen sich die Jugendlichen besser kennen und gelangen mit Profolio zu einem reflektierten und bewussten ersten Berufswahlentscheid. In diesem faszinierenden Prozess begleitet das digitale Lernmedium Lehrpersonen, Jugendlichen und deren Eltern sowie die Berufswahlbegleitenden.<\/div>\n<div><\/div>\n<div>Mit Profolio f\u00f6rderst du deine Sch\u00fclerinnen und Sch\u00fcler individuell &#8211; ihre Pers\u00f6nlichkeitsentwicklung steht dabei im Zentrum.<\/div>\n<p><\/p>\n<div><b>Es geht um:<\/b><\/div>\n<div>&#8211; Sensibilisierung f\u00fcr Lebens- und Arbeitsformen<\/div>\n<div>&#8211; Selbstreflexion<\/div>\n<div>&#8211; Identit\u00e4tsbildung<\/div>\n<div>&#8211; Analyse von Ausbildungsm\u00f6glichkeiten<\/div>\n<div>&#8211; authentische Argumentation<\/div>\n<div>&#8211; eine bewusste und realistische Entscheidung<\/div>\n<div><\/div>\n<div>Profolio baut auf dem kompetenzorientierten S&amp;B Concept\u00ae auf und unterst\u00fctzt ein subtiles, auf die individuellen Bed\u00fcrfnisse der Jugendlichen eingehendes Coachingvorgehen. Mit Profolio hast du ein umfassendes Arbeitsmittel zur Hand, um deine Sch\u00fclerinnen und Sch\u00fcler auf ihrem Weg zum Traumberuf zu begleiten.<\/div>\n<p><\/p>\n<div><b>Hinweis:<\/b><\/div>\n<div>&#8211; Lizenzen f\u00fcr Sch\u00fclerinnen und Sch\u00fcler beinhalten auch unlimitierte Anzahl Zug\u00e4nge f\u00fcr die Eltern und Erziehungsberechtigte.<\/div>\n<div>&#8211; Es kann jederzeit zwischen den beiden Sprachen umgeschaltet werden.<\/div>\n<p><\/p>\n<div class=\"synved-social-container synved-social-container-follow\" style=\"text-align: right\"><a class=\"synved-social-button synved-social-button-follow synved-social-size-24 synved-social-resolution-normal synved-social-provider-facebook nolightbox\" data-provider=\"facebook\" target=\"_blank\" rel=\"nofollow\" title=\"Follow us on Facebook\" href=\"https:\/\/www.facebook.com\/facebook\" style=\"font-size: 0px;width:24px;height:24px;margin:0;margin-bottom:5px;margin-right:5px\"><img loading=\"lazy\" decoding=\"async\" alt=\"Facebook\" title=\"Follow us on Facebook\" class=\"synved-share-image synved-social-image synved-social-image-follow\" width=\"24\" height=\"24\" style=\"display: inline;width:24px;height:24px;margin: 0;padding: 0;border: none;box-shadow: none\" src=\"https:\/\/www.lmv.gr.ch\/wp-content\/plugins\/social-media-feather\/synved-social\/image\/social\/regular\/24x24\/facebook.png\" \/><\/a><a class=\"synved-social-button synved-social-button-follow synved-social-size-24 synved-social-resolution-normal synved-social-provider-twitter nolightbox\" data-provider=\"twitter\" target=\"_blank\" rel=\"nofollow\" title=\"Follow us on Twitter\" href=\"https:\/\/twitter.com\/twitter\" style=\"font-size: 0px;width:24px;height:24px;margin:0;margin-bottom:5px;margin-right:5px\"><img loading=\"lazy\" decoding=\"async\" alt=\"twitter\" title=\"Follow us on Twitter\" class=\"synved-share-image synved-social-image synved-social-image-follow\" width=\"24\" height=\"24\" style=\"display: inline;width:24px;height:24px;margin: 0;padding: 0;border: none;box-shadow: none\" src=\"https:\/\/www.lmv.gr.ch\/wp-content\/plugins\/social-media-feather\/synved-social\/image\/social\/regular\/24x24\/twitter.png\" \/><\/a><a class=\"synved-social-button synved-social-button-follow synved-social-size-24 synved-social-resolution-normal synved-social-provider-linkedin nolightbox\" data-provider=\"linkedin\" target=\"_blank\" rel=\"nofollow\" title=\"Find us on Linkedin\" href=\"https:\/\/www.linkedin.com\/in\/yourid\" style=\"font-size: 0px;width:24px;height:24px;margin:0;margin-bottom:5px;margin-right:5px\"><img loading=\"lazy\" decoding=\"async\" alt=\"linkedin\" title=\"Find us on Linkedin\" class=\"synved-share-image synved-social-image synved-social-image-follow\" width=\"24\" height=\"24\" style=\"display: inline;width:24px;height:24px;margin: 0;padding: 0;border: none;box-shadow: none\" src=\"https:\/\/www.lmv.gr.ch\/wp-content\/plugins\/social-media-feather\/synved-social\/image\/social\/regular\/24x24\/linkedin.png\" \/><\/a><a class=\"synved-social-button synved-social-button-follow synved-social-size-24 synved-social-resolution-normal synved-social-provider-rss nolightbox\" data-provider=\"rss\" target=\"_blank\" rel=\"nofollow\" title=\"Subscribe to our RSS Feed\" href=\"https:\/\/feeds.feedburner.com\/MyFeedName\" style=\"font-size: 0px;width:24px;height:24px;margin:0;margin-bottom:5px;margin-right:5px\"><img loading=\"lazy\" decoding=\"async\" alt=\"rss\" title=\"Subscribe to our RSS Feed\" class=\"synved-share-image synved-social-image synved-social-image-follow\" width=\"24\" height=\"24\" style=\"display: inline;width:24px;height:24px;margin: 0;padding: 0;border: none;box-shadow: none\" src=\"https:\/\/www.lmv.gr.ch\/wp-content\/plugins\/social-media-feather\/synved-social\/image\/social\/regular\/24x24\/rss.png\" \/><\/a><a class=\"synved-social-button synved-social-button-follow synved-social-size-24 synved-social-resolution-normal synved-social-provider-youtube nolightbox\" data-provider=\"youtube\" target=\"_blank\" rel=\"nofollow\" title=\"Find us on YouTube\" href=\"https:\/\/www.youtube.com\/MyYouTubeName\" style=\"font-size: 0px;width:24px;height:24px;margin:0;margin-bottom:5px\"><img loading=\"lazy\" decoding=\"async\" alt=\"youtube\" title=\"Find us on YouTube\" class=\"synved-share-image synved-social-image synved-social-image-follow\" width=\"24\" height=\"24\" style=\"display: inline;width:24px;height:24px;margin: 0;padding: 0;border: none;box-shadow: none\" src=\"https:\/\/www.lmv.gr.ch\/wp-content\/plugins\/social-media-feather\/synved-social\/image\/social\/regular\/24x24\/youtube.png\" \/><\/a><a class=\"synved-social-button synved-social-button-follow synved-social-size-24 synved-social-resolution-hidef synved-social-provider-facebook nolightbox\" data-provider=\"facebook\" target=\"_blank\" rel=\"nofollow\" title=\"Follow us on Facebook\" href=\"https:\/\/www.facebook.com\/facebook\" style=\"font-size: 0px;width:24px;height:24px;margin:0;margin-bottom:5px;margin-right:5px\"><img loading=\"lazy\" decoding=\"async\" alt=\"Facebook\" title=\"Follow us on Facebook\" class=\"synved-share-image synved-social-image synved-social-image-follow\" width=\"24\" height=\"24\" style=\"display: inline;width:24px;height:24px;margin: 0;padding: 0;border: none;box-shadow: none\" src=\"https:\/\/www.lmv.gr.ch\/wp-content\/plugins\/social-media-feather\/synved-social\/image\/social\/regular\/48x48\/facebook.png\" \/><\/a><a class=\"synved-social-button synved-social-button-follow synved-social-size-24 synved-social-resolution-hidef synved-social-provider-twitter nolightbox\" data-provider=\"twitter\" target=\"_blank\" rel=\"nofollow\" title=\"Follow us on Twitter\" href=\"https:\/\/twitter.com\/twitter\" style=\"font-size: 0px;width:24px;height:24px;margin:0;margin-bottom:5px;margin-right:5px\"><img loading=\"lazy\" decoding=\"async\" alt=\"twitter\" title=\"Follow us on Twitter\" class=\"synved-share-image synved-social-image synved-social-image-follow\" width=\"24\" height=\"24\" style=\"display: inline;width:24px;height:24px;margin: 0;padding: 0;border: none;box-shadow: none\" src=\"https:\/\/www.lmv.gr.ch\/wp-content\/plugins\/social-media-feather\/synved-social\/image\/social\/regular\/48x48\/twitter.png\" \/><\/a><a class=\"synved-social-button synved-social-button-follow synved-social-size-24 synved-social-resolution-hidef synved-social-provider-linkedin nolightbox\" data-provider=\"linkedin\" target=\"_blank\" rel=\"nofollow\" title=\"Find us on Linkedin\" href=\"https:\/\/www.linkedin.com\/in\/yourid\" style=\"font-size: 0px;width:24px;height:24px;margin:0;margin-bottom:5px;margin-right:5px\"><img loading=\"lazy\" decoding=\"async\" alt=\"linkedin\" title=\"Find us on Linkedin\" class=\"synved-share-image synved-social-image synved-social-image-follow\" width=\"24\" height=\"24\" style=\"display: inline;width:24px;height:24px;margin: 0;padding: 0;border: none;box-shadow: none\" src=\"https:\/\/www.lmv.gr.ch\/wp-content\/plugins\/social-media-feather\/synved-social\/image\/social\/regular\/48x48\/linkedin.png\" \/><\/a><a class=\"synved-social-button synved-social-button-follow synved-social-size-24 synved-social-resolution-hidef synved-social-provider-rss nolightbox\" data-provider=\"rss\" target=\"_blank\" rel=\"nofollow\" title=\"Subscribe to our RSS Feed\" href=\"https:\/\/feeds.feedburner.com\/MyFeedName\" style=\"font-size: 0px;width:24px;height:24px;margin:0;margin-bottom:5px;margin-right:5px\"><img loading=\"lazy\" decoding=\"async\" alt=\"rss\" title=\"Subscribe to our RSS Feed\" class=\"synved-share-image synved-social-image synved-social-image-follow\" width=\"24\" height=\"24\" style=\"display: inline;width:24px;height:24px;margin: 0;padding: 0;border: none;box-shadow: none\" src=\"https:\/\/www.lmv.gr.ch\/wp-content\/plugins\/social-media-feather\/synved-social\/image\/social\/regular\/48x48\/rss.png\" \/><\/a><a class=\"synved-social-button synved-social-button-follow synved-social-size-24 synved-social-resolution-hidef synved-social-provider-youtube nolightbox\" data-provider=\"youtube\" target=\"_blank\" rel=\"nofollow\" title=\"Find us on YouTube\" href=\"https:\/\/www.youtube.com\/MyYouTubeName\" style=\"font-size: 0px;width:24px;height:24px;margin:0;margin-bottom:5px\"><img loading=\"lazy\" decoding=\"async\" alt=\"youtube\" title=\"Find us on YouTube\" class=\"synved-share-image synved-social-image synved-social-image-follow\" width=\"24\" height=\"24\" style=\"display: inline;width:24px;height:24px;margin: 0;padding: 0;border: none;box-shadow: none\" src=\"https:\/\/www.lmv.gr.ch\/wp-content\/plugins\/social-media-feather\/synved-social\/image\/social\/regular\/48x48\/youtube.png\" \/><\/a><\/div>","protected":false},"excerpt":{"rendered":"<p class=\"qtranxs-available-languages-message qtranxs-available-languages-message-en\">Leider ist der Eintrag nur auf <a href=\"https:\/\/www.lmv.gr.ch\/de\/wp-json\/wp\/v2\/product\/83085\" class=\"qtranxs-available-language-link qtranxs-available-language-link-de\" title=\"Deutsch\">Deutsch<\/a> verf\u00fcgbar<\/p>\n<div><b>Bestellung \u00fcber den Webshop des S&amp;B-Instituts: www.profolio.ch<\/b><\/div>\n<div><b><br \/><\/b><\/div>\n<div><b>Wer bin ich? Was kann ich? Was will ich?<\/b><\/div>\n<div><\/div>\n<div>In sechs Kapiteln findet deine Klasse mit dir die Antworten auf diese zentralen Fragen &#8211; denn Berufswahl ist Pers\u00f6nlichkeitsentwicklung in Deutsch und Sursilvan. In motivierenden Challenges lernen sich die Jugendlichen besser kennen und gelangen mit Profolio zu einem reflektierten und bewussten ersten Berufswahlentscheid. In diesem faszinierenden Prozess begleitet das digitale Lernmedium Lehrpersonen, Jugendlichen und deren Eltern sowie die Berufswahlbegleitenden.<\/div>\n<div><\/div>\n<div>Mit Profolio f\u00f6rderst du deine Sch\u00fclerinnen und Sch\u00fcler individuell &#8211; ihre Pers\u00f6nlichkeitsentwicklung steht dabei im Zentrum.<\/div>\n<p><\/p>\n<div><b>Es geht um:<\/b><\/div>\n<div>&#8211; Sensibilisierung f\u00fcr Lebens- und Arbeitsformen<\/div>\n<div>&#8211; Selbstreflexion<\/div>\n<div>&#8211; Identit\u00e4tsbildung<\/div>\n<div>&#8211; Analyse von Ausbildungsm\u00f6glichkeiten<\/div>\n<div>&#8211; authentische Argumentation<\/div>\n<div>&#8211; eine bewusste und realistische Entscheidung<\/div>\n<div><\/div>\n<div>Profolio baut auf dem kompetenzorientierten S&amp;B Concept\u00ae auf und unterst\u00fctzt ein subtiles, auf die individuellen Bed\u00fcrfnisse der Jugendlichen eingehendes Coachingvorgehen. Mit Profolio hast du ein umfassendes Arbeitsmittel zur Hand, um deine Sch\u00fclerinnen und Sch\u00fcler auf ihrem Weg zum Traumberuf zu begleiten.<\/div>\n<p><\/p>\n<div><b>Hinweis:<\/b><\/div>\n<div>&#8211; Lizenzen f\u00fcr Sch\u00fclerinnen und Sch\u00fcler beinhalten auch unlimitierte Anzahl Zug\u00e4nge f\u00fcr die Eltern und Erziehungsberechtigte.<\/div>\n<div>&#8211; Es kann jederzeit zwischen den beiden Sprachen umgeschaltet werden.<\/div>\n","protected":false},"featured_media":83086,"comment_status":"closed","ping_status":"closed","template":"","meta":[],"product_cat":[4296],"product_tag":[],"class_list":["post-83085","product","type-product","status-publish","has-post-thumbnail","hentry","product_cat-sursilvan-berufliche-orientierung"],"acf":[],"yoast_head":"<!-- This site is optimized with the Yoast SEO plugin v24.6 - https:\/\/yoast.com\/wordpress\/plugins\/seo\/ -->\n<title>profolio elecziun da clamada - Lehrmittel Graub\u00fcnden<\/title>\n<meta name=\"robots\" content=\"index, follow, max-snippet:-1, max-image-preview:large, max-video-preview:-1\" \/>\n<link rel=\"canonical\" href=\"https:\/\/www.lmv.gr.ch\/en\/produkt\/deprofolio-elecziun-da-clamada\/\" \/>\n<meta property=\"og:locale\" content=\"en_US\" \/>\n<meta property=\"og:type\" content=\"article\" \/>\n<meta property=\"og:title\" content=\"profolio elecziun da clamada - Lehrmittel Graub\u00fcnden\" \/>\n<meta property=\"og:description\" content=\"Bestellung \u00fcber den Webshop des S&amp;B-Instituts: www.profolio.chWer bin ich? Was kann ich? Was will ich?In sechs Kapiteln findet deine Klasse mit dir die Antworten auf diese zentralen Fragen - denn Berufswahl ist Pers\u00f6nlichkeitsentwicklung in Deutsch und Sursilvan. In motivierenden Challenges lernen sich die Jugendlichen besser kennen und gelangen mit Profolio zu einem reflektierten und bewussten ersten Berufswahlentscheid. In diesem faszinierenden Prozess begleitet das digitale Lernmedium Lehrpersonen, Jugendlichen und deren Eltern sowie die Berufswahlbegleitenden.Mit Profolio f\u00f6rderst du deine Sch\u00fclerinnen und Sch\u00fcler individuell - ihre Pers\u00f6nlichkeitsentwicklung steht dabei im Zentrum.Es geht um:- Sensibilisierung f\u00fcr Lebens- und Arbeitsformen- Selbstreflexion- Identit\u00e4tsbildung- Analyse von Ausbildungsm\u00f6glichkeiten- authentische Argumentation- eine bewusste und realistische EntscheidungProfolio baut auf dem kompetenzorientierten S&amp;B Concept\u00ae auf und unterst\u00fctzt ein subtiles, auf die individuellen Bed\u00fcrfnisse der Jugendlichen eingehendes Coachingvorgehen. Mit Profolio hast du ein umfassendes Arbeitsmittel zur Hand, um deine Sch\u00fclerinnen und Sch\u00fcler auf ihrem Weg zum Traumberuf zu begleiten.Hinweis:- Lizenzen f\u00fcr Sch\u00fclerinnen und Sch\u00fcler beinhalten auch unlimitierte Anzahl Zug\u00e4nge f\u00fcr die Eltern und Erziehungsberechtigte.- Es kann jederzeit zwischen den beiden Sprachen umgeschaltet werden.\" \/>\n<meta property=\"og:url\" content=\"https:\/\/www.lmv.gr.ch\/produkt\/deprofolio-elecziun-da-clamada\/\" \/>\n<meta property=\"og:site_name\" content=\"Lehrmittel Graub\u00fcnden\" \/>\n<meta property=\"article:modified_time\" content=\"2026-01-08T00:56:02+00:00\" \/>\n<meta property=\"og:image\" content=\"https:\/\/www.lmv.gr.ch\/wp-content\/uploads\/asolmerce\/image-12101432.png\" \/>\n\t<meta property=\"og:image:width\" content=\"1027\" \/>\n\t<meta property=\"og:image:height\" content=\"944\" \/>\n\t<meta property=\"og:image:type\" content=\"image\/png\" \/>\n<meta name=\"twitter:label1\" content=\"Est. reading time\" \/>\n\t<meta name=\"twitter:data1\" content=\"1 minute\" \/>\n<script type=\"application\/ld+json\" class=\"yoast-schema-graph\">{\"@context\":\"https:\/\/schema.org\",\"@graph\":[{\"@type\":\"WebPage\",\"@id\":\"https:\/\/www.lmv.gr.ch\/produkt\/deprofolio-elecziun-da-clamada\/\",\"url\":\"https:\/\/www.lmv.gr.ch\/produkt\/deprofolio-elecziun-da-clamada\/\",\"name\":\"profolio elecziun da clamada - Lehrmittel Graub\u00fcnden\",\"isPartOf\":{\"@id\":\"https:\/\/www.lmv.gr.ch\/#website\"},\"primaryImageOfPage\":{\"@id\":\"https:\/\/www.lmv.gr.ch\/produkt\/deprofolio-elecziun-da-clamada\/#primaryimage\"},\"image\":{\"@id\":\"https:\/\/www.lmv.gr.ch\/produkt\/deprofolio-elecziun-da-clamada\/#primaryimage\"},\"thumbnailUrl\":\"https:\/\/www.lmv.gr.ch\/wp-content\/uploads\/asolmerce\/image-12101432.png\",\"datePublished\":\"2026-01-07T23:55:02+00:00\",\"dateModified\":\"2026-01-08T00:56:02+00:00\",\"breadcrumb\":{\"@id\":\"https:\/\/www.lmv.gr.ch\/produkt\/deprofolio-elecziun-da-clamada\/#breadcrumb\"},\"inLanguage\":\"rm\",\"potentialAction\":[{\"@type\":\"ReadAction\",\"target\":[\"https:\/\/www.lmv.gr.ch\/produkt\/deprofolio-elecziun-da-clamada\/\"]}]},{\"@type\":\"ImageObject\",\"inLanguage\":\"rm\",\"@id\":\"https:\/\/www.lmv.gr.ch\/produkt\/deprofolio-elecziun-da-clamada\/#primaryimage\",\"url\":\"https:\/\/www.lmv.gr.ch\/wp-content\/uploads\/asolmerce\/image-12101432.png\",\"contentUrl\":\"https:\/\/www.lmv.gr.ch\/wp-content\/uploads\/asolmerce\/image-12101432.png\",\"width\":1027,\"height\":944},{\"@type\":\"BreadcrumbList\",\"@id\":\"https:\/\/www.lmv.gr.ch\/produkt\/deprofolio-elecziun-da-clamada\/#breadcrumb\",\"itemListElement\":[{\"@type\":\"ListItem\",\"position\":1,\"name\":\"Home\",\"item\":\"https:\/\/www.lmv.gr.ch\/\"},{\"@type\":\"ListItem\",\"position\":2,\"name\":\"Shop\",\"item\":\"https:\/\/www.lmv.gr.ch\/it\/shop\/\"},{\"@type\":\"ListItem\",\"position\":3,\"name\":\"profolio elecziun da clamada\"}]},{\"@type\":\"WebSite\",\"@id\":\"https:\/\/www.lmv.gr.ch\/#website\",\"url\":\"https:\/\/www.lmv.gr.ch\/\",\"name\":\"Lehrmittel Graub\u00fcnden\",\"description\":\"Lehrmittel des Kantons Graub\u00fcnden\",\"potentialAction\":[{\"@type\":\"SearchAction\",\"target\":{\"@type\":\"EntryPoint\",\"urlTemplate\":\"https:\/\/www.lmv.gr.ch\/?s={search_term_string}\"},\"query-input\":{\"@type\":\"PropertyValueSpecification\",\"valueRequired\":true,\"valueName\":\"search_term_string\"}}],\"inLanguage\":\"rm\"}]}<\/script>\n<!-- \/ Yoast SEO plugin. -->","yoast_head_json":{"title":"profolio elecziun da clamada - Lehrmittel Graub\u00fcnden","robots":{"index":"index","follow":"follow","max-snippet":"max-snippet:-1","max-image-preview":"max-image-preview:large","max-video-preview":"max-video-preview:-1"},"canonical":"https:\/\/www.lmv.gr.ch\/en\/produkt\/deprofolio-elecziun-da-clamada\/","og_locale":"en_US","og_type":"article","og_title":"profolio elecziun da clamada - Lehrmittel Graub\u00fcnden","og_description":"Bestellung \u00fcber den Webshop des S&amp;B-Instituts: www.profolio.chWer bin ich? Was kann ich? Was will ich?In sechs Kapiteln findet deine Klasse mit dir die Antworten auf diese zentralen Fragen - denn Berufswahl ist Pers\u00f6nlichkeitsentwicklung in Deutsch und Sursilvan. In motivierenden Challenges lernen sich die Jugendlichen besser kennen und gelangen mit Profolio zu einem reflektierten und bewussten ersten Berufswahlentscheid. In diesem faszinierenden Prozess begleitet das digitale Lernmedium Lehrpersonen, Jugendlichen und deren Eltern sowie die Berufswahlbegleitenden.Mit Profolio f\u00f6rderst du deine Sch\u00fclerinnen und Sch\u00fcler individuell - ihre Pers\u00f6nlichkeitsentwicklung steht dabei im Zentrum.Es geht um:- Sensibilisierung f\u00fcr Lebens- und Arbeitsformen- Selbstreflexion- Identit\u00e4tsbildung- Analyse von Ausbildungsm\u00f6glichkeiten- authentische Argumentation- eine bewusste und realistische EntscheidungProfolio baut auf dem kompetenzorientierten S&amp;B Concept\u00ae auf und unterst\u00fctzt ein subtiles, auf die individuellen Bed\u00fcrfnisse der Jugendlichen eingehendes Coachingvorgehen. Mit Profolio hast du ein umfassendes Arbeitsmittel zur Hand, um deine Sch\u00fclerinnen und Sch\u00fcler auf ihrem Weg zum Traumberuf zu begleiten.Hinweis:- Lizenzen f\u00fcr Sch\u00fclerinnen und Sch\u00fcler beinhalten auch unlimitierte Anzahl Zug\u00e4nge f\u00fcr die Eltern und Erziehungsberechtigte.- Es kann jederzeit zwischen den beiden Sprachen umgeschaltet werden.","og_url":"https:\/\/www.lmv.gr.ch\/produkt\/deprofolio-elecziun-da-clamada\/","og_site_name":"Lehrmittel Graub\u00fcnden","article_modified_time":"2026-01-08T00:56:02+00:00","og_image":[{"width":1027,"height":944,"url":"https:\/\/www.lmv.gr.ch\/wp-content\/uploads\/asolmerce\/image-12101432.png","type":"image\/png"}],"twitter_misc":{"Est. reading time":"1 minute"},"schema":{"@context":"https:\/\/schema.org","@graph":[{"@type":"WebPage","@id":"https:\/\/www.lmv.gr.ch\/produkt\/deprofolio-elecziun-da-clamada\/","url":"https:\/\/www.lmv.gr.ch\/produkt\/deprofolio-elecziun-da-clamada\/","name":"profolio elecziun da clamada - Lehrmittel Graub\u00fcnden","isPartOf":{"@id":"https:\/\/www.lmv.gr.ch\/#website"},"primaryImageOfPage":{"@id":"https:\/\/www.lmv.gr.ch\/produkt\/deprofolio-elecziun-da-clamada\/#primaryimage"},"image":{"@id":"https:\/\/www.lmv.gr.ch\/produkt\/deprofolio-elecziun-da-clamada\/#primaryimage"},"thumbnailUrl":"https:\/\/www.lmv.gr.ch\/wp-content\/uploads\/asolmerce\/image-12101432.png","datePublished":"2026-01-07T23:55:02+00:00","dateModified":"2026-01-08T00:56:02+00:00","breadcrumb":{"@id":"https:\/\/www.lmv.gr.ch\/produkt\/deprofolio-elecziun-da-clamada\/#breadcrumb"},"inLanguage":"rm","potentialAction":[{"@type":"ReadAction","target":["https:\/\/www.lmv.gr.ch\/produkt\/deprofolio-elecziun-da-clamada\/"]}]},{"@type":"ImageObject","inLanguage":"rm","@id":"https:\/\/www.lmv.gr.ch\/produkt\/deprofolio-elecziun-da-clamada\/#primaryimage","url":"https:\/\/www.lmv.gr.ch\/wp-content\/uploads\/asolmerce\/image-12101432.png","contentUrl":"https:\/\/www.lmv.gr.ch\/wp-content\/uploads\/asolmerce\/image-12101432.png","width":1027,"height":944},{"@type":"BreadcrumbList","@id":"https:\/\/www.lmv.gr.ch\/produkt\/deprofolio-elecziun-da-clamada\/#breadcrumb","itemListElement":[{"@type":"ListItem","position":1,"name":"Home","item":"https:\/\/www.lmv.gr.ch\/"},{"@type":"ListItem","position":2,"name":"Shop","item":"https:\/\/www.lmv.gr.ch\/it\/shop\/"},{"@type":"ListItem","position":3,"name":"profolio elecziun da clamada"}]},{"@type":"WebSite","@id":"https:\/\/www.lmv.gr.ch\/#website","url":"https:\/\/www.lmv.gr.ch\/","name":"Lehrmittel Graub\u00fcnden","description":"Lehrmittel des Kantons Graub\u00fcnden","potentialAction":[{"@type":"SearchAction","target":{"@type":"EntryPoint","urlTemplate":"https:\/\/www.lmv.gr.ch\/?s={search_term_string}"},"query-input":{"@type":"PropertyValueSpecification","valueRequired":true,"valueName":"search_term_string"}}],"inLanguage":"rm"}]}},"_links":{"self":[{"href":"https:\/\/www.lmv.gr.ch\/en\/wp-json\/wp\/v2\/product\/83085","targetHints":{"allow":["GET"]}}],"collection":[{"href":"https:\/\/www.lmv.gr.ch\/en\/wp-json\/wp\/v2\/product"}],"about":[{"href":"https:\/\/www.lmv.gr.ch\/en\/wp-json\/wp\/v2\/types\/product"}],"replies":[{"embeddable":true,"href":"https:\/\/www.lmv.gr.ch\/en\/wp-json\/wp\/v2\/comments?post=83085"}],"wp:featuredmedia":[{"embeddable":true,"href":"https:\/\/www.lmv.gr.ch\/en\/wp-json\/wp\/v2\/media\/83086"}],"wp:attachment":[{"href":"https:\/\/www.lmv.gr.ch\/en\/wp-json\/wp\/v2\/media?parent=83085"}],"wp:term":[{"taxonomy":"product_cat","embeddable":true,"href":"https:\/\/www.lmv.gr.ch\/en\/wp-json\/wp\/v2\/product_cat?post=83085"},{"taxonomy":"product_tag","embeddable":true,"href":"https:\/\/www.lmv.gr.ch\/en\/wp-json\/wp\/v2\/product_tag?post=83085"}],"curies":[{"name":"wp","href":"https:\/\/api.w.org\/{rel}","templated":true}]}}