{"id":82892,"date":"2026-01-07T23:54:58","date_gmt":"2026-01-07T23:54:58","guid":{"rendered":"https:\/\/www.lmv.gr.ch\/produkt\/empty-product-container\/"},"modified":"2026-01-08T02:55:58","modified_gmt":"2026-01-08T00:55:58","slug":"derealt-etica-7-9-materiale-online","status":"publish","type":"product","link":"https:\/\/www.lmv.gr.ch\/en\/produkt\/derealt-etica-7-9-materiale-online\/","title":{"rendered":"Realt\u00e0 Etica 7-9, materiale online"},"content":{"rendered":"<p class=\"qtranxs-available-languages-message qtranxs-available-languages-message-en\">Leider ist der Eintrag nur auf <a href=\"https:\/\/www.lmv.gr.ch\/it\/wp-json\/wp\/v2\/product\/82892\" class=\"qtranxs-available-language-link qtranxs-available-language-link-it\" title=\"Italiano\">Italiano<\/a> verf\u00fcgbar<\/p><p><\/p>\n<div>Il materiale online pu\u00f2 essere utilizzato in modo sensato soltanto avendo accesso alla piattaforma web in lingua tedesca della casa editrice per testi didattici di Zurigo. (shop.lmvz.ch \/ art. nr. 515915.41)<\/div>\n<div><\/div>\n<div>Su richiesta, il materiale online tradotto in italiano viene trasmesso in formato PDF alle scuole che hanno acquistato il mezzo didattico in lingua italiana.<\/div>\n<div>Con il download vi impegnate a mettere questo materiale digitale a disposizione esclusivamente su una piattaforma online protetta (non pubblica) (server della scuola,intranet della scuola,computer interni).<\/div>\n<div><\/div>\n<div>All&#8217;occorrenza potete mettervi in contatto con lmv@avs.gr.ch.<\/div>\n<div><\/div>\n<div>*******<\/div>\n<div><\/div>\n<div>Die Online-Materialien k\u00f6nnen nur mit dem Zugang zur deutschsprachigen Webplattform des Lehrmittelverlags Z\u00fcrich sinnvoll genutzt werden. (shop.lmvz.ch \/ Art.Nr. 515915.41)<\/div>\n<div>Die auf Italienisch \u00fcbersetzten Online-Materialien im Format pdf werden auf Anfrage an Schulen \u00fcbermittelt, welche das italienischsprachige Lehrmittel erworben haben.<\/div>\n<div><\/div>\n<div>Mit dem Download verpflichten Sie sich, diese digitalen Materialien ausschliesslich auf einer gesch\u00fctzten (nicht-\u00f6ffentlichen) Online-Plattform (Schulserver, Schul-Intranet, interne Rechner) zum Gebrauch zur Verf\u00fcgung zu stellen.<\/div>\n<div><\/div>\n<div>Bitte melden Sie sich bei Bedarf unter lmv@avs.gr.ch.<\/div>\n<p><\/p>\n<div class=\"synved-social-container synved-social-container-follow\" style=\"text-align: right\"><a class=\"synved-social-button synved-social-button-follow synved-social-size-24 synved-social-resolution-normal synved-social-provider-facebook nolightbox\" data-provider=\"facebook\" target=\"_blank\" rel=\"nofollow\" title=\"Follow us on Facebook\" href=\"https:\/\/www.facebook.com\/facebook\" style=\"font-size: 0px;width:24px;height:24px;margin:0;margin-bottom:5px;margin-right:5px\"><img loading=\"lazy\" decoding=\"async\" alt=\"Facebook\" title=\"Follow us on Facebook\" class=\"synved-share-image synved-social-image synved-social-image-follow\" width=\"24\" height=\"24\" style=\"display: inline;width:24px;height:24px;margin: 0;padding: 0;border: none;box-shadow: none\" src=\"https:\/\/www.lmv.gr.ch\/wp-content\/plugins\/social-media-feather\/synved-social\/image\/social\/regular\/24x24\/facebook.png\" \/><\/a><a class=\"synved-social-button synved-social-button-follow synved-social-size-24 synved-social-resolution-normal synved-social-provider-twitter nolightbox\" data-provider=\"twitter\" target=\"_blank\" rel=\"nofollow\" title=\"Follow us on Twitter\" href=\"https:\/\/twitter.com\/twitter\" style=\"font-size: 0px;width:24px;height:24px;margin:0;margin-bottom:5px;margin-right:5px\"><img loading=\"lazy\" decoding=\"async\" alt=\"twitter\" title=\"Follow us on Twitter\" class=\"synved-share-image synved-social-image synved-social-image-follow\" width=\"24\" height=\"24\" style=\"display: inline;width:24px;height:24px;margin: 0;padding: 0;border: none;box-shadow: none\" src=\"https:\/\/www.lmv.gr.ch\/wp-content\/plugins\/social-media-feather\/synved-social\/image\/social\/regular\/24x24\/twitter.png\" \/><\/a><a class=\"synved-social-button synved-social-button-follow synved-social-size-24 synved-social-resolution-normal synved-social-provider-linkedin nolightbox\" data-provider=\"linkedin\" target=\"_blank\" rel=\"nofollow\" title=\"Find us on Linkedin\" href=\"https:\/\/www.linkedin.com\/in\/yourid\" style=\"font-size: 0px;width:24px;height:24px;margin:0;margin-bottom:5px;margin-right:5px\"><img loading=\"lazy\" decoding=\"async\" alt=\"linkedin\" title=\"Find us on Linkedin\" class=\"synved-share-image synved-social-image synved-social-image-follow\" width=\"24\" height=\"24\" style=\"display: inline;width:24px;height:24px;margin: 0;padding: 0;border: none;box-shadow: none\" src=\"https:\/\/www.lmv.gr.ch\/wp-content\/plugins\/social-media-feather\/synved-social\/image\/social\/regular\/24x24\/linkedin.png\" \/><\/a><a class=\"synved-social-button synved-social-button-follow synved-social-size-24 synved-social-resolution-normal synved-social-provider-rss nolightbox\" data-provider=\"rss\" target=\"_blank\" rel=\"nofollow\" title=\"Subscribe to our RSS Feed\" href=\"https:\/\/feeds.feedburner.com\/MyFeedName\" style=\"font-size: 0px;width:24px;height:24px;margin:0;margin-bottom:5px;margin-right:5px\"><img loading=\"lazy\" decoding=\"async\" alt=\"rss\" title=\"Subscribe to our RSS Feed\" class=\"synved-share-image synved-social-image synved-social-image-follow\" width=\"24\" height=\"24\" style=\"display: inline;width:24px;height:24px;margin: 0;padding: 0;border: none;box-shadow: none\" src=\"https:\/\/www.lmv.gr.ch\/wp-content\/plugins\/social-media-feather\/synved-social\/image\/social\/regular\/24x24\/rss.png\" \/><\/a><a class=\"synved-social-button synved-social-button-follow synved-social-size-24 synved-social-resolution-normal synved-social-provider-youtube nolightbox\" data-provider=\"youtube\" target=\"_blank\" rel=\"nofollow\" title=\"Find us on YouTube\" href=\"https:\/\/www.youtube.com\/MyYouTubeName\" style=\"font-size: 0px;width:24px;height:24px;margin:0;margin-bottom:5px\"><img loading=\"lazy\" decoding=\"async\" alt=\"youtube\" title=\"Find us on YouTube\" class=\"synved-share-image synved-social-image synved-social-image-follow\" width=\"24\" height=\"24\" style=\"display: inline;width:24px;height:24px;margin: 0;padding: 0;border: none;box-shadow: none\" src=\"https:\/\/www.lmv.gr.ch\/wp-content\/plugins\/social-media-feather\/synved-social\/image\/social\/regular\/24x24\/youtube.png\" \/><\/a><a class=\"synved-social-button synved-social-button-follow synved-social-size-24 synved-social-resolution-hidef synved-social-provider-facebook nolightbox\" data-provider=\"facebook\" target=\"_blank\" rel=\"nofollow\" title=\"Follow us on Facebook\" href=\"https:\/\/www.facebook.com\/facebook\" style=\"font-size: 0px;width:24px;height:24px;margin:0;margin-bottom:5px;margin-right:5px\"><img loading=\"lazy\" decoding=\"async\" alt=\"Facebook\" title=\"Follow us on Facebook\" class=\"synved-share-image synved-social-image synved-social-image-follow\" width=\"24\" height=\"24\" style=\"display: inline;width:24px;height:24px;margin: 0;padding: 0;border: none;box-shadow: none\" src=\"https:\/\/www.lmv.gr.ch\/wp-content\/plugins\/social-media-feather\/synved-social\/image\/social\/regular\/48x48\/facebook.png\" \/><\/a><a class=\"synved-social-button synved-social-button-follow synved-social-size-24 synved-social-resolution-hidef synved-social-provider-twitter nolightbox\" data-provider=\"twitter\" target=\"_blank\" rel=\"nofollow\" title=\"Follow us on Twitter\" href=\"https:\/\/twitter.com\/twitter\" style=\"font-size: 0px;width:24px;height:24px;margin:0;margin-bottom:5px;margin-right:5px\"><img loading=\"lazy\" decoding=\"async\" alt=\"twitter\" title=\"Follow us on Twitter\" class=\"synved-share-image synved-social-image synved-social-image-follow\" width=\"24\" height=\"24\" style=\"display: inline;width:24px;height:24px;margin: 0;padding: 0;border: none;box-shadow: none\" src=\"https:\/\/www.lmv.gr.ch\/wp-content\/plugins\/social-media-feather\/synved-social\/image\/social\/regular\/48x48\/twitter.png\" \/><\/a><a class=\"synved-social-button synved-social-button-follow synved-social-size-24 synved-social-resolution-hidef synved-social-provider-linkedin nolightbox\" data-provider=\"linkedin\" target=\"_blank\" rel=\"nofollow\" title=\"Find us on Linkedin\" href=\"https:\/\/www.linkedin.com\/in\/yourid\" style=\"font-size: 0px;width:24px;height:24px;margin:0;margin-bottom:5px;margin-right:5px\"><img loading=\"lazy\" decoding=\"async\" alt=\"linkedin\" title=\"Find us on Linkedin\" class=\"synved-share-image synved-social-image synved-social-image-follow\" width=\"24\" height=\"24\" style=\"display: inline;width:24px;height:24px;margin: 0;padding: 0;border: none;box-shadow: none\" src=\"https:\/\/www.lmv.gr.ch\/wp-content\/plugins\/social-media-feather\/synved-social\/image\/social\/regular\/48x48\/linkedin.png\" \/><\/a><a class=\"synved-social-button synved-social-button-follow synved-social-size-24 synved-social-resolution-hidef synved-social-provider-rss nolightbox\" data-provider=\"rss\" target=\"_blank\" rel=\"nofollow\" title=\"Subscribe to our RSS Feed\" href=\"https:\/\/feeds.feedburner.com\/MyFeedName\" style=\"font-size: 0px;width:24px;height:24px;margin:0;margin-bottom:5px;margin-right:5px\"><img loading=\"lazy\" decoding=\"async\" alt=\"rss\" title=\"Subscribe to our RSS Feed\" class=\"synved-share-image synved-social-image synved-social-image-follow\" width=\"24\" height=\"24\" style=\"display: inline;width:24px;height:24px;margin: 0;padding: 0;border: none;box-shadow: none\" src=\"https:\/\/www.lmv.gr.ch\/wp-content\/plugins\/social-media-feather\/synved-social\/image\/social\/regular\/48x48\/rss.png\" \/><\/a><a class=\"synved-social-button synved-social-button-follow synved-social-size-24 synved-social-resolution-hidef synved-social-provider-youtube nolightbox\" data-provider=\"youtube\" target=\"_blank\" rel=\"nofollow\" title=\"Find us on YouTube\" href=\"https:\/\/www.youtube.com\/MyYouTubeName\" style=\"font-size: 0px;width:24px;height:24px;margin:0;margin-bottom:5px\"><img loading=\"lazy\" decoding=\"async\" alt=\"youtube\" title=\"Find us on YouTube\" class=\"synved-share-image synved-social-image synved-social-image-follow\" width=\"24\" height=\"24\" style=\"display: inline;width:24px;height:24px;margin: 0;padding: 0;border: none;box-shadow: none\" src=\"https:\/\/www.lmv.gr.ch\/wp-content\/plugins\/social-media-feather\/synved-social\/image\/social\/regular\/48x48\/youtube.png\" \/><\/a><\/div>","protected":false},"excerpt":{"rendered":"<p class=\"qtranxs-available-languages-message qtranxs-available-languages-message-en\">Leider ist der Eintrag nur auf <a href=\"https:\/\/www.lmv.gr.ch\/it\/wp-json\/wp\/v2\/product\/82892\" class=\"qtranxs-available-language-link qtranxs-available-language-link-it\" title=\"Italiano\">Italiano<\/a> verf\u00fcgbar<\/p>\n<div>Il materiale online pu\u00f2 essere utilizzato in modo sensato soltanto avendo accesso alla piattaforma web in lingua tedesca della casa editrice per testi didattici di Zurigo. (shop.lmvz.ch \/ art. nr. 515915.41)<\/div>\n<div><\/div>\n<div>Su richiesta, il materiale online tradotto in italiano viene trasmesso in formato PDF alle scuole che hanno acquistato il mezzo didattico in lingua italiana.<\/div>\n<div>Con il download vi impegnate a mettere questo materiale digitale a disposizione esclusivamente su una piattaforma online protetta (non pubblica) (server della scuola,intranet della scuola,computer interni).<\/div>\n<div><\/div>\n<div>All&#8217;occorrenza potete mettervi in contatto con lmv@avs.gr.ch.<\/div>\n<div><\/div>\n<div>*******<\/div>\n<div><\/div>\n<div>Die Online-Materialien k\u00f6nnen nur mit dem Zugang zur deutschsprachigen Webplattform des Lehrmittelverlags Z\u00fcrich sinnvoll genutzt werden. (shop.lmvz.ch \/ Art.Nr. 515915.41)<\/div>\n<div>Die auf Italienisch \u00fcbersetzten Online-Materialien im Format pdf werden auf Anfrage an Schulen \u00fcbermittelt, welche das italienischsprachige Lehrmittel erworben haben.<\/div>\n<div><\/div>\n<div>Mit dem Download verpflichten Sie sich, diese digitalen Materialien ausschliesslich auf einer gesch\u00fctzten (nicht-\u00f6ffentlichen) Online-Plattform (Schulserver, Schul-Intranet, interne Rechner) zum Gebrauch zur Verf\u00fcgung zu stellen.<\/div>\n<div><\/div>\n<div>Bitte melden Sie sich bei Bedarf unter lmv@avs.gr.ch.<\/div>\n","protected":false},"featured_media":82893,"comment_status":"closed","ping_status":"closed","template":"","meta":[],"product_cat":[4538],"product_tag":[4563,2926,4564,2940,2928],"class_list":["post-82892","product","type-product","status-publish","has-post-thumbnail","hentry","product_cat-italienisch-nmg-erg","product_tag-ethik","product_tag-italienisch","product_tag-lebenskunde","product_tag-lehrplan-21","product_tag-sekundarstufe-i","edition-eigenverlag"],"acf":[],"yoast_head":"<!-- This site is optimized with the Yoast SEO plugin v24.6 - https:\/\/yoast.com\/wordpress\/plugins\/seo\/ -->\n<title>Realt\u00e0 Etica 7-9, materiale online - Lehrmittel Graub\u00fcnden<\/title>\n<meta name=\"robots\" content=\"index, follow, max-snippet:-1, max-image-preview:large, max-video-preview:-1\" \/>\n<link rel=\"canonical\" href=\"https:\/\/www.lmv.gr.ch\/en\/produkt\/derealt-etica-7-9-materiale-online\/\" \/>\n<meta property=\"og:locale\" content=\"en_US\" \/>\n<meta property=\"og:type\" content=\"article\" \/>\n<meta property=\"og:title\" content=\"Realt\u00e0 Etica 7-9, materiale online - Lehrmittel Graub\u00fcnden\" \/>\n<meta property=\"og:description\" content=\"Il materiale online pu\u00f2 essere utilizzato in modo sensato soltanto avendo accesso alla piattaforma web in lingua tedesca della casa editrice per testi didattici di Zurigo. (shop.lmvz.ch \/ art. nr. 515915.41)Su richiesta, il materiale online tradotto in italiano viene trasmesso in formato PDF alle scuole che hanno acquistato il mezzo didattico in lingua italiana.Con il download vi impegnate a mettere questo materiale digitale a disposizione esclusivamente su una piattaforma online protetta (non pubblica) (server della scuola,intranet della scuola,computer interni).All&#039;occorrenza potete mettervi in contatto con lmv@avs.gr.ch.*******Die Online-Materialien k\u00f6nnen nur mit dem Zugang zur deutschsprachigen Webplattform des Lehrmittelverlags Z\u00fcrich sinnvoll genutzt werden. (shop.lmvz.ch \/ Art.Nr. 515915.41)Die auf Italienisch \u00fcbersetzten Online-Materialien im Format pdf werden auf Anfrage an Schulen \u00fcbermittelt, welche das italienischsprachige Lehrmittel erworben haben.Mit dem Download verpflichten Sie sich, diese digitalen Materialien ausschliesslich auf einer gesch\u00fctzten (nicht-\u00f6ffentlichen) Online-Plattform (Schulserver, Schul-Intranet, interne Rechner) zum Gebrauch zur Verf\u00fcgung zu stellen.Bitte melden Sie sich bei Bedarf unter lmv@avs.gr.ch.\" \/>\n<meta property=\"og:url\" content=\"https:\/\/www.lmv.gr.ch\/produkt\/derealt-etica-7-9-materiale-online\/\" \/>\n<meta property=\"og:site_name\" content=\"Lehrmittel Graub\u00fcnden\" \/>\n<meta property=\"article:modified_time\" content=\"2026-01-08T00:55:58+00:00\" \/>\n<meta property=\"og:image\" content=\"https:\/\/www.lmv.gr.ch\/wp-content\/uploads\/asolmerce\/image-12101428.png\" \/>\n\t<meta property=\"og:image:width\" content=\"489\" \/>\n\t<meta property=\"og:image:height\" content=\"718\" \/>\n\t<meta property=\"og:image:type\" content=\"image\/png\" \/>\n<meta name=\"twitter:label1\" content=\"Est. reading time\" \/>\n\t<meta name=\"twitter:data1\" content=\"1 minute\" \/>\n<script type=\"application\/ld+json\" class=\"yoast-schema-graph\">{\"@context\":\"https:\/\/schema.org\",\"@graph\":[{\"@type\":\"WebPage\",\"@id\":\"https:\/\/www.lmv.gr.ch\/produkt\/derealt-etica-7-9-materiale-online\/\",\"url\":\"https:\/\/www.lmv.gr.ch\/produkt\/derealt-etica-7-9-materiale-online\/\",\"name\":\"Realt\u00e0 Etica 7-9, materiale online - Lehrmittel Graub\u00fcnden\",\"isPartOf\":{\"@id\":\"https:\/\/www.lmv.gr.ch\/#website\"},\"primaryImageOfPage\":{\"@id\":\"https:\/\/www.lmv.gr.ch\/produkt\/derealt-etica-7-9-materiale-online\/#primaryimage\"},\"image\":{\"@id\":\"https:\/\/www.lmv.gr.ch\/produkt\/derealt-etica-7-9-materiale-online\/#primaryimage\"},\"thumbnailUrl\":\"https:\/\/www.lmv.gr.ch\/wp-content\/uploads\/asolmerce\/image-12101428.png\",\"datePublished\":\"2026-01-07T23:54:58+00:00\",\"dateModified\":\"2026-01-08T00:55:58+00:00\",\"breadcrumb\":{\"@id\":\"https:\/\/www.lmv.gr.ch\/produkt\/derealt-etica-7-9-materiale-online\/#breadcrumb\"},\"inLanguage\":\"rm\",\"potentialAction\":[{\"@type\":\"ReadAction\",\"target\":[\"https:\/\/www.lmv.gr.ch\/produkt\/derealt-etica-7-9-materiale-online\/\"]}]},{\"@type\":\"ImageObject\",\"inLanguage\":\"rm\",\"@id\":\"https:\/\/www.lmv.gr.ch\/produkt\/derealt-etica-7-9-materiale-online\/#primaryimage\",\"url\":\"https:\/\/www.lmv.gr.ch\/wp-content\/uploads\/asolmerce\/image-12101428.png\",\"contentUrl\":\"https:\/\/www.lmv.gr.ch\/wp-content\/uploads\/asolmerce\/image-12101428.png\",\"width\":489,\"height\":718},{\"@type\":\"BreadcrumbList\",\"@id\":\"https:\/\/www.lmv.gr.ch\/produkt\/derealt-etica-7-9-materiale-online\/#breadcrumb\",\"itemListElement\":[{\"@type\":\"ListItem\",\"position\":1,\"name\":\"Home\",\"item\":\"https:\/\/www.lmv.gr.ch\/\"},{\"@type\":\"ListItem\",\"position\":2,\"name\":\"Shop\",\"item\":\"https:\/\/www.lmv.gr.ch\/it\/shop\/\"},{\"@type\":\"ListItem\",\"position\":3,\"name\":\"Realt\u00e0 Etica 7-9, materiale online\"}]},{\"@type\":\"WebSite\",\"@id\":\"https:\/\/www.lmv.gr.ch\/#website\",\"url\":\"https:\/\/www.lmv.gr.ch\/\",\"name\":\"Lehrmittel Graub\u00fcnden\",\"description\":\"Lehrmittel des Kantons Graub\u00fcnden\",\"potentialAction\":[{\"@type\":\"SearchAction\",\"target\":{\"@type\":\"EntryPoint\",\"urlTemplate\":\"https:\/\/www.lmv.gr.ch\/?s={search_term_string}\"},\"query-input\":{\"@type\":\"PropertyValueSpecification\",\"valueRequired\":true,\"valueName\":\"search_term_string\"}}],\"inLanguage\":\"rm\"}]}<\/script>\n<!-- \/ Yoast SEO plugin. -->","yoast_head_json":{"title":"Realt\u00e0 Etica 7-9, materiale online - Lehrmittel Graub\u00fcnden","robots":{"index":"index","follow":"follow","max-snippet":"max-snippet:-1","max-image-preview":"max-image-preview:large","max-video-preview":"max-video-preview:-1"},"canonical":"https:\/\/www.lmv.gr.ch\/en\/produkt\/derealt-etica-7-9-materiale-online\/","og_locale":"en_US","og_type":"article","og_title":"Realt\u00e0 Etica 7-9, materiale online - Lehrmittel Graub\u00fcnden","og_description":"Il materiale online pu\u00f2 essere utilizzato in modo sensato soltanto avendo accesso alla piattaforma web in lingua tedesca della casa editrice per testi didattici di Zurigo. (shop.lmvz.ch \/ art. nr. 515915.41)Su richiesta, il materiale online tradotto in italiano viene trasmesso in formato PDF alle scuole che hanno acquistato il mezzo didattico in lingua italiana.Con il download vi impegnate a mettere questo materiale digitale a disposizione esclusivamente su una piattaforma online protetta (non pubblica) (server della scuola,intranet della scuola,computer interni).All'occorrenza potete mettervi in contatto con lmv@avs.gr.ch.*******Die Online-Materialien k\u00f6nnen nur mit dem Zugang zur deutschsprachigen Webplattform des Lehrmittelverlags Z\u00fcrich sinnvoll genutzt werden. (shop.lmvz.ch \/ Art.Nr. 515915.41)Die auf Italienisch \u00fcbersetzten Online-Materialien im Format pdf werden auf Anfrage an Schulen \u00fcbermittelt, welche das italienischsprachige Lehrmittel erworben haben.Mit dem Download verpflichten Sie sich, diese digitalen Materialien ausschliesslich auf einer gesch\u00fctzten (nicht-\u00f6ffentlichen) Online-Plattform (Schulserver, Schul-Intranet, interne Rechner) zum Gebrauch zur Verf\u00fcgung zu stellen.Bitte melden Sie sich bei Bedarf unter lmv@avs.gr.ch.","og_url":"https:\/\/www.lmv.gr.ch\/produkt\/derealt-etica-7-9-materiale-online\/","og_site_name":"Lehrmittel Graub\u00fcnden","article_modified_time":"2026-01-08T00:55:58+00:00","og_image":[{"width":489,"height":718,"url":"https:\/\/www.lmv.gr.ch\/wp-content\/uploads\/asolmerce\/image-12101428.png","type":"image\/png"}],"twitter_misc":{"Est. reading time":"1 minute"},"schema":{"@context":"https:\/\/schema.org","@graph":[{"@type":"WebPage","@id":"https:\/\/www.lmv.gr.ch\/produkt\/derealt-etica-7-9-materiale-online\/","url":"https:\/\/www.lmv.gr.ch\/produkt\/derealt-etica-7-9-materiale-online\/","name":"Realt\u00e0 Etica 7-9, materiale online - Lehrmittel Graub\u00fcnden","isPartOf":{"@id":"https:\/\/www.lmv.gr.ch\/#website"},"primaryImageOfPage":{"@id":"https:\/\/www.lmv.gr.ch\/produkt\/derealt-etica-7-9-materiale-online\/#primaryimage"},"image":{"@id":"https:\/\/www.lmv.gr.ch\/produkt\/derealt-etica-7-9-materiale-online\/#primaryimage"},"thumbnailUrl":"https:\/\/www.lmv.gr.ch\/wp-content\/uploads\/asolmerce\/image-12101428.png","datePublished":"2026-01-07T23:54:58+00:00","dateModified":"2026-01-08T00:55:58+00:00","breadcrumb":{"@id":"https:\/\/www.lmv.gr.ch\/produkt\/derealt-etica-7-9-materiale-online\/#breadcrumb"},"inLanguage":"rm","potentialAction":[{"@type":"ReadAction","target":["https:\/\/www.lmv.gr.ch\/produkt\/derealt-etica-7-9-materiale-online\/"]}]},{"@type":"ImageObject","inLanguage":"rm","@id":"https:\/\/www.lmv.gr.ch\/produkt\/derealt-etica-7-9-materiale-online\/#primaryimage","url":"https:\/\/www.lmv.gr.ch\/wp-content\/uploads\/asolmerce\/image-12101428.png","contentUrl":"https:\/\/www.lmv.gr.ch\/wp-content\/uploads\/asolmerce\/image-12101428.png","width":489,"height":718},{"@type":"BreadcrumbList","@id":"https:\/\/www.lmv.gr.ch\/produkt\/derealt-etica-7-9-materiale-online\/#breadcrumb","itemListElement":[{"@type":"ListItem","position":1,"name":"Home","item":"https:\/\/www.lmv.gr.ch\/"},{"@type":"ListItem","position":2,"name":"Shop","item":"https:\/\/www.lmv.gr.ch\/it\/shop\/"},{"@type":"ListItem","position":3,"name":"Realt\u00e0 Etica 7-9, materiale online"}]},{"@type":"WebSite","@id":"https:\/\/www.lmv.gr.ch\/#website","url":"https:\/\/www.lmv.gr.ch\/","name":"Lehrmittel Graub\u00fcnden","description":"Lehrmittel des Kantons Graub\u00fcnden","potentialAction":[{"@type":"SearchAction","target":{"@type":"EntryPoint","urlTemplate":"https:\/\/www.lmv.gr.ch\/?s={search_term_string}"},"query-input":{"@type":"PropertyValueSpecification","valueRequired":true,"valueName":"search_term_string"}}],"inLanguage":"rm"}]}},"_links":{"self":[{"href":"https:\/\/www.lmv.gr.ch\/en\/wp-json\/wp\/v2\/product\/82892","targetHints":{"allow":["GET"]}}],"collection":[{"href":"https:\/\/www.lmv.gr.ch\/en\/wp-json\/wp\/v2\/product"}],"about":[{"href":"https:\/\/www.lmv.gr.ch\/en\/wp-json\/wp\/v2\/types\/product"}],"replies":[{"embeddable":true,"href":"https:\/\/www.lmv.gr.ch\/en\/wp-json\/wp\/v2\/comments?post=82892"}],"wp:featuredmedia":[{"embeddable":true,"href":"https:\/\/www.lmv.gr.ch\/en\/wp-json\/wp\/v2\/media\/82893"}],"wp:attachment":[{"href":"https:\/\/www.lmv.gr.ch\/en\/wp-json\/wp\/v2\/media?parent=82892"}],"wp:term":[{"taxonomy":"product_cat","embeddable":true,"href":"https:\/\/www.lmv.gr.ch\/en\/wp-json\/wp\/v2\/product_cat?post=82892"},{"taxonomy":"product_tag","embeddable":true,"href":"https:\/\/www.lmv.gr.ch\/en\/wp-json\/wp\/v2\/product_tag?post=82892"}],"curies":[{"name":"wp","href":"https:\/\/api.w.org\/{rel}","templated":true}]}}