{"id":77432,"date":"2026-01-23T12:17:38","date_gmt":"2026-01-23T12:17:38","guid":{"rendered":"https:\/\/www.lmv.gr.ch\/gesamtverzeichnis\/profilo-3\/"},"modified":"2026-01-23T15:18:38","modified_gmt":"2026-01-23T13:18:38","slug":"debisch-fit-bewegungsbox","status":"publish","type":"product","link":"https:\/\/www.lmv.gr.ch\/en\/produkt\/debisch-fit-bewegungsbox\/","title":{"rendered":"Bisch-fit? Bewegungsbox"},"content":{"rendered":"<p class=\"qtranxs-available-languages-message qtranxs-available-languages-message-en\">Leider ist der Eintrag nur auf <a href=\"https:\/\/www.lmv.gr.ch\/de\/wp-json\/wp\/v2\/product\/77432\" class=\"qtranxs-available-language-link qtranxs-available-language-link-de\" title=\"Deutsch\">Deutsch<\/a> verf\u00fcgbar<\/p><p><\/p>\n<p>Der Erwerb der Bewegungsgrundformen wird durch die \u00abBisch fit? Bewegungsbox\u00bb spielerisch gef\u00f6rdert. Die Bewegungsspiele und -\u00fcbungen sind im Unterricht spontan und ohne grossen Materialaufwand einsetzbar.&nbsp;<\/p>\n<p>Die \u00abBisch fit? Bewegungsbox\u00bb enth\u00e4lt acht Kartensets zu den folgenden Themen:<\/p>\n<p>&#8211; Werfen\/Fangen<\/p>\n<p>&#8211; Gleichgewicht\/Balancieren<\/p>\n<p>&#8211; Laufen\/Springen\/H\u00fcpfen<\/p>\n<p>&#8211; Drehen\/Rollen<\/p>\n<p>&#8211; Tanz und Musik<\/p>\n<p>&#8211; Klettern\/St\u00fctzen<\/p>\n<p>&#8211; Gleiten\/Rutschen<\/p>\n<p>&#8211; Schaukeln\/Schwingen\/H\u00e4ngen<\/p>\n<p>Jedes Kartenset besteht aus einer Titelkarte, f\u00fcnf Karten f\u00fcr Spiele im Freien, f\u00fcnf Karten f\u00fcr Spiele im Kindergarten, f\u00fcnf \u00dcbungen und bei Bedarf einer Zusatzkarte, welche zum Beispiel die Technik erl\u00e4utert.<\/p>\n<p>Eine Liste mit zu den \u00dcbungen passenden Liedern wird ebenfalls mitgeliefert.<\/p>\n<p><\/p>\n<div class=\"synved-social-container synved-social-container-follow\" style=\"text-align: right\"><a class=\"synved-social-button synved-social-button-follow synved-social-size-24 synved-social-resolution-normal synved-social-provider-facebook nolightbox\" data-provider=\"facebook\" target=\"_blank\" rel=\"nofollow\" title=\"Follow us on Facebook\" href=\"https:\/\/www.facebook.com\/facebook\" style=\"font-size: 0px;width:24px;height:24px;margin:0;margin-bottom:5px;margin-right:5px\"><img loading=\"lazy\" decoding=\"async\" alt=\"Facebook\" title=\"Follow us on Facebook\" class=\"synved-share-image synved-social-image synved-social-image-follow\" width=\"24\" height=\"24\" style=\"display: inline;width:24px;height:24px;margin: 0;padding: 0;border: none;box-shadow: none\" src=\"https:\/\/www.lmv.gr.ch\/wp-content\/plugins\/social-media-feather\/synved-social\/image\/social\/regular\/24x24\/facebook.png\" \/><\/a><a class=\"synved-social-button synved-social-button-follow synved-social-size-24 synved-social-resolution-normal synved-social-provider-twitter nolightbox\" data-provider=\"twitter\" target=\"_blank\" rel=\"nofollow\" title=\"Follow us on Twitter\" href=\"https:\/\/twitter.com\/twitter\" style=\"font-size: 0px;width:24px;height:24px;margin:0;margin-bottom:5px;margin-right:5px\"><img loading=\"lazy\" decoding=\"async\" alt=\"twitter\" title=\"Follow us on Twitter\" class=\"synved-share-image synved-social-image synved-social-image-follow\" width=\"24\" height=\"24\" style=\"display: inline;width:24px;height:24px;margin: 0;padding: 0;border: none;box-shadow: none\" src=\"https:\/\/www.lmv.gr.ch\/wp-content\/plugins\/social-media-feather\/synved-social\/image\/social\/regular\/24x24\/twitter.png\" \/><\/a><a class=\"synved-social-button synved-social-button-follow synved-social-size-24 synved-social-resolution-normal synved-social-provider-linkedin nolightbox\" data-provider=\"linkedin\" target=\"_blank\" rel=\"nofollow\" title=\"Find us on Linkedin\" href=\"https:\/\/www.linkedin.com\/in\/yourid\" style=\"font-size: 0px;width:24px;height:24px;margin:0;margin-bottom:5px;margin-right:5px\"><img loading=\"lazy\" decoding=\"async\" alt=\"linkedin\" title=\"Find us on Linkedin\" class=\"synved-share-image synved-social-image synved-social-image-follow\" width=\"24\" height=\"24\" style=\"display: inline;width:24px;height:24px;margin: 0;padding: 0;border: none;box-shadow: none\" src=\"https:\/\/www.lmv.gr.ch\/wp-content\/plugins\/social-media-feather\/synved-social\/image\/social\/regular\/24x24\/linkedin.png\" \/><\/a><a class=\"synved-social-button synved-social-button-follow synved-social-size-24 synved-social-resolution-normal synved-social-provider-rss nolightbox\" data-provider=\"rss\" target=\"_blank\" rel=\"nofollow\" title=\"Subscribe to our RSS Feed\" href=\"https:\/\/feeds.feedburner.com\/MyFeedName\" style=\"font-size: 0px;width:24px;height:24px;margin:0;margin-bottom:5px;margin-right:5px\"><img loading=\"lazy\" decoding=\"async\" alt=\"rss\" title=\"Subscribe to our RSS Feed\" class=\"synved-share-image synved-social-image synved-social-image-follow\" width=\"24\" height=\"24\" style=\"display: inline;width:24px;height:24px;margin: 0;padding: 0;border: none;box-shadow: none\" src=\"https:\/\/www.lmv.gr.ch\/wp-content\/plugins\/social-media-feather\/synved-social\/image\/social\/regular\/24x24\/rss.png\" \/><\/a><a class=\"synved-social-button synved-social-button-follow synved-social-size-24 synved-social-resolution-normal synved-social-provider-youtube nolightbox\" data-provider=\"youtube\" target=\"_blank\" rel=\"nofollow\" title=\"Find us on YouTube\" href=\"https:\/\/www.youtube.com\/MyYouTubeName\" style=\"font-size: 0px;width:24px;height:24px;margin:0;margin-bottom:5px\"><img loading=\"lazy\" decoding=\"async\" alt=\"youtube\" title=\"Find us on YouTube\" class=\"synved-share-image synved-social-image synved-social-image-follow\" width=\"24\" height=\"24\" style=\"display: inline;width:24px;height:24px;margin: 0;padding: 0;border: none;box-shadow: none\" src=\"https:\/\/www.lmv.gr.ch\/wp-content\/plugins\/social-media-feather\/synved-social\/image\/social\/regular\/24x24\/youtube.png\" \/><\/a><a class=\"synved-social-button synved-social-button-follow synved-social-size-24 synved-social-resolution-hidef synved-social-provider-facebook nolightbox\" data-provider=\"facebook\" target=\"_blank\" rel=\"nofollow\" title=\"Follow us on Facebook\" href=\"https:\/\/www.facebook.com\/facebook\" style=\"font-size: 0px;width:24px;height:24px;margin:0;margin-bottom:5px;margin-right:5px\"><img loading=\"lazy\" decoding=\"async\" alt=\"Facebook\" title=\"Follow us on Facebook\" class=\"synved-share-image synved-social-image synved-social-image-follow\" width=\"24\" height=\"24\" style=\"display: inline;width:24px;height:24px;margin: 0;padding: 0;border: none;box-shadow: none\" src=\"https:\/\/www.lmv.gr.ch\/wp-content\/plugins\/social-media-feather\/synved-social\/image\/social\/regular\/48x48\/facebook.png\" \/><\/a><a class=\"synved-social-button synved-social-button-follow synved-social-size-24 synved-social-resolution-hidef synved-social-provider-twitter nolightbox\" data-provider=\"twitter\" target=\"_blank\" rel=\"nofollow\" title=\"Follow us on Twitter\" href=\"https:\/\/twitter.com\/twitter\" style=\"font-size: 0px;width:24px;height:24px;margin:0;margin-bottom:5px;margin-right:5px\"><img loading=\"lazy\" decoding=\"async\" alt=\"twitter\" title=\"Follow us on Twitter\" class=\"synved-share-image synved-social-image synved-social-image-follow\" width=\"24\" height=\"24\" style=\"display: inline;width:24px;height:24px;margin: 0;padding: 0;border: none;box-shadow: none\" src=\"https:\/\/www.lmv.gr.ch\/wp-content\/plugins\/social-media-feather\/synved-social\/image\/social\/regular\/48x48\/twitter.png\" \/><\/a><a class=\"synved-social-button synved-social-button-follow synved-social-size-24 synved-social-resolution-hidef synved-social-provider-linkedin nolightbox\" data-provider=\"linkedin\" target=\"_blank\" rel=\"nofollow\" title=\"Find us on Linkedin\" href=\"https:\/\/www.linkedin.com\/in\/yourid\" style=\"font-size: 0px;width:24px;height:24px;margin:0;margin-bottom:5px;margin-right:5px\"><img loading=\"lazy\" decoding=\"async\" alt=\"linkedin\" title=\"Find us on Linkedin\" class=\"synved-share-image synved-social-image synved-social-image-follow\" width=\"24\" height=\"24\" style=\"display: inline;width:24px;height:24px;margin: 0;padding: 0;border: none;box-shadow: none\" src=\"https:\/\/www.lmv.gr.ch\/wp-content\/plugins\/social-media-feather\/synved-social\/image\/social\/regular\/48x48\/linkedin.png\" \/><\/a><a class=\"synved-social-button synved-social-button-follow synved-social-size-24 synved-social-resolution-hidef synved-social-provider-rss nolightbox\" data-provider=\"rss\" target=\"_blank\" rel=\"nofollow\" title=\"Subscribe to our RSS Feed\" href=\"https:\/\/feeds.feedburner.com\/MyFeedName\" style=\"font-size: 0px;width:24px;height:24px;margin:0;margin-bottom:5px;margin-right:5px\"><img loading=\"lazy\" decoding=\"async\" alt=\"rss\" title=\"Subscribe to our RSS Feed\" class=\"synved-share-image synved-social-image synved-social-image-follow\" width=\"24\" height=\"24\" style=\"display: inline;width:24px;height:24px;margin: 0;padding: 0;border: none;box-shadow: none\" src=\"https:\/\/www.lmv.gr.ch\/wp-content\/plugins\/social-media-feather\/synved-social\/image\/social\/regular\/48x48\/rss.png\" \/><\/a><a class=\"synved-social-button synved-social-button-follow synved-social-size-24 synved-social-resolution-hidef synved-social-provider-youtube nolightbox\" data-provider=\"youtube\" target=\"_blank\" rel=\"nofollow\" title=\"Find us on YouTube\" href=\"https:\/\/www.youtube.com\/MyYouTubeName\" style=\"font-size: 0px;width:24px;height:24px;margin:0;margin-bottom:5px\"><img loading=\"lazy\" decoding=\"async\" alt=\"youtube\" title=\"Find us on YouTube\" class=\"synved-share-image synved-social-image synved-social-image-follow\" width=\"24\" height=\"24\" style=\"display: inline;width:24px;height:24px;margin: 0;padding: 0;border: none;box-shadow: none\" src=\"https:\/\/www.lmv.gr.ch\/wp-content\/plugins\/social-media-feather\/synved-social\/image\/social\/regular\/48x48\/youtube.png\" \/><\/a><\/div>","protected":false},"excerpt":{"rendered":"<p class=\"qtranxs-available-languages-message qtranxs-available-languages-message-en\">Leider ist der Eintrag nur auf <a href=\"https:\/\/www.lmv.gr.ch\/de\/wp-json\/wp\/v2\/product\/77432\" class=\"qtranxs-available-language-link qtranxs-available-language-link-de\" title=\"Deutsch\">Deutsch<\/a> verf\u00fcgbar<\/p>\n<p>Der Erwerb der Bewegungsgrundformen wird durch die \u00abBisch fit? Bewegungsbox\u00bb spielerisch gef\u00f6rdert. Die Bewegungsspiele und -\u00fcbungen sind im Unterricht spontan und ohne grossen Materialaufwand einsetzbar.&nbsp;<\/p>\n<p>Die \u00abBisch fit? Bewegungsbox\u00bb enth\u00e4lt acht Kartensets zu den folgenden Themen:<\/p>\n<p>&#8211; Werfen\/Fangen<\/p>\n<p>&#8211; Gleichgewicht\/Balancieren<\/p>\n<p>&#8211; Laufen\/Springen\/H\u00fcpfen<\/p>\n<p>&#8211; Drehen\/Rollen<\/p>\n<p>&#8211; Tanz und Musik<\/p>\n<p>&#8211; Klettern\/St\u00fctzen<\/p>\n<p>&#8211; Gleiten\/Rutschen<\/p>\n<p>&#8211; Schaukeln\/Schwingen\/H\u00e4ngen<\/p>\n<p>Jedes Kartenset besteht aus einer Titelkarte, f\u00fcnf Karten f\u00fcr Spiele im Freien, f\u00fcnf Karten f\u00fcr Spiele im Kindergarten, f\u00fcnf \u00dcbungen und bei Bedarf einer Zusatzkarte, welche zum Beispiel die Technik erl\u00e4utert.<\/p>\n<p>Eine Liste mit zu den \u00dcbungen passenden Liedern wird ebenfalls mitgeliefert.<\/p>\n","protected":false},"featured_media":77433,"comment_status":"closed","ping_status":"closed","template":"","meta":[],"product_cat":[4157],"product_tag":[],"class_list":["post-77432","product","type-product","status-publish","has-post-thumbnail","hentry","product_cat-deutsch-bewegung-und-sport","edition-eigenverlag"],"acf":[],"yoast_head":"<!-- This site is optimized with the Yoast SEO plugin v24.6 - https:\/\/yoast.com\/wordpress\/plugins\/seo\/ -->\n<title>Bisch-fit? Bewegungsbox - Lehrmittel Graub\u00fcnden<\/title>\n<meta name=\"robots\" content=\"index, follow, max-snippet:-1, max-image-preview:large, max-video-preview:-1\" \/>\n<link rel=\"canonical\" href=\"https:\/\/www.lmv.gr.ch\/en\/produkt\/debisch-fit-bewegungsbox\/\" \/>\n<meta property=\"og:locale\" content=\"en_US\" \/>\n<meta property=\"og:type\" content=\"article\" \/>\n<meta property=\"og:title\" content=\"Bisch-fit? Bewegungsbox - Lehrmittel Graub\u00fcnden\" \/>\n<meta property=\"og:description\" content=\"Der Erwerb der Bewegungsgrundformen wird durch die \u00abBisch fit? Bewegungsbox\u00bb spielerisch gef\u00f6rdert. Die Bewegungsspiele und -\u00fcbungen sind im Unterricht spontan und ohne grossen Materialaufwand einsetzbar.&nbsp;Die \u00abBisch fit? Bewegungsbox\u00bb enth\u00e4lt acht Kartensets zu den folgenden Themen:- Werfen\/Fangen- Gleichgewicht\/Balancieren- Laufen\/Springen\/H\u00fcpfen- Drehen\/Rollen- Tanz und Musik- Klettern\/St\u00fctzen- Gleiten\/Rutschen- Schaukeln\/Schwingen\/H\u00e4ngenJedes Kartenset besteht aus einer Titelkarte, f\u00fcnf Karten f\u00fcr Spiele im Freien, f\u00fcnf Karten f\u00fcr Spiele im Kindergarten, f\u00fcnf \u00dcbungen und bei Bedarf einer Zusatzkarte, welche zum Beispiel die Technik erl\u00e4utert.Eine Liste mit zu den \u00dcbungen passenden Liedern wird ebenfalls mitgeliefert.\" \/>\n<meta property=\"og:url\" content=\"https:\/\/www.lmv.gr.ch\/produkt\/debisch-fit-bewegungsbox\/\" \/>\n<meta property=\"og:site_name\" content=\"Lehrmittel Graub\u00fcnden\" \/>\n<meta property=\"article:modified_time\" content=\"2026-01-23T13:18:38+00:00\" \/>\n<meta property=\"og:image\" content=\"https:\/\/www.lmv.gr.ch\/wp-content\/uploads\/asolmerce\/image-12101212-1024x1024.png\" \/>\n\t<meta property=\"og:image:width\" content=\"1024\" \/>\n\t<meta property=\"og:image:height\" content=\"1024\" \/>\n\t<meta property=\"og:image:type\" content=\"image\/png\" \/>\n<meta name=\"twitter:label1\" content=\"Est. reading time\" \/>\n\t<meta name=\"twitter:data1\" content=\"1 minute\" \/>\n<script type=\"application\/ld+json\" class=\"yoast-schema-graph\">{\"@context\":\"https:\/\/schema.org\",\"@graph\":[{\"@type\":\"WebPage\",\"@id\":\"https:\/\/www.lmv.gr.ch\/produkt\/debisch-fit-bewegungsbox\/\",\"url\":\"https:\/\/www.lmv.gr.ch\/produkt\/debisch-fit-bewegungsbox\/\",\"name\":\"Bisch-fit? Bewegungsbox - Lehrmittel Graub\u00fcnden\",\"isPartOf\":{\"@id\":\"https:\/\/www.lmv.gr.ch\/#website\"},\"primaryImageOfPage\":{\"@id\":\"https:\/\/www.lmv.gr.ch\/produkt\/debisch-fit-bewegungsbox\/#primaryimage\"},\"image\":{\"@id\":\"https:\/\/www.lmv.gr.ch\/produkt\/debisch-fit-bewegungsbox\/#primaryimage\"},\"thumbnailUrl\":\"https:\/\/www.lmv.gr.ch\/wp-content\/uploads\/asolmerce\/image-12101212.png\",\"datePublished\":\"2026-01-23T12:17:38+00:00\",\"dateModified\":\"2026-01-23T13:18:38+00:00\",\"breadcrumb\":{\"@id\":\"https:\/\/www.lmv.gr.ch\/produkt\/debisch-fit-bewegungsbox\/#breadcrumb\"},\"inLanguage\":\"rm\",\"potentialAction\":[{\"@type\":\"ReadAction\",\"target\":[\"https:\/\/www.lmv.gr.ch\/produkt\/debisch-fit-bewegungsbox\/\"]}]},{\"@type\":\"ImageObject\",\"inLanguage\":\"rm\",\"@id\":\"https:\/\/www.lmv.gr.ch\/produkt\/debisch-fit-bewegungsbox\/#primaryimage\",\"url\":\"https:\/\/www.lmv.gr.ch\/wp-content\/uploads\/asolmerce\/image-12101212.png\",\"contentUrl\":\"https:\/\/www.lmv.gr.ch\/wp-content\/uploads\/asolmerce\/image-12101212.png\",\"width\":3886,\"height\":3886},{\"@type\":\"BreadcrumbList\",\"@id\":\"https:\/\/www.lmv.gr.ch\/produkt\/debisch-fit-bewegungsbox\/#breadcrumb\",\"itemListElement\":[{\"@type\":\"ListItem\",\"position\":1,\"name\":\"Home\",\"item\":\"https:\/\/www.lmv.gr.ch\/\"},{\"@type\":\"ListItem\",\"position\":2,\"name\":\"Shop\",\"item\":\"https:\/\/www.lmv.gr.ch\/it\/shop\/\"},{\"@type\":\"ListItem\",\"position\":3,\"name\":\"Bisch-fit? Bewegungsbox\"}]},{\"@type\":\"WebSite\",\"@id\":\"https:\/\/www.lmv.gr.ch\/#website\",\"url\":\"https:\/\/www.lmv.gr.ch\/\",\"name\":\"Lehrmittel Graub\u00fcnden\",\"description\":\"Lehrmittel des Kantons Graub\u00fcnden\",\"potentialAction\":[{\"@type\":\"SearchAction\",\"target\":{\"@type\":\"EntryPoint\",\"urlTemplate\":\"https:\/\/www.lmv.gr.ch\/?s={search_term_string}\"},\"query-input\":{\"@type\":\"PropertyValueSpecification\",\"valueRequired\":true,\"valueName\":\"search_term_string\"}}],\"inLanguage\":\"rm\"}]}<\/script>\n<!-- \/ Yoast SEO plugin. -->","yoast_head_json":{"title":"Bisch-fit? Bewegungsbox - Lehrmittel Graub\u00fcnden","robots":{"index":"index","follow":"follow","max-snippet":"max-snippet:-1","max-image-preview":"max-image-preview:large","max-video-preview":"max-video-preview:-1"},"canonical":"https:\/\/www.lmv.gr.ch\/en\/produkt\/debisch-fit-bewegungsbox\/","og_locale":"en_US","og_type":"article","og_title":"Bisch-fit? Bewegungsbox - Lehrmittel Graub\u00fcnden","og_description":"Der Erwerb der Bewegungsgrundformen wird durch die \u00abBisch fit? Bewegungsbox\u00bb spielerisch gef\u00f6rdert. Die Bewegungsspiele und -\u00fcbungen sind im Unterricht spontan und ohne grossen Materialaufwand einsetzbar.&nbsp;Die \u00abBisch fit? Bewegungsbox\u00bb enth\u00e4lt acht Kartensets zu den folgenden Themen:- Werfen\/Fangen- Gleichgewicht\/Balancieren- Laufen\/Springen\/H\u00fcpfen- Drehen\/Rollen- Tanz und Musik- Klettern\/St\u00fctzen- Gleiten\/Rutschen- Schaukeln\/Schwingen\/H\u00e4ngenJedes Kartenset besteht aus einer Titelkarte, f\u00fcnf Karten f\u00fcr Spiele im Freien, f\u00fcnf Karten f\u00fcr Spiele im Kindergarten, f\u00fcnf \u00dcbungen und bei Bedarf einer Zusatzkarte, welche zum Beispiel die Technik erl\u00e4utert.Eine Liste mit zu den \u00dcbungen passenden Liedern wird ebenfalls mitgeliefert.","og_url":"https:\/\/www.lmv.gr.ch\/produkt\/debisch-fit-bewegungsbox\/","og_site_name":"Lehrmittel Graub\u00fcnden","article_modified_time":"2026-01-23T13:18:38+00:00","og_image":[{"width":1024,"height":1024,"url":"https:\/\/www.lmv.gr.ch\/wp-content\/uploads\/asolmerce\/image-12101212-1024x1024.png","type":"image\/png"}],"twitter_misc":{"Est. reading time":"1 minute"},"schema":{"@context":"https:\/\/schema.org","@graph":[{"@type":"WebPage","@id":"https:\/\/www.lmv.gr.ch\/produkt\/debisch-fit-bewegungsbox\/","url":"https:\/\/www.lmv.gr.ch\/produkt\/debisch-fit-bewegungsbox\/","name":"Bisch-fit? Bewegungsbox - Lehrmittel Graub\u00fcnden","isPartOf":{"@id":"https:\/\/www.lmv.gr.ch\/#website"},"primaryImageOfPage":{"@id":"https:\/\/www.lmv.gr.ch\/produkt\/debisch-fit-bewegungsbox\/#primaryimage"},"image":{"@id":"https:\/\/www.lmv.gr.ch\/produkt\/debisch-fit-bewegungsbox\/#primaryimage"},"thumbnailUrl":"https:\/\/www.lmv.gr.ch\/wp-content\/uploads\/asolmerce\/image-12101212.png","datePublished":"2026-01-23T12:17:38+00:00","dateModified":"2026-01-23T13:18:38+00:00","breadcrumb":{"@id":"https:\/\/www.lmv.gr.ch\/produkt\/debisch-fit-bewegungsbox\/#breadcrumb"},"inLanguage":"rm","potentialAction":[{"@type":"ReadAction","target":["https:\/\/www.lmv.gr.ch\/produkt\/debisch-fit-bewegungsbox\/"]}]},{"@type":"ImageObject","inLanguage":"rm","@id":"https:\/\/www.lmv.gr.ch\/produkt\/debisch-fit-bewegungsbox\/#primaryimage","url":"https:\/\/www.lmv.gr.ch\/wp-content\/uploads\/asolmerce\/image-12101212.png","contentUrl":"https:\/\/www.lmv.gr.ch\/wp-content\/uploads\/asolmerce\/image-12101212.png","width":3886,"height":3886},{"@type":"BreadcrumbList","@id":"https:\/\/www.lmv.gr.ch\/produkt\/debisch-fit-bewegungsbox\/#breadcrumb","itemListElement":[{"@type":"ListItem","position":1,"name":"Home","item":"https:\/\/www.lmv.gr.ch\/"},{"@type":"ListItem","position":2,"name":"Shop","item":"https:\/\/www.lmv.gr.ch\/it\/shop\/"},{"@type":"ListItem","position":3,"name":"Bisch-fit? Bewegungsbox"}]},{"@type":"WebSite","@id":"https:\/\/www.lmv.gr.ch\/#website","url":"https:\/\/www.lmv.gr.ch\/","name":"Lehrmittel Graub\u00fcnden","description":"Lehrmittel des Kantons Graub\u00fcnden","potentialAction":[{"@type":"SearchAction","target":{"@type":"EntryPoint","urlTemplate":"https:\/\/www.lmv.gr.ch\/?s={search_term_string}"},"query-input":{"@type":"PropertyValueSpecification","valueRequired":true,"valueName":"search_term_string"}}],"inLanguage":"rm"}]}},"_links":{"self":[{"href":"https:\/\/www.lmv.gr.ch\/en\/wp-json\/wp\/v2\/product\/77432","targetHints":{"allow":["GET"]}}],"collection":[{"href":"https:\/\/www.lmv.gr.ch\/en\/wp-json\/wp\/v2\/product"}],"about":[{"href":"https:\/\/www.lmv.gr.ch\/en\/wp-json\/wp\/v2\/types\/product"}],"replies":[{"embeddable":true,"href":"https:\/\/www.lmv.gr.ch\/en\/wp-json\/wp\/v2\/comments?post=77432"}],"wp:featuredmedia":[{"embeddable":true,"href":"https:\/\/www.lmv.gr.ch\/en\/wp-json\/wp\/v2\/media\/77433"}],"wp:attachment":[{"href":"https:\/\/www.lmv.gr.ch\/en\/wp-json\/wp\/v2\/media?parent=77432"}],"wp:term":[{"taxonomy":"product_cat","embeddable":true,"href":"https:\/\/www.lmv.gr.ch\/en\/wp-json\/wp\/v2\/product_cat?post=77432"},{"taxonomy":"product_tag","embeddable":true,"href":"https:\/\/www.lmv.gr.ch\/en\/wp-json\/wp\/v2\/product_tag?post=77432"}],"curies":[{"name":"wp","href":"https:\/\/api.w.org\/{rel}","templated":true}]}}