{"id":73524,"date":"2026-01-07T23:54:14","date_gmt":"2026-01-07T23:54:14","guid":{"rendered":"https:\/\/www.lmv.gr.ch\/gesamtverzeichnis\/inform21-material-per-scolaras-e-scolars-4\/"},"modified":"2026-01-08T02:55:14","modified_gmt":"2026-01-08T00:55:14","slug":"deinform21-materiale-per-scolare-e-scolari","status":"publish","type":"product","link":"https:\/\/www.lmv.gr.ch\/en\/produkt\/deinform21-materiale-per-scolare-e-scolari\/","title":{"rendered":"inform@21, Materiale per scolare e scolari"},"content":{"rendered":"<p class=\"qtranxs-available-languages-message qtranxs-available-languages-message-en\">Leider ist der Eintrag nur auf <a href=\"https:\/\/www.lmv.gr.ch\/de\/wp-json\/wp\/v2\/product\/73524\" class=\"qtranxs-available-language-link qtranxs-available-language-link-de\" title=\"Deutsch\">Deutsch<\/a> verf\u00fcgbar<\/p><p>farbig illustriert, in Kartonh\u00fclle<\/p>\n<p>Das Lehrmittel inform@21 richtet sich an die 5. und 6. Klasse der Primarschule. Es beinhaltet f\u00fcnf Kapitel mit Themen aus der Lebenswelt der Sch\u00fclerinnen und Sch\u00fcler:<br \/> &#8211; Sich zu helfen wissen<br \/> &#8211; Bilder<br \/> &#8211; Ich im Netz<br \/> &#8211; Programmieren<br \/> &#8211; Big Data<\/p>\n<p> Die Themen werden jeweils aus dem Blickwinkel der drei Bereiche Medien, Informatik und Anwendung beleuchtet. Insgesamt werden 14 ausgearbeitete Unterrichtsarrangements zur Verf\u00fcgung stehen. Alle Unterrichtsarrangements wurden von Lehrpersonen der Zielstufe entwickelt, unter dem Motto: \u00abAus der Praxis f\u00fcr die Praxis\u00bb.<\/p>\n<p> Das Arbeitsmaterial f\u00fcr die Sch\u00fclerinnen und Sch\u00fcler besteht aus vierzehn Faltbl\u00e4ttern und enth\u00e4lt Aufgaben aus der Lebenswelt der Kinder. Jedes Faltblatt schliesst mit einer Kompetenz\u00fcberpr\u00fcfung und einer weiterf\u00fchrenden Profi-Aufgabe ab.<\/p>\n<p><\/p>\n<div class=\"synved-social-container synved-social-container-follow\" style=\"text-align: right\"><a class=\"synved-social-button synved-social-button-follow synved-social-size-24 synved-social-resolution-normal synved-social-provider-facebook nolightbox\" data-provider=\"facebook\" target=\"_blank\" rel=\"nofollow\" title=\"Follow us on Facebook\" href=\"https:\/\/www.facebook.com\/facebook\" style=\"font-size: 0px;width:24px;height:24px;margin:0;margin-bottom:5px;margin-right:5px\"><img loading=\"lazy\" decoding=\"async\" alt=\"Facebook\" title=\"Follow us on Facebook\" class=\"synved-share-image synved-social-image synved-social-image-follow\" width=\"24\" height=\"24\" style=\"display: inline;width:24px;height:24px;margin: 0;padding: 0;border: none;box-shadow: none\" src=\"https:\/\/www.lmv.gr.ch\/wp-content\/plugins\/social-media-feather\/synved-social\/image\/social\/regular\/24x24\/facebook.png\" \/><\/a><a class=\"synved-social-button synved-social-button-follow synved-social-size-24 synved-social-resolution-normal synved-social-provider-twitter nolightbox\" data-provider=\"twitter\" target=\"_blank\" rel=\"nofollow\" title=\"Follow us on Twitter\" href=\"https:\/\/twitter.com\/twitter\" style=\"font-size: 0px;width:24px;height:24px;margin:0;margin-bottom:5px;margin-right:5px\"><img loading=\"lazy\" decoding=\"async\" alt=\"twitter\" title=\"Follow us on Twitter\" class=\"synved-share-image synved-social-image synved-social-image-follow\" width=\"24\" height=\"24\" style=\"display: inline;width:24px;height:24px;margin: 0;padding: 0;border: none;box-shadow: none\" src=\"https:\/\/www.lmv.gr.ch\/wp-content\/plugins\/social-media-feather\/synved-social\/image\/social\/regular\/24x24\/twitter.png\" \/><\/a><a class=\"synved-social-button synved-social-button-follow synved-social-size-24 synved-social-resolution-normal synved-social-provider-linkedin nolightbox\" data-provider=\"linkedin\" target=\"_blank\" rel=\"nofollow\" title=\"Find us on Linkedin\" href=\"https:\/\/www.linkedin.com\/in\/yourid\" style=\"font-size: 0px;width:24px;height:24px;margin:0;margin-bottom:5px;margin-right:5px\"><img loading=\"lazy\" decoding=\"async\" alt=\"linkedin\" title=\"Find us on Linkedin\" class=\"synved-share-image synved-social-image synved-social-image-follow\" width=\"24\" height=\"24\" style=\"display: inline;width:24px;height:24px;margin: 0;padding: 0;border: none;box-shadow: none\" src=\"https:\/\/www.lmv.gr.ch\/wp-content\/plugins\/social-media-feather\/synved-social\/image\/social\/regular\/24x24\/linkedin.png\" \/><\/a><a class=\"synved-social-button synved-social-button-follow synved-social-size-24 synved-social-resolution-normal synved-social-provider-rss nolightbox\" data-provider=\"rss\" target=\"_blank\" rel=\"nofollow\" title=\"Subscribe to our RSS Feed\" href=\"https:\/\/feeds.feedburner.com\/MyFeedName\" style=\"font-size: 0px;width:24px;height:24px;margin:0;margin-bottom:5px;margin-right:5px\"><img loading=\"lazy\" decoding=\"async\" alt=\"rss\" title=\"Subscribe to our RSS Feed\" class=\"synved-share-image synved-social-image synved-social-image-follow\" width=\"24\" height=\"24\" style=\"display: inline;width:24px;height:24px;margin: 0;padding: 0;border: none;box-shadow: none\" src=\"https:\/\/www.lmv.gr.ch\/wp-content\/plugins\/social-media-feather\/synved-social\/image\/social\/regular\/24x24\/rss.png\" \/><\/a><a class=\"synved-social-button synved-social-button-follow synved-social-size-24 synved-social-resolution-normal synved-social-provider-youtube nolightbox\" data-provider=\"youtube\" target=\"_blank\" rel=\"nofollow\" title=\"Find us on YouTube\" href=\"https:\/\/www.youtube.com\/MyYouTubeName\" style=\"font-size: 0px;width:24px;height:24px;margin:0;margin-bottom:5px\"><img loading=\"lazy\" decoding=\"async\" alt=\"youtube\" title=\"Find us on YouTube\" class=\"synved-share-image synved-social-image synved-social-image-follow\" width=\"24\" height=\"24\" style=\"display: inline;width:24px;height:24px;margin: 0;padding: 0;border: none;box-shadow: none\" src=\"https:\/\/www.lmv.gr.ch\/wp-content\/plugins\/social-media-feather\/synved-social\/image\/social\/regular\/24x24\/youtube.png\" \/><\/a><a class=\"synved-social-button synved-social-button-follow synved-social-size-24 synved-social-resolution-hidef synved-social-provider-facebook nolightbox\" data-provider=\"facebook\" target=\"_blank\" rel=\"nofollow\" title=\"Follow us on Facebook\" href=\"https:\/\/www.facebook.com\/facebook\" style=\"font-size: 0px;width:24px;height:24px;margin:0;margin-bottom:5px;margin-right:5px\"><img loading=\"lazy\" decoding=\"async\" alt=\"Facebook\" title=\"Follow us on Facebook\" class=\"synved-share-image synved-social-image synved-social-image-follow\" width=\"24\" height=\"24\" style=\"display: inline;width:24px;height:24px;margin: 0;padding: 0;border: none;box-shadow: none\" src=\"https:\/\/www.lmv.gr.ch\/wp-content\/plugins\/social-media-feather\/synved-social\/image\/social\/regular\/48x48\/facebook.png\" \/><\/a><a class=\"synved-social-button synved-social-button-follow synved-social-size-24 synved-social-resolution-hidef synved-social-provider-twitter nolightbox\" data-provider=\"twitter\" target=\"_blank\" rel=\"nofollow\" title=\"Follow us on Twitter\" href=\"https:\/\/twitter.com\/twitter\" style=\"font-size: 0px;width:24px;height:24px;margin:0;margin-bottom:5px;margin-right:5px\"><img loading=\"lazy\" decoding=\"async\" alt=\"twitter\" title=\"Follow us on Twitter\" class=\"synved-share-image synved-social-image synved-social-image-follow\" width=\"24\" height=\"24\" style=\"display: inline;width:24px;height:24px;margin: 0;padding: 0;border: none;box-shadow: none\" src=\"https:\/\/www.lmv.gr.ch\/wp-content\/plugins\/social-media-feather\/synved-social\/image\/social\/regular\/48x48\/twitter.png\" \/><\/a><a class=\"synved-social-button synved-social-button-follow synved-social-size-24 synved-social-resolution-hidef synved-social-provider-linkedin nolightbox\" data-provider=\"linkedin\" target=\"_blank\" rel=\"nofollow\" title=\"Find us on Linkedin\" href=\"https:\/\/www.linkedin.com\/in\/yourid\" style=\"font-size: 0px;width:24px;height:24px;margin:0;margin-bottom:5px;margin-right:5px\"><img loading=\"lazy\" decoding=\"async\" alt=\"linkedin\" title=\"Find us on Linkedin\" class=\"synved-share-image synved-social-image synved-social-image-follow\" width=\"24\" height=\"24\" style=\"display: inline;width:24px;height:24px;margin: 0;padding: 0;border: none;box-shadow: none\" src=\"https:\/\/www.lmv.gr.ch\/wp-content\/plugins\/social-media-feather\/synved-social\/image\/social\/regular\/48x48\/linkedin.png\" \/><\/a><a class=\"synved-social-button synved-social-button-follow synved-social-size-24 synved-social-resolution-hidef synved-social-provider-rss nolightbox\" data-provider=\"rss\" target=\"_blank\" rel=\"nofollow\" title=\"Subscribe to our RSS Feed\" href=\"https:\/\/feeds.feedburner.com\/MyFeedName\" style=\"font-size: 0px;width:24px;height:24px;margin:0;margin-bottom:5px;margin-right:5px\"><img loading=\"lazy\" decoding=\"async\" alt=\"rss\" title=\"Subscribe to our RSS Feed\" class=\"synved-share-image synved-social-image synved-social-image-follow\" width=\"24\" height=\"24\" style=\"display: inline;width:24px;height:24px;margin: 0;padding: 0;border: none;box-shadow: none\" src=\"https:\/\/www.lmv.gr.ch\/wp-content\/plugins\/social-media-feather\/synved-social\/image\/social\/regular\/48x48\/rss.png\" \/><\/a><a class=\"synved-social-button synved-social-button-follow synved-social-size-24 synved-social-resolution-hidef synved-social-provider-youtube nolightbox\" data-provider=\"youtube\" target=\"_blank\" rel=\"nofollow\" title=\"Find us on YouTube\" href=\"https:\/\/www.youtube.com\/MyYouTubeName\" style=\"font-size: 0px;width:24px;height:24px;margin:0;margin-bottom:5px\"><img loading=\"lazy\" decoding=\"async\" alt=\"youtube\" title=\"Find us on YouTube\" class=\"synved-share-image synved-social-image synved-social-image-follow\" width=\"24\" height=\"24\" style=\"display: inline;width:24px;height:24px;margin: 0;padding: 0;border: none;box-shadow: none\" src=\"https:\/\/www.lmv.gr.ch\/wp-content\/plugins\/social-media-feather\/synved-social\/image\/social\/regular\/48x48\/youtube.png\" \/><\/a><\/div>","protected":false},"excerpt":{"rendered":"<p class=\"qtranxs-available-languages-message qtranxs-available-languages-message-en\">Leider ist der Eintrag nur auf <a href=\"https:\/\/www.lmv.gr.ch\/de\/wp-json\/wp\/v2\/product\/73524\" class=\"qtranxs-available-language-link qtranxs-available-language-link-de\" title=\"Deutsch\">Deutsch<\/a> verf\u00fcgbar<\/p>\n<p>farbig illustriert, in Kartonh\u00fclle<\/p>\n<p>Das Lehrmittel inform@21 richtet sich an die 5. und 6. Klasse der Primarschule. Es beinhaltet f\u00fcnf Kapitel mit Themen aus der Lebenswelt der Sch\u00fclerinnen und Sch\u00fcler:<br \/> &#8211; Sich zu helfen wissen<br \/> &#8211; Bilder<br \/> &#8211; Ich im Netz<br \/> &#8211; Programmieren<br \/> &#8211; Big Data<\/p>\n<p> Die Themen werden jeweils aus dem Blickwinkel der drei Bereiche Medien, Informatik und Anwendung beleuchtet. Insgesamt werden 14 ausgearbeitete Unterrichtsarrangements zur Verf\u00fcgung stehen. Alle Unterrichtsarrangements wurden von Lehrpersonen der Zielstufe entwickelt, unter dem Motto: \u00abAus der Praxis f\u00fcr die Praxis\u00bb.<\/p>\n<p> Das Arbeitsmaterial f\u00fcr die Sch\u00fclerinnen und Sch\u00fcler besteht aus vierzehn Faltbl\u00e4ttern und enth\u00e4lt Aufgaben aus der Lebenswelt der Kinder. Jedes Faltblatt schliesst mit einer Kompetenz\u00fcberpr\u00fcfung und einer weiterf\u00fchrenden Profi-Aufgabe ab.<\/p>\n","protected":false},"featured_media":73526,"comment_status":"closed","ping_status":"closed","template":"","meta":[],"product_cat":[4542],"product_tag":[],"class_list":["post-73524","product","type-product","status-publish","has-post-thumbnail","hentry","product_cat-italienisch-medien-und-informatik","edition-eigenverlag","fachgebiet-grundschule"],"acf":[],"yoast_head":"<!-- This site is optimized with the Yoast SEO plugin v24.6 - https:\/\/yoast.com\/wordpress\/plugins\/seo\/ -->\n<title>inform@21, Materiale per scolare e scolari - Lehrmittel Graub\u00fcnden<\/title>\n<meta name=\"robots\" content=\"index, follow, max-snippet:-1, max-image-preview:large, max-video-preview:-1\" \/>\n<link rel=\"canonical\" href=\"https:\/\/www.lmv.gr.ch\/en\/produkt\/deinform21-materiale-per-scolare-e-scolari\/\" \/>\n<meta property=\"og:locale\" content=\"en_US\" \/>\n<meta property=\"og:type\" content=\"article\" \/>\n<meta property=\"og:title\" content=\"inform@21, Materiale per scolare e scolari - Lehrmittel Graub\u00fcnden\" \/>\n<meta property=\"og:description\" content=\"farbig illustriert, in Kartonh\u00fclleDas Lehrmittel inform@21 richtet sich an die 5. und 6. Klasse der Primarschule. Es beinhaltet f\u00fcnf Kapitel mit Themen aus der Lebenswelt der Sch\u00fclerinnen und Sch\u00fcler: - Sich zu helfen wissen - Bilder - Ich im Netz - Programmieren - Big Data Die Themen werden jeweils aus dem Blickwinkel der drei Bereiche Medien, Informatik und Anwendung beleuchtet. Insgesamt werden 14 ausgearbeitete Unterrichtsarrangements zur Verf\u00fcgung stehen. Alle Unterrichtsarrangements wurden von Lehrpersonen der Zielstufe entwickelt, unter dem Motto: \u00abAus der Praxis f\u00fcr die Praxis\u00bb. Das Arbeitsmaterial f\u00fcr die Sch\u00fclerinnen und Sch\u00fcler besteht aus vierzehn Faltbl\u00e4ttern und enth\u00e4lt Aufgaben aus der Lebenswelt der Kinder. Jedes Faltblatt schliesst mit einer Kompetenz\u00fcberpr\u00fcfung und einer weiterf\u00fchrenden Profi-Aufgabe ab.\" \/>\n<meta property=\"og:url\" content=\"https:\/\/www.lmv.gr.ch\/produkt\/deinform21-materiale-per-scolare-e-scolari\/\" \/>\n<meta property=\"og:site_name\" content=\"Lehrmittel Graub\u00fcnden\" \/>\n<meta property=\"article:modified_time\" content=\"2026-01-08T00:55:14+00:00\" \/>\n<meta property=\"og:image\" content=\"https:\/\/www.lmv.gr.ch\/wp-content\/uploads\/asolmerce\/image-978-3-03847-091-5.png\" \/>\n\t<meta property=\"og:image:width\" content=\"765\" \/>\n\t<meta property=\"og:image:height\" content=\"1054\" \/>\n\t<meta property=\"og:image:type\" content=\"image\/png\" \/>\n<meta name=\"twitter:label1\" content=\"Est. reading time\" \/>\n\t<meta name=\"twitter:data1\" content=\"1 minute\" \/>\n<script type=\"application\/ld+json\" class=\"yoast-schema-graph\">{\"@context\":\"https:\/\/schema.org\",\"@graph\":[{\"@type\":\"WebPage\",\"@id\":\"https:\/\/www.lmv.gr.ch\/produkt\/deinform21-materiale-per-scolare-e-scolari\/\",\"url\":\"https:\/\/www.lmv.gr.ch\/produkt\/deinform21-materiale-per-scolare-e-scolari\/\",\"name\":\"inform@21, Materiale per scolare e scolari - Lehrmittel Graub\u00fcnden\",\"isPartOf\":{\"@id\":\"https:\/\/www.lmv.gr.ch\/#website\"},\"primaryImageOfPage\":{\"@id\":\"https:\/\/www.lmv.gr.ch\/produkt\/deinform21-materiale-per-scolare-e-scolari\/#primaryimage\"},\"image\":{\"@id\":\"https:\/\/www.lmv.gr.ch\/produkt\/deinform21-materiale-per-scolare-e-scolari\/#primaryimage\"},\"thumbnailUrl\":\"https:\/\/www.lmv.gr.ch\/wp-content\/uploads\/asolmerce\/image-978-3-03847-091-5.png\",\"datePublished\":\"2026-01-07T23:54:14+00:00\",\"dateModified\":\"2026-01-08T00:55:14+00:00\",\"breadcrumb\":{\"@id\":\"https:\/\/www.lmv.gr.ch\/produkt\/deinform21-materiale-per-scolare-e-scolari\/#breadcrumb\"},\"inLanguage\":\"rm\",\"potentialAction\":[{\"@type\":\"ReadAction\",\"target\":[\"https:\/\/www.lmv.gr.ch\/produkt\/deinform21-materiale-per-scolare-e-scolari\/\"]}]},{\"@type\":\"ImageObject\",\"inLanguage\":\"rm\",\"@id\":\"https:\/\/www.lmv.gr.ch\/produkt\/deinform21-materiale-per-scolare-e-scolari\/#primaryimage\",\"url\":\"https:\/\/www.lmv.gr.ch\/wp-content\/uploads\/asolmerce\/image-978-3-03847-091-5.png\",\"contentUrl\":\"https:\/\/www.lmv.gr.ch\/wp-content\/uploads\/asolmerce\/image-978-3-03847-091-5.png\",\"width\":765,\"height\":1054},{\"@type\":\"BreadcrumbList\",\"@id\":\"https:\/\/www.lmv.gr.ch\/produkt\/deinform21-materiale-per-scolare-e-scolari\/#breadcrumb\",\"itemListElement\":[{\"@type\":\"ListItem\",\"position\":1,\"name\":\"Home\",\"item\":\"https:\/\/www.lmv.gr.ch\/\"},{\"@type\":\"ListItem\",\"position\":2,\"name\":\"Shop\",\"item\":\"https:\/\/www.lmv.gr.ch\/it\/shop\/\"},{\"@type\":\"ListItem\",\"position\":3,\"name\":\"inform@21, Materiale per scolare e scolari\"}]},{\"@type\":\"WebSite\",\"@id\":\"https:\/\/www.lmv.gr.ch\/#website\",\"url\":\"https:\/\/www.lmv.gr.ch\/\",\"name\":\"Lehrmittel Graub\u00fcnden\",\"description\":\"Lehrmittel des Kantons Graub\u00fcnden\",\"potentialAction\":[{\"@type\":\"SearchAction\",\"target\":{\"@type\":\"EntryPoint\",\"urlTemplate\":\"https:\/\/www.lmv.gr.ch\/?s={search_term_string}\"},\"query-input\":{\"@type\":\"PropertyValueSpecification\",\"valueRequired\":true,\"valueName\":\"search_term_string\"}}],\"inLanguage\":\"rm\"}]}<\/script>\n<!-- \/ Yoast SEO plugin. -->","yoast_head_json":{"title":"inform@21, Materiale per scolare e scolari - Lehrmittel Graub\u00fcnden","robots":{"index":"index","follow":"follow","max-snippet":"max-snippet:-1","max-image-preview":"max-image-preview:large","max-video-preview":"max-video-preview:-1"},"canonical":"https:\/\/www.lmv.gr.ch\/en\/produkt\/deinform21-materiale-per-scolare-e-scolari\/","og_locale":"en_US","og_type":"article","og_title":"inform@21, Materiale per scolare e scolari - Lehrmittel Graub\u00fcnden","og_description":"farbig illustriert, in Kartonh\u00fclleDas Lehrmittel inform@21 richtet sich an die 5. und 6. Klasse der Primarschule. Es beinhaltet f\u00fcnf Kapitel mit Themen aus der Lebenswelt der Sch\u00fclerinnen und Sch\u00fcler: - Sich zu helfen wissen - Bilder - Ich im Netz - Programmieren - Big Data Die Themen werden jeweils aus dem Blickwinkel der drei Bereiche Medien, Informatik und Anwendung beleuchtet. Insgesamt werden 14 ausgearbeitete Unterrichtsarrangements zur Verf\u00fcgung stehen. Alle Unterrichtsarrangements wurden von Lehrpersonen der Zielstufe entwickelt, unter dem Motto: \u00abAus der Praxis f\u00fcr die Praxis\u00bb. Das Arbeitsmaterial f\u00fcr die Sch\u00fclerinnen und Sch\u00fcler besteht aus vierzehn Faltbl\u00e4ttern und enth\u00e4lt Aufgaben aus der Lebenswelt der Kinder. Jedes Faltblatt schliesst mit einer Kompetenz\u00fcberpr\u00fcfung und einer weiterf\u00fchrenden Profi-Aufgabe ab.","og_url":"https:\/\/www.lmv.gr.ch\/produkt\/deinform21-materiale-per-scolare-e-scolari\/","og_site_name":"Lehrmittel Graub\u00fcnden","article_modified_time":"2026-01-08T00:55:14+00:00","og_image":[{"width":765,"height":1054,"url":"https:\/\/www.lmv.gr.ch\/wp-content\/uploads\/asolmerce\/image-978-3-03847-091-5.png","type":"image\/png"}],"twitter_misc":{"Est. reading time":"1 minute"},"schema":{"@context":"https:\/\/schema.org","@graph":[{"@type":"WebPage","@id":"https:\/\/www.lmv.gr.ch\/produkt\/deinform21-materiale-per-scolare-e-scolari\/","url":"https:\/\/www.lmv.gr.ch\/produkt\/deinform21-materiale-per-scolare-e-scolari\/","name":"inform@21, Materiale per scolare e scolari - Lehrmittel Graub\u00fcnden","isPartOf":{"@id":"https:\/\/www.lmv.gr.ch\/#website"},"primaryImageOfPage":{"@id":"https:\/\/www.lmv.gr.ch\/produkt\/deinform21-materiale-per-scolare-e-scolari\/#primaryimage"},"image":{"@id":"https:\/\/www.lmv.gr.ch\/produkt\/deinform21-materiale-per-scolare-e-scolari\/#primaryimage"},"thumbnailUrl":"https:\/\/www.lmv.gr.ch\/wp-content\/uploads\/asolmerce\/image-978-3-03847-091-5.png","datePublished":"2026-01-07T23:54:14+00:00","dateModified":"2026-01-08T00:55:14+00:00","breadcrumb":{"@id":"https:\/\/www.lmv.gr.ch\/produkt\/deinform21-materiale-per-scolare-e-scolari\/#breadcrumb"},"inLanguage":"rm","potentialAction":[{"@type":"ReadAction","target":["https:\/\/www.lmv.gr.ch\/produkt\/deinform21-materiale-per-scolare-e-scolari\/"]}]},{"@type":"ImageObject","inLanguage":"rm","@id":"https:\/\/www.lmv.gr.ch\/produkt\/deinform21-materiale-per-scolare-e-scolari\/#primaryimage","url":"https:\/\/www.lmv.gr.ch\/wp-content\/uploads\/asolmerce\/image-978-3-03847-091-5.png","contentUrl":"https:\/\/www.lmv.gr.ch\/wp-content\/uploads\/asolmerce\/image-978-3-03847-091-5.png","width":765,"height":1054},{"@type":"BreadcrumbList","@id":"https:\/\/www.lmv.gr.ch\/produkt\/deinform21-materiale-per-scolare-e-scolari\/#breadcrumb","itemListElement":[{"@type":"ListItem","position":1,"name":"Home","item":"https:\/\/www.lmv.gr.ch\/"},{"@type":"ListItem","position":2,"name":"Shop","item":"https:\/\/www.lmv.gr.ch\/it\/shop\/"},{"@type":"ListItem","position":3,"name":"inform@21, Materiale per scolare e scolari"}]},{"@type":"WebSite","@id":"https:\/\/www.lmv.gr.ch\/#website","url":"https:\/\/www.lmv.gr.ch\/","name":"Lehrmittel Graub\u00fcnden","description":"Lehrmittel des Kantons Graub\u00fcnden","potentialAction":[{"@type":"SearchAction","target":{"@type":"EntryPoint","urlTemplate":"https:\/\/www.lmv.gr.ch\/?s={search_term_string}"},"query-input":{"@type":"PropertyValueSpecification","valueRequired":true,"valueName":"search_term_string"}}],"inLanguage":"rm"}]}},"_links":{"self":[{"href":"https:\/\/www.lmv.gr.ch\/en\/wp-json\/wp\/v2\/product\/73524","targetHints":{"allow":["GET"]}}],"collection":[{"href":"https:\/\/www.lmv.gr.ch\/en\/wp-json\/wp\/v2\/product"}],"about":[{"href":"https:\/\/www.lmv.gr.ch\/en\/wp-json\/wp\/v2\/types\/product"}],"replies":[{"embeddable":true,"href":"https:\/\/www.lmv.gr.ch\/en\/wp-json\/wp\/v2\/comments?post=73524"}],"wp:featuredmedia":[{"embeddable":true,"href":"https:\/\/www.lmv.gr.ch\/en\/wp-json\/wp\/v2\/media\/73526"}],"wp:attachment":[{"href":"https:\/\/www.lmv.gr.ch\/en\/wp-json\/wp\/v2\/media?parent=73524"}],"wp:term":[{"taxonomy":"product_cat","embeddable":true,"href":"https:\/\/www.lmv.gr.ch\/en\/wp-json\/wp\/v2\/product_cat?post=73524"},{"taxonomy":"product_tag","embeddable":true,"href":"https:\/\/www.lmv.gr.ch\/en\/wp-json\/wp\/v2\/product_tag?post=73524"}],"curies":[{"name":"wp","href":"https:\/\/api.w.org\/{rel}","templated":true}]}}