{"id":72945,"date":"2026-01-07T23:54:02","date_gmt":"2026-01-07T23:54:02","guid":{"rendered":"https:\/\/www.lmv.gr.ch\/gesamtverzeichnis\/profilo-2\/"},"modified":"2026-01-08T02:55:02","modified_gmt":"2026-01-08T00:55:02","slug":"deprofilo","status":"publish","type":"product","link":"https:\/\/www.lmv.gr.ch\/en\/produkt\/deprofilo\/","title":{"rendered":"profilo"},"content":{"rendered":"<p><\/p>\n<div>\n<div>\u00abprofilo\u00bb serva a rimnar, ad ordinar ed a structurar ils documents ed a planisar ils singuls pass da la tscherna da professiun. Perquai ch&#8217;i vegn lavur\u00e0 durant il process cun documents da differentas funtaunas e da different geners, procura l&#8217;ordinatur per survista. Logos illustrativs dattan structura e porschan agid d&#8217;orientaziun.<\/div>\n<div><\/div>\n<div>En la part davos da l&#8217;ordinatur pon vegnir rimnads la brev da motivaziun, il curs da vita ed ulteriurs documents impurtants.<\/div>\n<div><\/div>\n<div>Uschia han las pli impurtantas accumpagnadras ed ils pli impurtants accumpagnaders da la tscherna da professiun, sco geniturs, persunas d&#8217;instrucziun e da cussegliaziun, la pussaivladad da prender invista \u2013 cuminaivlamain cun ils giuvenils \u2013 dals pass fatgs, vegnints e planisads.<\/div>\n<div><\/div>\n<div>Remartga: Il register cuntegn\u00ec en l&#8217;ordinatur \u00e8 vegn\u00ec actualis\u00e0 ed adatt\u00e0 e po vegnir chargi\u00e0 giu sur il link qua sutvart.<\/div>\n<div><\/div>\n<div>La Cussegliaziun da professiun metta a disposiziun fegls da lavur e fegls d&#8217;infurmaziun per l&#8217;orientaziun professiunala sin la pagina \u00abprofilo\u00bb per chargiar giu. Plinavant infurmescha ella las persunas d&#8217;instrucziun en ses newsletter, uschespert ch&#8217;in document \u00e8 vegn\u00ec actualis\u00e0.<\/div>\n<\/div>\n<p><\/p>\n<div class=\"synved-social-container synved-social-container-follow\" style=\"text-align: right\"><a class=\"synved-social-button synved-social-button-follow synved-social-size-24 synved-social-resolution-normal synved-social-provider-facebook nolightbox\" data-provider=\"facebook\" target=\"_blank\" rel=\"nofollow\" title=\"Follow us on Facebook\" href=\"https:\/\/www.facebook.com\/facebook\" style=\"font-size: 0px;width:24px;height:24px;margin:0;margin-bottom:5px;margin-right:5px\"><img loading=\"lazy\" decoding=\"async\" alt=\"Facebook\" title=\"Follow us on Facebook\" class=\"synved-share-image synved-social-image synved-social-image-follow\" width=\"24\" height=\"24\" style=\"display: inline;width:24px;height:24px;margin: 0;padding: 0;border: none;box-shadow: none\" src=\"https:\/\/www.lmv.gr.ch\/wp-content\/plugins\/social-media-feather\/synved-social\/image\/social\/regular\/24x24\/facebook.png\" \/><\/a><a class=\"synved-social-button synved-social-button-follow synved-social-size-24 synved-social-resolution-normal synved-social-provider-twitter nolightbox\" data-provider=\"twitter\" target=\"_blank\" rel=\"nofollow\" title=\"Follow us on Twitter\" href=\"https:\/\/twitter.com\/twitter\" style=\"font-size: 0px;width:24px;height:24px;margin:0;margin-bottom:5px;margin-right:5px\"><img loading=\"lazy\" decoding=\"async\" alt=\"twitter\" title=\"Follow us on Twitter\" class=\"synved-share-image synved-social-image synved-social-image-follow\" width=\"24\" height=\"24\" style=\"display: inline;width:24px;height:24px;margin: 0;padding: 0;border: none;box-shadow: none\" src=\"https:\/\/www.lmv.gr.ch\/wp-content\/plugins\/social-media-feather\/synved-social\/image\/social\/regular\/24x24\/twitter.png\" \/><\/a><a class=\"synved-social-button synved-social-button-follow synved-social-size-24 synved-social-resolution-normal synved-social-provider-linkedin nolightbox\" data-provider=\"linkedin\" target=\"_blank\" rel=\"nofollow\" title=\"Find us on Linkedin\" href=\"https:\/\/www.linkedin.com\/in\/yourid\" style=\"font-size: 0px;width:24px;height:24px;margin:0;margin-bottom:5px;margin-right:5px\"><img loading=\"lazy\" decoding=\"async\" alt=\"linkedin\" title=\"Find us on Linkedin\" class=\"synved-share-image synved-social-image synved-social-image-follow\" width=\"24\" height=\"24\" style=\"display: inline;width:24px;height:24px;margin: 0;padding: 0;border: none;box-shadow: none\" src=\"https:\/\/www.lmv.gr.ch\/wp-content\/plugins\/social-media-feather\/synved-social\/image\/social\/regular\/24x24\/linkedin.png\" \/><\/a><a class=\"synved-social-button synved-social-button-follow synved-social-size-24 synved-social-resolution-normal synved-social-provider-rss nolightbox\" data-provider=\"rss\" target=\"_blank\" rel=\"nofollow\" title=\"Subscribe to our RSS Feed\" href=\"https:\/\/feeds.feedburner.com\/MyFeedName\" style=\"font-size: 0px;width:24px;height:24px;margin:0;margin-bottom:5px;margin-right:5px\"><img loading=\"lazy\" decoding=\"async\" alt=\"rss\" title=\"Subscribe to our RSS Feed\" class=\"synved-share-image synved-social-image synved-social-image-follow\" width=\"24\" height=\"24\" style=\"display: inline;width:24px;height:24px;margin: 0;padding: 0;border: none;box-shadow: none\" src=\"https:\/\/www.lmv.gr.ch\/wp-content\/plugins\/social-media-feather\/synved-social\/image\/social\/regular\/24x24\/rss.png\" \/><\/a><a class=\"synved-social-button synved-social-button-follow synved-social-size-24 synved-social-resolution-normal synved-social-provider-youtube nolightbox\" data-provider=\"youtube\" target=\"_blank\" rel=\"nofollow\" title=\"Find us on YouTube\" href=\"https:\/\/www.youtube.com\/MyYouTubeName\" style=\"font-size: 0px;width:24px;height:24px;margin:0;margin-bottom:5px\"><img loading=\"lazy\" decoding=\"async\" alt=\"youtube\" title=\"Find us on YouTube\" class=\"synved-share-image synved-social-image synved-social-image-follow\" width=\"24\" height=\"24\" style=\"display: inline;width:24px;height:24px;margin: 0;padding: 0;border: none;box-shadow: none\" src=\"https:\/\/www.lmv.gr.ch\/wp-content\/plugins\/social-media-feather\/synved-social\/image\/social\/regular\/24x24\/youtube.png\" \/><\/a><a class=\"synved-social-button synved-social-button-follow synved-social-size-24 synved-social-resolution-hidef synved-social-provider-facebook nolightbox\" data-provider=\"facebook\" target=\"_blank\" rel=\"nofollow\" title=\"Follow us on Facebook\" href=\"https:\/\/www.facebook.com\/facebook\" style=\"font-size: 0px;width:24px;height:24px;margin:0;margin-bottom:5px;margin-right:5px\"><img loading=\"lazy\" decoding=\"async\" alt=\"Facebook\" title=\"Follow us on Facebook\" class=\"synved-share-image synved-social-image synved-social-image-follow\" width=\"24\" height=\"24\" style=\"display: inline;width:24px;height:24px;margin: 0;padding: 0;border: none;box-shadow: none\" src=\"https:\/\/www.lmv.gr.ch\/wp-content\/plugins\/social-media-feather\/synved-social\/image\/social\/regular\/48x48\/facebook.png\" \/><\/a><a class=\"synved-social-button synved-social-button-follow synved-social-size-24 synved-social-resolution-hidef synved-social-provider-twitter nolightbox\" data-provider=\"twitter\" target=\"_blank\" rel=\"nofollow\" title=\"Follow us on Twitter\" href=\"https:\/\/twitter.com\/twitter\" style=\"font-size: 0px;width:24px;height:24px;margin:0;margin-bottom:5px;margin-right:5px\"><img loading=\"lazy\" decoding=\"async\" alt=\"twitter\" title=\"Follow us on Twitter\" class=\"synved-share-image synved-social-image synved-social-image-follow\" width=\"24\" height=\"24\" style=\"display: inline;width:24px;height:24px;margin: 0;padding: 0;border: none;box-shadow: none\" src=\"https:\/\/www.lmv.gr.ch\/wp-content\/plugins\/social-media-feather\/synved-social\/image\/social\/regular\/48x48\/twitter.png\" \/><\/a><a class=\"synved-social-button synved-social-button-follow synved-social-size-24 synved-social-resolution-hidef synved-social-provider-linkedin nolightbox\" data-provider=\"linkedin\" target=\"_blank\" rel=\"nofollow\" title=\"Find us on Linkedin\" href=\"https:\/\/www.linkedin.com\/in\/yourid\" style=\"font-size: 0px;width:24px;height:24px;margin:0;margin-bottom:5px;margin-right:5px\"><img loading=\"lazy\" decoding=\"async\" alt=\"linkedin\" title=\"Find us on Linkedin\" class=\"synved-share-image synved-social-image synved-social-image-follow\" width=\"24\" height=\"24\" style=\"display: inline;width:24px;height:24px;margin: 0;padding: 0;border: none;box-shadow: none\" src=\"https:\/\/www.lmv.gr.ch\/wp-content\/plugins\/social-media-feather\/synved-social\/image\/social\/regular\/48x48\/linkedin.png\" \/><\/a><a class=\"synved-social-button synved-social-button-follow synved-social-size-24 synved-social-resolution-hidef synved-social-provider-rss nolightbox\" data-provider=\"rss\" target=\"_blank\" rel=\"nofollow\" title=\"Subscribe to our RSS Feed\" href=\"https:\/\/feeds.feedburner.com\/MyFeedName\" style=\"font-size: 0px;width:24px;height:24px;margin:0;margin-bottom:5px;margin-right:5px\"><img loading=\"lazy\" decoding=\"async\" alt=\"rss\" title=\"Subscribe to our RSS Feed\" class=\"synved-share-image synved-social-image synved-social-image-follow\" width=\"24\" height=\"24\" style=\"display: inline;width:24px;height:24px;margin: 0;padding: 0;border: none;box-shadow: none\" src=\"https:\/\/www.lmv.gr.ch\/wp-content\/plugins\/social-media-feather\/synved-social\/image\/social\/regular\/48x48\/rss.png\" \/><\/a><a class=\"synved-social-button synved-social-button-follow synved-social-size-24 synved-social-resolution-hidef synved-social-provider-youtube nolightbox\" data-provider=\"youtube\" target=\"_blank\" rel=\"nofollow\" title=\"Find us on YouTube\" href=\"https:\/\/www.youtube.com\/MyYouTubeName\" style=\"font-size: 0px;width:24px;height:24px;margin:0;margin-bottom:5px\"><img loading=\"lazy\" decoding=\"async\" alt=\"youtube\" title=\"Find us on YouTube\" class=\"synved-share-image synved-social-image synved-social-image-follow\" width=\"24\" height=\"24\" style=\"display: inline;width:24px;height:24px;margin: 0;padding: 0;border: none;box-shadow: none\" src=\"https:\/\/www.lmv.gr.ch\/wp-content\/plugins\/social-media-feather\/synved-social\/image\/social\/regular\/48x48\/youtube.png\" \/><\/a><\/div>","protected":false},"excerpt":{"rendered":"<div>\n<div>\u00abprofilo\u00bb serva a rimnar, ad ordinar ed a structurar ils documents ed a planisar ils singuls pass da la tscherna da professiun. Perquai ch&#8217;i vegn lavur\u00e0 durant il process cun documents da differentas funtaunas e da different geners, procura l&#8217;ordinatur per survista. Logos illustrativs dattan structura e porschan agid d&#8217;orientaziun.<\/div>\n<div><\/div>\n<div>En la part davos da l&#8217;ordinatur pon vegnir rimnads la brev da motivaziun, il curs da vita ed ulteriurs documents impurtants.<\/div>\n<div><\/div>\n<div>Uschia han las pli impurtantas accumpagnadras ed ils pli impurtants accumpagnaders da la tscherna da professiun, sco geniturs, persunas d&#8217;instrucziun e da cussegliaziun, la pussaivladad da prender invista \u2013 cuminaivlamain cun ils giuvenils \u2013 dals pass fatgs, vegnints e planisads.<\/div>\n<div><\/div>\n<div>Remartga: Il register cuntegn\u00ec en l&#8217;ordinatur \u00e8 vegn\u00ec actualis\u00e0 ed adatt\u00e0 e po vegnir chargi\u00e0 giu sur il link qua sutvart.<\/div>\n<div><\/div>\n<div>La Cussegliaziun da professiun metta a disposiziun fegls da lavur e fegls d&#8217;infurmaziun per l&#8217;orientaziun professiunala sin la pagina \u00abprofilo\u00bb per chargiar giu. Plinavant infurmescha ella las persunas d&#8217;instrucziun en ses newsletter, uschespert ch&#8217;in document \u00e8 vegn\u00ec actualis\u00e0.<\/div>\n<\/div>\n","protected":false},"featured_media":65938,"comment_status":"closed","ping_status":"closed","template":"","meta":[],"product_cat":[4159,4545,4404],"product_tag":[],"class_list":["post-72945","product","type-product","status-publish","has-post-thumbnail","hentry","product_cat-deutsch-berufliche-orientierung","product_cat-italienisch-berufliche-orientierung","product_cat-rumantsch-grischun-berufliche-orientierung","edition-eigenverlag"],"acf":[],"yoast_head":"<!-- This site is optimized with the Yoast SEO plugin v24.6 - https:\/\/yoast.com\/wordpress\/plugins\/seo\/ -->\n<title>profilo - Lehrmittel Graub\u00fcnden<\/title>\n<meta name=\"robots\" content=\"index, follow, max-snippet:-1, max-image-preview:large, max-video-preview:-1\" \/>\n<link rel=\"canonical\" href=\"https:\/\/www.lmv.gr.ch\/en\/produkt\/deprofilo\/\" \/>\n<meta property=\"og:locale\" content=\"en_US\" \/>\n<meta property=\"og:type\" content=\"article\" \/>\n<meta property=\"og:title\" content=\"profilo - Lehrmittel Graub\u00fcnden\" \/>\n<meta property=\"og:description\" content=\"\u00abprofilo\u00bb serva a rimnar, ad ordinar ed a structurar ils documents ed a planisar ils singuls pass da la tscherna da professiun. Perquai ch&#039;i vegn lavur\u00e0 durant il process cun documents da differentas funtaunas e da different geners, procura l&#039;ordinatur per survista. Logos illustrativs dattan structura e porschan agid d&#039;orientaziun.En la part davos da l&#039;ordinatur pon vegnir rimnads la brev da motivaziun, il curs da vita ed ulteriurs documents impurtants.Uschia han las pli impurtantas accumpagnadras ed ils pli impurtants accumpagnaders da la tscherna da professiun, sco geniturs, persunas d&#039;instrucziun e da cussegliaziun, la pussaivladad da prender invista \u2013 cuminaivlamain cun ils giuvenils \u2013 dals pass fatgs, vegnints e planisads.Remartga: Il register cuntegn\u00ec en l&#039;ordinatur \u00e8 vegn\u00ec actualis\u00e0 ed adatt\u00e0 e po vegnir chargi\u00e0 giu sur il link qua sutvart.La Cussegliaziun da professiun metta a disposiziun fegls da lavur e fegls d&#039;infurmaziun per l&#039;orientaziun professiunala sin la pagina \u00abprofilo\u00bb per chargiar giu. Plinavant infurmescha ella las persunas d&#039;instrucziun en ses newsletter, uschespert ch&#039;in document \u00e8 vegn\u00ec actualis\u00e0.\" \/>\n<meta property=\"og:url\" content=\"https:\/\/www.lmv.gr.ch\/produkt\/deprofilo\/\" \/>\n<meta property=\"og:site_name\" content=\"Lehrmittel Graub\u00fcnden\" \/>\n<meta property=\"article:modified_time\" content=\"2026-01-08T00:55:02+00:00\" \/>\n<meta property=\"og:image\" content=\"https:\/\/www.lmv.gr.ch\/wp-content\/uploads\/asolmerce\/image-12100397.png\" \/>\n\t<meta property=\"og:image:width\" content=\"2245\" \/>\n\t<meta property=\"og:image:height\" content=\"2746\" \/>\n\t<meta property=\"og:image:type\" content=\"image\/png\" \/>\n<meta name=\"twitter:label1\" content=\"Est. reading time\" \/>\n\t<meta name=\"twitter:data1\" content=\"2 minutes\" \/>\n<script type=\"application\/ld+json\" class=\"yoast-schema-graph\">{\"@context\":\"https:\/\/schema.org\",\"@graph\":[{\"@type\":\"WebPage\",\"@id\":\"https:\/\/www.lmv.gr.ch\/produkt\/deprofilo\/\",\"url\":\"https:\/\/www.lmv.gr.ch\/produkt\/deprofilo\/\",\"name\":\"profilo - Lehrmittel Graub\u00fcnden\",\"isPartOf\":{\"@id\":\"https:\/\/www.lmv.gr.ch\/#website\"},\"primaryImageOfPage\":{\"@id\":\"https:\/\/www.lmv.gr.ch\/produkt\/deprofilo\/#primaryimage\"},\"image\":{\"@id\":\"https:\/\/www.lmv.gr.ch\/produkt\/deprofilo\/#primaryimage\"},\"thumbnailUrl\":\"https:\/\/www.lmv.gr.ch\/wp-content\/uploads\/asolmerce\/image-12100397.png\",\"datePublished\":\"2026-01-07T23:54:02+00:00\",\"dateModified\":\"2026-01-08T00:55:02+00:00\",\"breadcrumb\":{\"@id\":\"https:\/\/www.lmv.gr.ch\/produkt\/deprofilo\/#breadcrumb\"},\"inLanguage\":\"rm\",\"potentialAction\":[{\"@type\":\"ReadAction\",\"target\":[\"https:\/\/www.lmv.gr.ch\/produkt\/deprofilo\/\"]}]},{\"@type\":\"ImageObject\",\"inLanguage\":\"rm\",\"@id\":\"https:\/\/www.lmv.gr.ch\/produkt\/deprofilo\/#primaryimage\",\"url\":\"https:\/\/www.lmv.gr.ch\/wp-content\/uploads\/asolmerce\/image-12100397.png\",\"contentUrl\":\"https:\/\/www.lmv.gr.ch\/wp-content\/uploads\/asolmerce\/image-12100397.png\",\"width\":2245,\"height\":2746},{\"@type\":\"BreadcrumbList\",\"@id\":\"https:\/\/www.lmv.gr.ch\/produkt\/deprofilo\/#breadcrumb\",\"itemListElement\":[{\"@type\":\"ListItem\",\"position\":1,\"name\":\"Home\",\"item\":\"https:\/\/www.lmv.gr.ch\/\"},{\"@type\":\"ListItem\",\"position\":2,\"name\":\"Shop\",\"item\":\"https:\/\/www.lmv.gr.ch\/it\/shop\/\"},{\"@type\":\"ListItem\",\"position\":3,\"name\":\"profilo\"}]},{\"@type\":\"WebSite\",\"@id\":\"https:\/\/www.lmv.gr.ch\/#website\",\"url\":\"https:\/\/www.lmv.gr.ch\/\",\"name\":\"Lehrmittel Graub\u00fcnden\",\"description\":\"Lehrmittel des Kantons Graub\u00fcnden\",\"potentialAction\":[{\"@type\":\"SearchAction\",\"target\":{\"@type\":\"EntryPoint\",\"urlTemplate\":\"https:\/\/www.lmv.gr.ch\/?s={search_term_string}\"},\"query-input\":{\"@type\":\"PropertyValueSpecification\",\"valueRequired\":true,\"valueName\":\"search_term_string\"}}],\"inLanguage\":\"rm\"}]}<\/script>\n<!-- \/ Yoast SEO plugin. -->","yoast_head_json":{"title":"profilo - Lehrmittel Graub\u00fcnden","robots":{"index":"index","follow":"follow","max-snippet":"max-snippet:-1","max-image-preview":"max-image-preview:large","max-video-preview":"max-video-preview:-1"},"canonical":"https:\/\/www.lmv.gr.ch\/en\/produkt\/deprofilo\/","og_locale":"en_US","og_type":"article","og_title":"profilo - Lehrmittel Graub\u00fcnden","og_description":"\u00abprofilo\u00bb serva a rimnar, ad ordinar ed a structurar ils documents ed a planisar ils singuls pass da la tscherna da professiun. Perquai ch'i vegn lavur\u00e0 durant il process cun documents da differentas funtaunas e da different geners, procura l'ordinatur per survista. Logos illustrativs dattan structura e porschan agid d'orientaziun.En la part davos da l'ordinatur pon vegnir rimnads la brev da motivaziun, il curs da vita ed ulteriurs documents impurtants.Uschia han las pli impurtantas accumpagnadras ed ils pli impurtants accumpagnaders da la tscherna da professiun, sco geniturs, persunas d'instrucziun e da cussegliaziun, la pussaivladad da prender invista \u2013 cuminaivlamain cun ils giuvenils \u2013 dals pass fatgs, vegnints e planisads.Remartga: Il register cuntegn\u00ec en l'ordinatur \u00e8 vegn\u00ec actualis\u00e0 ed adatt\u00e0 e po vegnir chargi\u00e0 giu sur il link qua sutvart.La Cussegliaziun da professiun metta a disposiziun fegls da lavur e fegls d'infurmaziun per l'orientaziun professiunala sin la pagina \u00abprofilo\u00bb per chargiar giu. Plinavant infurmescha ella las persunas d'instrucziun en ses newsletter, uschespert ch'in document \u00e8 vegn\u00ec actualis\u00e0.","og_url":"https:\/\/www.lmv.gr.ch\/produkt\/deprofilo\/","og_site_name":"Lehrmittel Graub\u00fcnden","article_modified_time":"2026-01-08T00:55:02+00:00","og_image":[{"width":2245,"height":2746,"url":"https:\/\/www.lmv.gr.ch\/wp-content\/uploads\/asolmerce\/image-12100397.png","type":"image\/png"}],"twitter_misc":{"Est. reading time":"2 minutes"},"schema":{"@context":"https:\/\/schema.org","@graph":[{"@type":"WebPage","@id":"https:\/\/www.lmv.gr.ch\/produkt\/deprofilo\/","url":"https:\/\/www.lmv.gr.ch\/produkt\/deprofilo\/","name":"profilo - Lehrmittel Graub\u00fcnden","isPartOf":{"@id":"https:\/\/www.lmv.gr.ch\/#website"},"primaryImageOfPage":{"@id":"https:\/\/www.lmv.gr.ch\/produkt\/deprofilo\/#primaryimage"},"image":{"@id":"https:\/\/www.lmv.gr.ch\/produkt\/deprofilo\/#primaryimage"},"thumbnailUrl":"https:\/\/www.lmv.gr.ch\/wp-content\/uploads\/asolmerce\/image-12100397.png","datePublished":"2026-01-07T23:54:02+00:00","dateModified":"2026-01-08T00:55:02+00:00","breadcrumb":{"@id":"https:\/\/www.lmv.gr.ch\/produkt\/deprofilo\/#breadcrumb"},"inLanguage":"rm","potentialAction":[{"@type":"ReadAction","target":["https:\/\/www.lmv.gr.ch\/produkt\/deprofilo\/"]}]},{"@type":"ImageObject","inLanguage":"rm","@id":"https:\/\/www.lmv.gr.ch\/produkt\/deprofilo\/#primaryimage","url":"https:\/\/www.lmv.gr.ch\/wp-content\/uploads\/asolmerce\/image-12100397.png","contentUrl":"https:\/\/www.lmv.gr.ch\/wp-content\/uploads\/asolmerce\/image-12100397.png","width":2245,"height":2746},{"@type":"BreadcrumbList","@id":"https:\/\/www.lmv.gr.ch\/produkt\/deprofilo\/#breadcrumb","itemListElement":[{"@type":"ListItem","position":1,"name":"Home","item":"https:\/\/www.lmv.gr.ch\/"},{"@type":"ListItem","position":2,"name":"Shop","item":"https:\/\/www.lmv.gr.ch\/it\/shop\/"},{"@type":"ListItem","position":3,"name":"profilo"}]},{"@type":"WebSite","@id":"https:\/\/www.lmv.gr.ch\/#website","url":"https:\/\/www.lmv.gr.ch\/","name":"Lehrmittel Graub\u00fcnden","description":"Lehrmittel des Kantons Graub\u00fcnden","potentialAction":[{"@type":"SearchAction","target":{"@type":"EntryPoint","urlTemplate":"https:\/\/www.lmv.gr.ch\/?s={search_term_string}"},"query-input":{"@type":"PropertyValueSpecification","valueRequired":true,"valueName":"search_term_string"}}],"inLanguage":"rm"}]}},"_links":{"self":[{"href":"https:\/\/www.lmv.gr.ch\/en\/wp-json\/wp\/v2\/product\/72945","targetHints":{"allow":["GET"]}}],"collection":[{"href":"https:\/\/www.lmv.gr.ch\/en\/wp-json\/wp\/v2\/product"}],"about":[{"href":"https:\/\/www.lmv.gr.ch\/en\/wp-json\/wp\/v2\/types\/product"}],"replies":[{"embeddable":true,"href":"https:\/\/www.lmv.gr.ch\/en\/wp-json\/wp\/v2\/comments?post=72945"}],"wp:featuredmedia":[{"embeddable":true,"href":"https:\/\/www.lmv.gr.ch\/en\/wp-json\/wp\/v2\/media\/65938"}],"wp:attachment":[{"href":"https:\/\/www.lmv.gr.ch\/en\/wp-json\/wp\/v2\/media?parent=72945"}],"wp:term":[{"taxonomy":"product_cat","embeddable":true,"href":"https:\/\/www.lmv.gr.ch\/en\/wp-json\/wp\/v2\/product_cat?post=72945"},{"taxonomy":"product_tag","embeddable":true,"href":"https:\/\/www.lmv.gr.ch\/en\/wp-json\/wp\/v2\/product_tag?post=72945"}],"curies":[{"name":"wp","href":"https:\/\/api.w.org\/{rel}","templated":true}]}}