{"id":72102,"date":"2026-01-07T23:53:25","date_gmt":"2026-01-07T23:53:25","guid":{"rendered":"https:\/\/www.lmv.gr.ch\/gesamtverzeichnis\/una-finestra-sul-grigioni-italiano-2\/"},"modified":"2026-01-08T02:54:25","modified_gmt":"2026-01-08T00:54:25","slug":"deuna-finestra-sul-grigioni-italiano","status":"publish","type":"product","link":"https:\/\/www.lmv.gr.ch\/en\/produkt\/deuna-finestra-sul-grigioni-italiano\/","title":{"rendered":"Una finestra sul Grigioni italiano"},"content":{"rendered":"<p class=\"qtranxs-available-languages-message qtranxs-available-languages-message-en\">Leider ist der Eintrag nur auf <a href=\"https:\/\/www.lmv.gr.ch\/de\/wp-json\/wp\/v2\/product\/72102\" class=\"qtranxs-available-language-link qtranxs-available-language-link-de\" title=\"Deutsch\">Deutsch<\/a> verf\u00fcgbar<\/p><p>Gebundene und grafisch komplett neu aufgemachte Neuauflage der vergriffenen Brosch\u00fcre mit Informationen zum Leben und Wirken in den B\u00fcndner S\u00fcdt\u00e4lern. F\u00fcr die Lehrperson als Informationsmittel und Ideenquelle. In leicht verst\u00e4ndlichem Italienisch geschrieben.<\/p>\n<p>Inhalt:<br \/>\n&#8211; Le quattro valli del Grigioni italiano<br \/>\n&#8211; Una minoranza<br \/>\n&#8211; La storia<br \/>\n&#8211; La scuola<br \/>\n&#8211; Una natura non sempre amica<br \/>\n&#8211; Strade e comunicazione<br \/>\n&#8211; Cattolici e protestanti<br \/>\n&#8211; Emigrazione<br \/>\n&#8211; La Valposchiavo<br \/>\n&#8211; La Bregaglia<br \/>\n&#8211; La Mesolcina<br \/>\n&#8211; I Magistri mesolcinesi<br \/>\n&#8211; I Magistri mesolcinesi<br \/>\n&#8211; La Calanca<br \/>\n&#8211; Bivio<br \/>\n&#8211; Coira (citt\u00e0 del trilinguismo vissuto)<br \/>\n&#8211; L&#8217;italiano, terza lingua federale e cantonale<\/p>\n<div class=\"synved-social-container synved-social-container-follow\" style=\"text-align: right\"><a class=\"synved-social-button synved-social-button-follow synved-social-size-24 synved-social-resolution-normal synved-social-provider-facebook nolightbox\" data-provider=\"facebook\" target=\"_blank\" rel=\"nofollow\" title=\"Follow us on Facebook\" href=\"https:\/\/www.facebook.com\/facebook\" style=\"font-size: 0px;width:24px;height:24px;margin:0;margin-bottom:5px;margin-right:5px\"><img loading=\"lazy\" decoding=\"async\" alt=\"Facebook\" title=\"Follow us on Facebook\" class=\"synved-share-image synved-social-image synved-social-image-follow\" width=\"24\" height=\"24\" style=\"display: inline;width:24px;height:24px;margin: 0;padding: 0;border: none;box-shadow: none\" src=\"https:\/\/www.lmv.gr.ch\/wp-content\/plugins\/social-media-feather\/synved-social\/image\/social\/regular\/24x24\/facebook.png\" \/><\/a><a class=\"synved-social-button synved-social-button-follow synved-social-size-24 synved-social-resolution-normal synved-social-provider-twitter nolightbox\" data-provider=\"twitter\" target=\"_blank\" rel=\"nofollow\" title=\"Follow us on Twitter\" href=\"https:\/\/twitter.com\/twitter\" style=\"font-size: 0px;width:24px;height:24px;margin:0;margin-bottom:5px;margin-right:5px\"><img loading=\"lazy\" decoding=\"async\" alt=\"twitter\" title=\"Follow us on Twitter\" class=\"synved-share-image synved-social-image synved-social-image-follow\" width=\"24\" height=\"24\" style=\"display: inline;width:24px;height:24px;margin: 0;padding: 0;border: none;box-shadow: none\" src=\"https:\/\/www.lmv.gr.ch\/wp-content\/plugins\/social-media-feather\/synved-social\/image\/social\/regular\/24x24\/twitter.png\" \/><\/a><a class=\"synved-social-button synved-social-button-follow synved-social-size-24 synved-social-resolution-normal synved-social-provider-linkedin nolightbox\" data-provider=\"linkedin\" target=\"_blank\" rel=\"nofollow\" title=\"Find us on Linkedin\" href=\"https:\/\/www.linkedin.com\/in\/yourid\" style=\"font-size: 0px;width:24px;height:24px;margin:0;margin-bottom:5px;margin-right:5px\"><img loading=\"lazy\" decoding=\"async\" alt=\"linkedin\" title=\"Find us on Linkedin\" class=\"synved-share-image synved-social-image synved-social-image-follow\" width=\"24\" height=\"24\" style=\"display: inline;width:24px;height:24px;margin: 0;padding: 0;border: none;box-shadow: none\" src=\"https:\/\/www.lmv.gr.ch\/wp-content\/plugins\/social-media-feather\/synved-social\/image\/social\/regular\/24x24\/linkedin.png\" \/><\/a><a class=\"synved-social-button synved-social-button-follow synved-social-size-24 synved-social-resolution-normal synved-social-provider-rss nolightbox\" data-provider=\"rss\" target=\"_blank\" rel=\"nofollow\" title=\"Subscribe to our RSS Feed\" href=\"https:\/\/feeds.feedburner.com\/MyFeedName\" style=\"font-size: 0px;width:24px;height:24px;margin:0;margin-bottom:5px;margin-right:5px\"><img loading=\"lazy\" decoding=\"async\" alt=\"rss\" title=\"Subscribe to our RSS Feed\" class=\"synved-share-image synved-social-image synved-social-image-follow\" width=\"24\" height=\"24\" style=\"display: inline;width:24px;height:24px;margin: 0;padding: 0;border: none;box-shadow: none\" src=\"https:\/\/www.lmv.gr.ch\/wp-content\/plugins\/social-media-feather\/synved-social\/image\/social\/regular\/24x24\/rss.png\" \/><\/a><a class=\"synved-social-button synved-social-button-follow synved-social-size-24 synved-social-resolution-normal synved-social-provider-youtube nolightbox\" data-provider=\"youtube\" target=\"_blank\" rel=\"nofollow\" title=\"Find us on YouTube\" href=\"https:\/\/www.youtube.com\/MyYouTubeName\" style=\"font-size: 0px;width:24px;height:24px;margin:0;margin-bottom:5px\"><img loading=\"lazy\" decoding=\"async\" alt=\"youtube\" title=\"Find us on YouTube\" class=\"synved-share-image synved-social-image synved-social-image-follow\" width=\"24\" height=\"24\" style=\"display: inline;width:24px;height:24px;margin: 0;padding: 0;border: none;box-shadow: none\" src=\"https:\/\/www.lmv.gr.ch\/wp-content\/plugins\/social-media-feather\/synved-social\/image\/social\/regular\/24x24\/youtube.png\" \/><\/a><a class=\"synved-social-button synved-social-button-follow synved-social-size-24 synved-social-resolution-hidef synved-social-provider-facebook nolightbox\" data-provider=\"facebook\" target=\"_blank\" rel=\"nofollow\" title=\"Follow us on Facebook\" href=\"https:\/\/www.facebook.com\/facebook\" style=\"font-size: 0px;width:24px;height:24px;margin:0;margin-bottom:5px;margin-right:5px\"><img loading=\"lazy\" decoding=\"async\" alt=\"Facebook\" title=\"Follow us on Facebook\" class=\"synved-share-image synved-social-image synved-social-image-follow\" width=\"24\" height=\"24\" style=\"display: inline;width:24px;height:24px;margin: 0;padding: 0;border: none;box-shadow: none\" src=\"https:\/\/www.lmv.gr.ch\/wp-content\/plugins\/social-media-feather\/synved-social\/image\/social\/regular\/48x48\/facebook.png\" \/><\/a><a class=\"synved-social-button synved-social-button-follow synved-social-size-24 synved-social-resolution-hidef synved-social-provider-twitter nolightbox\" data-provider=\"twitter\" target=\"_blank\" rel=\"nofollow\" title=\"Follow us on Twitter\" href=\"https:\/\/twitter.com\/twitter\" style=\"font-size: 0px;width:24px;height:24px;margin:0;margin-bottom:5px;margin-right:5px\"><img loading=\"lazy\" decoding=\"async\" alt=\"twitter\" title=\"Follow us on Twitter\" class=\"synved-share-image synved-social-image synved-social-image-follow\" width=\"24\" height=\"24\" style=\"display: inline;width:24px;height:24px;margin: 0;padding: 0;border: none;box-shadow: none\" src=\"https:\/\/www.lmv.gr.ch\/wp-content\/plugins\/social-media-feather\/synved-social\/image\/social\/regular\/48x48\/twitter.png\" \/><\/a><a class=\"synved-social-button synved-social-button-follow synved-social-size-24 synved-social-resolution-hidef synved-social-provider-linkedin nolightbox\" data-provider=\"linkedin\" target=\"_blank\" rel=\"nofollow\" title=\"Find us on Linkedin\" href=\"https:\/\/www.linkedin.com\/in\/yourid\" style=\"font-size: 0px;width:24px;height:24px;margin:0;margin-bottom:5px;margin-right:5px\"><img loading=\"lazy\" decoding=\"async\" alt=\"linkedin\" title=\"Find us on Linkedin\" class=\"synved-share-image synved-social-image synved-social-image-follow\" width=\"24\" height=\"24\" style=\"display: inline;width:24px;height:24px;margin: 0;padding: 0;border: none;box-shadow: none\" src=\"https:\/\/www.lmv.gr.ch\/wp-content\/plugins\/social-media-feather\/synved-social\/image\/social\/regular\/48x48\/linkedin.png\" \/><\/a><a class=\"synved-social-button synved-social-button-follow synved-social-size-24 synved-social-resolution-hidef synved-social-provider-rss nolightbox\" data-provider=\"rss\" target=\"_blank\" rel=\"nofollow\" title=\"Subscribe to our RSS Feed\" href=\"https:\/\/feeds.feedburner.com\/MyFeedName\" style=\"font-size: 0px;width:24px;height:24px;margin:0;margin-bottom:5px;margin-right:5px\"><img loading=\"lazy\" decoding=\"async\" alt=\"rss\" title=\"Subscribe to our RSS Feed\" class=\"synved-share-image synved-social-image synved-social-image-follow\" width=\"24\" height=\"24\" style=\"display: inline;width:24px;height:24px;margin: 0;padding: 0;border: none;box-shadow: none\" src=\"https:\/\/www.lmv.gr.ch\/wp-content\/plugins\/social-media-feather\/synved-social\/image\/social\/regular\/48x48\/rss.png\" \/><\/a><a class=\"synved-social-button synved-social-button-follow synved-social-size-24 synved-social-resolution-hidef synved-social-provider-youtube nolightbox\" data-provider=\"youtube\" target=\"_blank\" rel=\"nofollow\" title=\"Find us on YouTube\" href=\"https:\/\/www.youtube.com\/MyYouTubeName\" style=\"font-size: 0px;width:24px;height:24px;margin:0;margin-bottom:5px\"><img loading=\"lazy\" decoding=\"async\" alt=\"youtube\" title=\"Find us on YouTube\" class=\"synved-share-image synved-social-image synved-social-image-follow\" width=\"24\" height=\"24\" style=\"display: inline;width:24px;height:24px;margin: 0;padding: 0;border: none;box-shadow: none\" src=\"https:\/\/www.lmv.gr.ch\/wp-content\/plugins\/social-media-feather\/synved-social\/image\/social\/regular\/48x48\/youtube.png\" \/><\/a><\/div>","protected":false},"excerpt":{"rendered":"<p class=\"qtranxs-available-languages-message qtranxs-available-languages-message-en\">Leider ist der Eintrag nur auf <a href=\"https:\/\/www.lmv.gr.ch\/de\/wp-json\/wp\/v2\/product\/72102\" class=\"qtranxs-available-language-link qtranxs-available-language-link-de\" title=\"Deutsch\">Deutsch<\/a> verf\u00fcgbar<\/p>\n<p>Gebundene und grafisch komplett neu aufgemachte Neuauflage der vergriffenen Brosch\u00fcre mit Informationen zum Leben und Wirken in den B\u00fcndner S\u00fcdt\u00e4lern. F\u00fcr die Lehrperson als Informationsmittel und Ideenquelle. In leicht verst\u00e4ndlichem Italienisch geschrieben.<\/p>\n<p>Inhalt:<br \/>\n&#8211; Le quattro valli del Grigioni italiano<br \/>\n&#8211; Una minoranza<br \/>\n&#8211; La storia<br \/>\n&#8211; La scuola<br \/>\n&#8211; Una natura non sempre amica<br \/>\n&#8211; Strade e comunicazione<br \/>\n&#8211; Cattolici e protestanti<br \/>\n&#8211; Emigrazione<br \/>\n&#8211; La Valposchiavo<br \/>\n&#8211; La Bregaglia<br \/>\n&#8211; La Mesolcina<br \/>\n&#8211; I Magistri mesolcinesi<br \/>\n&#8211; I Magistri mesolcinesi<br \/>\n&#8211; La Calanca<br \/>\n&#8211; Bivio<br \/>\n&#8211; Coira (citt\u00e0 del trilinguismo vissuto)<br \/>\n&#8211; L&#8217;italiano, terza lingua federale e cantonale<\/p>\n","protected":false},"featured_media":62478,"comment_status":"closed","ping_status":"closed","template":"","meta":[],"product_cat":[4246],"product_tag":[],"class_list":["post-72102","product","type-product","status-publish","has-post-thumbnail","hentry","product_cat-italienisch-als-fremdsprache-sprache-lesebuecher","edition-eigenverlag"],"acf":[],"yoast_head":"<!-- This site is optimized with the Yoast SEO plugin v24.6 - https:\/\/yoast.com\/wordpress\/plugins\/seo\/ -->\n<title>Una finestra sul Grigioni italiano - Lehrmittel Graub\u00fcnden<\/title>\n<meta name=\"robots\" content=\"index, follow, max-snippet:-1, max-image-preview:large, max-video-preview:-1\" \/>\n<link rel=\"canonical\" href=\"https:\/\/www.lmv.gr.ch\/en\/produkt\/deuna-finestra-sul-grigioni-italiano\/\" \/>\n<meta property=\"og:locale\" content=\"en_US\" \/>\n<meta property=\"og:type\" content=\"article\" \/>\n<meta property=\"og:title\" content=\"Una finestra sul Grigioni italiano - Lehrmittel Graub\u00fcnden\" \/>\n<meta property=\"og:description\" content=\"Gebundene und grafisch komplett neu aufgemachte Neuauflage der vergriffenen Brosch\u00fcre mit Informationen zum Leben und Wirken in den B\u00fcndner S\u00fcdt\u00e4lern. F\u00fcr die Lehrperson als Informationsmittel und Ideenquelle. In leicht verst\u00e4ndlichem Italienisch geschrieben.  Inhalt: - Le quattro valli del Grigioni italiano - Una minoranza - La storia - La scuola - Una natura non sempre amica - Strade e comunicazione - Cattolici e protestanti - Emigrazione - La Valposchiavo - La Bregaglia - La Mesolcina - I Magistri mesolcinesi - I Magistri mesolcinesi - La Calanca - Bivio - Coira (citt\u00e0 del trilinguismo vissuto) - L&#039;italiano, terza lingua federale e cantonale\" \/>\n<meta property=\"og:url\" content=\"https:\/\/www.lmv.gr.ch\/produkt\/deuna-finestra-sul-grigioni-italiano\/\" \/>\n<meta property=\"og:site_name\" content=\"Lehrmittel Graub\u00fcnden\" \/>\n<meta property=\"article:modified_time\" content=\"2026-01-08T00:54:25+00:00\" \/>\n<meta property=\"og:image\" content=\"https:\/\/www.lmv.gr.ch\/wp-content\/uploads\/asolmerce\/image-11.4158_g.jpg\" \/>\n\t<meta property=\"og:image:width\" content=\"250\" \/>\n\t<meta property=\"og:image:height\" content=\"415\" \/>\n\t<meta property=\"og:image:type\" content=\"image\/jpeg\" \/>\n<meta name=\"twitter:label1\" content=\"Est. reading time\" \/>\n\t<meta name=\"twitter:data1\" content=\"1 minute\" \/>\n<script type=\"application\/ld+json\" class=\"yoast-schema-graph\">{\"@context\":\"https:\/\/schema.org\",\"@graph\":[{\"@type\":\"WebPage\",\"@id\":\"https:\/\/www.lmv.gr.ch\/produkt\/deuna-finestra-sul-grigioni-italiano\/\",\"url\":\"https:\/\/www.lmv.gr.ch\/produkt\/deuna-finestra-sul-grigioni-italiano\/\",\"name\":\"Una finestra sul Grigioni italiano - Lehrmittel Graub\u00fcnden\",\"isPartOf\":{\"@id\":\"https:\/\/www.lmv.gr.ch\/#website\"},\"primaryImageOfPage\":{\"@id\":\"https:\/\/www.lmv.gr.ch\/produkt\/deuna-finestra-sul-grigioni-italiano\/#primaryimage\"},\"image\":{\"@id\":\"https:\/\/www.lmv.gr.ch\/produkt\/deuna-finestra-sul-grigioni-italiano\/#primaryimage\"},\"thumbnailUrl\":\"https:\/\/www.lmv.gr.ch\/wp-content\/uploads\/asolmerce\/image-11.4158_g.jpg\",\"datePublished\":\"2026-01-07T23:53:25+00:00\",\"dateModified\":\"2026-01-08T00:54:25+00:00\",\"breadcrumb\":{\"@id\":\"https:\/\/www.lmv.gr.ch\/produkt\/deuna-finestra-sul-grigioni-italiano\/#breadcrumb\"},\"inLanguage\":\"rm\",\"potentialAction\":[{\"@type\":\"ReadAction\",\"target\":[\"https:\/\/www.lmv.gr.ch\/produkt\/deuna-finestra-sul-grigioni-italiano\/\"]}]},{\"@type\":\"ImageObject\",\"inLanguage\":\"rm\",\"@id\":\"https:\/\/www.lmv.gr.ch\/produkt\/deuna-finestra-sul-grigioni-italiano\/#primaryimage\",\"url\":\"https:\/\/www.lmv.gr.ch\/wp-content\/uploads\/asolmerce\/image-11.4158_g.jpg\",\"contentUrl\":\"https:\/\/www.lmv.gr.ch\/wp-content\/uploads\/asolmerce\/image-11.4158_g.jpg\",\"width\":250,\"height\":415},{\"@type\":\"BreadcrumbList\",\"@id\":\"https:\/\/www.lmv.gr.ch\/produkt\/deuna-finestra-sul-grigioni-italiano\/#breadcrumb\",\"itemListElement\":[{\"@type\":\"ListItem\",\"position\":1,\"name\":\"Home\",\"item\":\"https:\/\/www.lmv.gr.ch\/\"},{\"@type\":\"ListItem\",\"position\":2,\"name\":\"Shop\",\"item\":\"https:\/\/www.lmv.gr.ch\/it\/shop\/\"},{\"@type\":\"ListItem\",\"position\":3,\"name\":\"Una finestra sul Grigioni italiano\"}]},{\"@type\":\"WebSite\",\"@id\":\"https:\/\/www.lmv.gr.ch\/#website\",\"url\":\"https:\/\/www.lmv.gr.ch\/\",\"name\":\"Lehrmittel Graub\u00fcnden\",\"description\":\"Lehrmittel des Kantons Graub\u00fcnden\",\"potentialAction\":[{\"@type\":\"SearchAction\",\"target\":{\"@type\":\"EntryPoint\",\"urlTemplate\":\"https:\/\/www.lmv.gr.ch\/?s={search_term_string}\"},\"query-input\":{\"@type\":\"PropertyValueSpecification\",\"valueRequired\":true,\"valueName\":\"search_term_string\"}}],\"inLanguage\":\"rm\"}]}<\/script>\n<!-- \/ Yoast SEO plugin. -->","yoast_head_json":{"title":"Una finestra sul Grigioni italiano - Lehrmittel Graub\u00fcnden","robots":{"index":"index","follow":"follow","max-snippet":"max-snippet:-1","max-image-preview":"max-image-preview:large","max-video-preview":"max-video-preview:-1"},"canonical":"https:\/\/www.lmv.gr.ch\/en\/produkt\/deuna-finestra-sul-grigioni-italiano\/","og_locale":"en_US","og_type":"article","og_title":"Una finestra sul Grigioni italiano - Lehrmittel Graub\u00fcnden","og_description":"Gebundene und grafisch komplett neu aufgemachte Neuauflage der vergriffenen Brosch\u00fcre mit Informationen zum Leben und Wirken in den B\u00fcndner S\u00fcdt\u00e4lern. F\u00fcr die Lehrperson als Informationsmittel und Ideenquelle. In leicht verst\u00e4ndlichem Italienisch geschrieben.  Inhalt: - Le quattro valli del Grigioni italiano - Una minoranza - La storia - La scuola - Una natura non sempre amica - Strade e comunicazione - Cattolici e protestanti - Emigrazione - La Valposchiavo - La Bregaglia - La Mesolcina - I Magistri mesolcinesi - I Magistri mesolcinesi - La Calanca - Bivio - Coira (citt\u00e0 del trilinguismo vissuto) - L'italiano, terza lingua federale e cantonale","og_url":"https:\/\/www.lmv.gr.ch\/produkt\/deuna-finestra-sul-grigioni-italiano\/","og_site_name":"Lehrmittel Graub\u00fcnden","article_modified_time":"2026-01-08T00:54:25+00:00","og_image":[{"width":250,"height":415,"url":"https:\/\/www.lmv.gr.ch\/wp-content\/uploads\/asolmerce\/image-11.4158_g.jpg","type":"image\/jpeg"}],"twitter_misc":{"Est. reading time":"1 minute"},"schema":{"@context":"https:\/\/schema.org","@graph":[{"@type":"WebPage","@id":"https:\/\/www.lmv.gr.ch\/produkt\/deuna-finestra-sul-grigioni-italiano\/","url":"https:\/\/www.lmv.gr.ch\/produkt\/deuna-finestra-sul-grigioni-italiano\/","name":"Una finestra sul Grigioni italiano - Lehrmittel Graub\u00fcnden","isPartOf":{"@id":"https:\/\/www.lmv.gr.ch\/#website"},"primaryImageOfPage":{"@id":"https:\/\/www.lmv.gr.ch\/produkt\/deuna-finestra-sul-grigioni-italiano\/#primaryimage"},"image":{"@id":"https:\/\/www.lmv.gr.ch\/produkt\/deuna-finestra-sul-grigioni-italiano\/#primaryimage"},"thumbnailUrl":"https:\/\/www.lmv.gr.ch\/wp-content\/uploads\/asolmerce\/image-11.4158_g.jpg","datePublished":"2026-01-07T23:53:25+00:00","dateModified":"2026-01-08T00:54:25+00:00","breadcrumb":{"@id":"https:\/\/www.lmv.gr.ch\/produkt\/deuna-finestra-sul-grigioni-italiano\/#breadcrumb"},"inLanguage":"rm","potentialAction":[{"@type":"ReadAction","target":["https:\/\/www.lmv.gr.ch\/produkt\/deuna-finestra-sul-grigioni-italiano\/"]}]},{"@type":"ImageObject","inLanguage":"rm","@id":"https:\/\/www.lmv.gr.ch\/produkt\/deuna-finestra-sul-grigioni-italiano\/#primaryimage","url":"https:\/\/www.lmv.gr.ch\/wp-content\/uploads\/asolmerce\/image-11.4158_g.jpg","contentUrl":"https:\/\/www.lmv.gr.ch\/wp-content\/uploads\/asolmerce\/image-11.4158_g.jpg","width":250,"height":415},{"@type":"BreadcrumbList","@id":"https:\/\/www.lmv.gr.ch\/produkt\/deuna-finestra-sul-grigioni-italiano\/#breadcrumb","itemListElement":[{"@type":"ListItem","position":1,"name":"Home","item":"https:\/\/www.lmv.gr.ch\/"},{"@type":"ListItem","position":2,"name":"Shop","item":"https:\/\/www.lmv.gr.ch\/it\/shop\/"},{"@type":"ListItem","position":3,"name":"Una finestra sul Grigioni italiano"}]},{"@type":"WebSite","@id":"https:\/\/www.lmv.gr.ch\/#website","url":"https:\/\/www.lmv.gr.ch\/","name":"Lehrmittel Graub\u00fcnden","description":"Lehrmittel des Kantons Graub\u00fcnden","potentialAction":[{"@type":"SearchAction","target":{"@type":"EntryPoint","urlTemplate":"https:\/\/www.lmv.gr.ch\/?s={search_term_string}"},"query-input":{"@type":"PropertyValueSpecification","valueRequired":true,"valueName":"search_term_string"}}],"inLanguage":"rm"}]}},"_links":{"self":[{"href":"https:\/\/www.lmv.gr.ch\/en\/wp-json\/wp\/v2\/product\/72102","targetHints":{"allow":["GET"]}}],"collection":[{"href":"https:\/\/www.lmv.gr.ch\/en\/wp-json\/wp\/v2\/product"}],"about":[{"href":"https:\/\/www.lmv.gr.ch\/en\/wp-json\/wp\/v2\/types\/product"}],"replies":[{"embeddable":true,"href":"https:\/\/www.lmv.gr.ch\/en\/wp-json\/wp\/v2\/comments?post=72102"}],"wp:featuredmedia":[{"embeddable":true,"href":"https:\/\/www.lmv.gr.ch\/en\/wp-json\/wp\/v2\/media\/62478"}],"wp:attachment":[{"href":"https:\/\/www.lmv.gr.ch\/en\/wp-json\/wp\/v2\/media?parent=72102"}],"wp:term":[{"taxonomy":"product_cat","embeddable":true,"href":"https:\/\/www.lmv.gr.ch\/en\/wp-json\/wp\/v2\/product_cat?post=72102"},{"taxonomy":"product_tag","embeddable":true,"href":"https:\/\/www.lmv.gr.ch\/en\/wp-json\/wp\/v2\/product_tag?post=72102"}],"curies":[{"name":"wp","href":"https:\/\/api.w.org\/{rel}","templated":true}]}}