{"id":71931,"date":"2026-01-07T23:53:10","date_gmt":"2026-01-07T23:53:10","guid":{"rendered":"https:\/\/www.lmv.gr.ch\/gesamtverzeichnis\/natec-italiano-manuale-in-forma-cartacea-e-su-piattaforma-online-56-5\/"},"modified":"2026-01-08T02:54:10","modified_gmt":"2026-01-08T00:54:10","slug":"denatec-italiano-56-manuale-su-piattaforma-online-ebook","status":"publish","type":"product","link":"https:\/\/www.lmv.gr.ch\/en\/produkt\/denatec-italiano-56-manuale-su-piattaforma-online-ebook\/","title":{"rendered":"NaTec italiano 5\/6, manuale su piattaforma online"},"content":{"rendered":"<p class=\"qtranxs-available-languages-message qtranxs-available-languages-message-en\">Leider ist der Eintrag nur auf <a href=\"https:\/\/www.lmv.gr.ch\/de\/wp-json\/wp\/v2\/product\/71931\" class=\"qtranxs-available-language-link qtranxs-available-language-link-de\" title=\"Deutsch\">Deutsch<\/a> verf\u00fcgbar<\/p><p><\/p>\n<p><\/p>\n<div><b>Nutzungslizenz f\u00fcr 1 Jahr, inkl. Klassenmaterialien<\/b><\/div>\n<p><b>Nach dem Kauf loggen Sie sich bitte auf Ihrem Nutzerkonto beim Schulverlag plus ein und aktivieren dort die f\u00fcr Ihre Schuleinheit bereitgestellte Lizenz.<\/b><\/p>\n<div><\/div>\n<div>Die 12 Faltbogen, A3, farbig illustriert stehen neu auf der Webseite zum Download zur Verf\u00fcgung.<\/div>\n<div><\/div>\n<div><\/div>\n<div>Der Kommentar Online ist der \u00abRote Faden\u00bb des Lehrmittels. Er enth\u00e4lt neben Hinweisen und Anregungen zur Unterrichtsplanung und -durchf\u00fchrung u.a. auch Arbeitsbl\u00e4tter und Beurteilungshilfen. Die 12 A3-Faltb\u00f6gen dienen als \u00abOrientierungshilfe\u00bb und \u00abPlanungsinstrument\u00bb. Sie beschr\u00e4nken sich auf die wichtigsten Informationen und Tipps f\u00fcr die Unterrichtsgestaltung.&nbsp;<\/div>\n<p><\/p>\n<div class=\"synved-social-container synved-social-container-follow\" style=\"text-align: right\"><a class=\"synved-social-button synved-social-button-follow synved-social-size-24 synved-social-resolution-normal synved-social-provider-facebook nolightbox\" data-provider=\"facebook\" target=\"_blank\" rel=\"nofollow\" title=\"Follow us on Facebook\" href=\"https:\/\/www.facebook.com\/facebook\" style=\"font-size: 0px;width:24px;height:24px;margin:0;margin-bottom:5px;margin-right:5px\"><img loading=\"lazy\" decoding=\"async\" alt=\"Facebook\" title=\"Follow us on Facebook\" class=\"synved-share-image synved-social-image synved-social-image-follow\" width=\"24\" height=\"24\" style=\"display: inline;width:24px;height:24px;margin: 0;padding: 0;border: none;box-shadow: none\" src=\"https:\/\/www.lmv.gr.ch\/wp-content\/plugins\/social-media-feather\/synved-social\/image\/social\/regular\/24x24\/facebook.png\" \/><\/a><a class=\"synved-social-button synved-social-button-follow synved-social-size-24 synved-social-resolution-normal synved-social-provider-twitter nolightbox\" data-provider=\"twitter\" target=\"_blank\" rel=\"nofollow\" title=\"Follow us on Twitter\" href=\"https:\/\/twitter.com\/twitter\" style=\"font-size: 0px;width:24px;height:24px;margin:0;margin-bottom:5px;margin-right:5px\"><img loading=\"lazy\" decoding=\"async\" alt=\"twitter\" title=\"Follow us on Twitter\" class=\"synved-share-image synved-social-image synved-social-image-follow\" width=\"24\" height=\"24\" style=\"display: inline;width:24px;height:24px;margin: 0;padding: 0;border: none;box-shadow: none\" src=\"https:\/\/www.lmv.gr.ch\/wp-content\/plugins\/social-media-feather\/synved-social\/image\/social\/regular\/24x24\/twitter.png\" \/><\/a><a class=\"synved-social-button synved-social-button-follow synved-social-size-24 synved-social-resolution-normal synved-social-provider-linkedin nolightbox\" data-provider=\"linkedin\" target=\"_blank\" rel=\"nofollow\" title=\"Find us on Linkedin\" href=\"https:\/\/www.linkedin.com\/in\/yourid\" style=\"font-size: 0px;width:24px;height:24px;margin:0;margin-bottom:5px;margin-right:5px\"><img loading=\"lazy\" decoding=\"async\" alt=\"linkedin\" title=\"Find us on Linkedin\" class=\"synved-share-image synved-social-image synved-social-image-follow\" width=\"24\" height=\"24\" style=\"display: inline;width:24px;height:24px;margin: 0;padding: 0;border: none;box-shadow: none\" src=\"https:\/\/www.lmv.gr.ch\/wp-content\/plugins\/social-media-feather\/synved-social\/image\/social\/regular\/24x24\/linkedin.png\" \/><\/a><a class=\"synved-social-button synved-social-button-follow synved-social-size-24 synved-social-resolution-normal synved-social-provider-rss nolightbox\" data-provider=\"rss\" target=\"_blank\" rel=\"nofollow\" title=\"Subscribe to our RSS Feed\" href=\"https:\/\/feeds.feedburner.com\/MyFeedName\" style=\"font-size: 0px;width:24px;height:24px;margin:0;margin-bottom:5px;margin-right:5px\"><img loading=\"lazy\" decoding=\"async\" alt=\"rss\" title=\"Subscribe to our RSS Feed\" class=\"synved-share-image synved-social-image synved-social-image-follow\" width=\"24\" height=\"24\" style=\"display: inline;width:24px;height:24px;margin: 0;padding: 0;border: none;box-shadow: none\" src=\"https:\/\/www.lmv.gr.ch\/wp-content\/plugins\/social-media-feather\/synved-social\/image\/social\/regular\/24x24\/rss.png\" \/><\/a><a class=\"synved-social-button synved-social-button-follow synved-social-size-24 synved-social-resolution-normal synved-social-provider-youtube nolightbox\" data-provider=\"youtube\" target=\"_blank\" rel=\"nofollow\" title=\"Find us on YouTube\" href=\"https:\/\/www.youtube.com\/MyYouTubeName\" style=\"font-size: 0px;width:24px;height:24px;margin:0;margin-bottom:5px\"><img loading=\"lazy\" decoding=\"async\" alt=\"youtube\" title=\"Find us on YouTube\" class=\"synved-share-image synved-social-image synved-social-image-follow\" width=\"24\" height=\"24\" style=\"display: inline;width:24px;height:24px;margin: 0;padding: 0;border: none;box-shadow: none\" src=\"https:\/\/www.lmv.gr.ch\/wp-content\/plugins\/social-media-feather\/synved-social\/image\/social\/regular\/24x24\/youtube.png\" \/><\/a><a class=\"synved-social-button synved-social-button-follow synved-social-size-24 synved-social-resolution-hidef synved-social-provider-facebook nolightbox\" data-provider=\"facebook\" target=\"_blank\" rel=\"nofollow\" title=\"Follow us on Facebook\" href=\"https:\/\/www.facebook.com\/facebook\" style=\"font-size: 0px;width:24px;height:24px;margin:0;margin-bottom:5px;margin-right:5px\"><img loading=\"lazy\" decoding=\"async\" alt=\"Facebook\" title=\"Follow us on Facebook\" class=\"synved-share-image synved-social-image synved-social-image-follow\" width=\"24\" height=\"24\" style=\"display: inline;width:24px;height:24px;margin: 0;padding: 0;border: none;box-shadow: none\" src=\"https:\/\/www.lmv.gr.ch\/wp-content\/plugins\/social-media-feather\/synved-social\/image\/social\/regular\/48x48\/facebook.png\" \/><\/a><a class=\"synved-social-button synved-social-button-follow synved-social-size-24 synved-social-resolution-hidef synved-social-provider-twitter nolightbox\" data-provider=\"twitter\" target=\"_blank\" rel=\"nofollow\" title=\"Follow us on Twitter\" href=\"https:\/\/twitter.com\/twitter\" style=\"font-size: 0px;width:24px;height:24px;margin:0;margin-bottom:5px;margin-right:5px\"><img loading=\"lazy\" decoding=\"async\" alt=\"twitter\" title=\"Follow us on Twitter\" class=\"synved-share-image synved-social-image synved-social-image-follow\" width=\"24\" height=\"24\" style=\"display: inline;width:24px;height:24px;margin: 0;padding: 0;border: none;box-shadow: none\" src=\"https:\/\/www.lmv.gr.ch\/wp-content\/plugins\/social-media-feather\/synved-social\/image\/social\/regular\/48x48\/twitter.png\" \/><\/a><a class=\"synved-social-button synved-social-button-follow synved-social-size-24 synved-social-resolution-hidef synved-social-provider-linkedin nolightbox\" data-provider=\"linkedin\" target=\"_blank\" rel=\"nofollow\" title=\"Find us on Linkedin\" href=\"https:\/\/www.linkedin.com\/in\/yourid\" style=\"font-size: 0px;width:24px;height:24px;margin:0;margin-bottom:5px;margin-right:5px\"><img loading=\"lazy\" decoding=\"async\" alt=\"linkedin\" title=\"Find us on Linkedin\" class=\"synved-share-image synved-social-image synved-social-image-follow\" width=\"24\" height=\"24\" style=\"display: inline;width:24px;height:24px;margin: 0;padding: 0;border: none;box-shadow: none\" src=\"https:\/\/www.lmv.gr.ch\/wp-content\/plugins\/social-media-feather\/synved-social\/image\/social\/regular\/48x48\/linkedin.png\" \/><\/a><a class=\"synved-social-button synved-social-button-follow synved-social-size-24 synved-social-resolution-hidef synved-social-provider-rss nolightbox\" data-provider=\"rss\" target=\"_blank\" rel=\"nofollow\" title=\"Subscribe to our RSS Feed\" href=\"https:\/\/feeds.feedburner.com\/MyFeedName\" style=\"font-size: 0px;width:24px;height:24px;margin:0;margin-bottom:5px;margin-right:5px\"><img loading=\"lazy\" decoding=\"async\" alt=\"rss\" title=\"Subscribe to our RSS Feed\" class=\"synved-share-image synved-social-image synved-social-image-follow\" width=\"24\" height=\"24\" style=\"display: inline;width:24px;height:24px;margin: 0;padding: 0;border: none;box-shadow: none\" src=\"https:\/\/www.lmv.gr.ch\/wp-content\/plugins\/social-media-feather\/synved-social\/image\/social\/regular\/48x48\/rss.png\" \/><\/a><a class=\"synved-social-button synved-social-button-follow synved-social-size-24 synved-social-resolution-hidef synved-social-provider-youtube nolightbox\" data-provider=\"youtube\" target=\"_blank\" rel=\"nofollow\" title=\"Find us on YouTube\" href=\"https:\/\/www.youtube.com\/MyYouTubeName\" style=\"font-size: 0px;width:24px;height:24px;margin:0;margin-bottom:5px\"><img loading=\"lazy\" decoding=\"async\" alt=\"youtube\" title=\"Find us on YouTube\" class=\"synved-share-image synved-social-image synved-social-image-follow\" width=\"24\" height=\"24\" style=\"display: inline;width:24px;height:24px;margin: 0;padding: 0;border: none;box-shadow: none\" src=\"https:\/\/www.lmv.gr.ch\/wp-content\/plugins\/social-media-feather\/synved-social\/image\/social\/regular\/48x48\/youtube.png\" \/><\/a><\/div>","protected":false},"excerpt":{"rendered":"<p class=\"qtranxs-available-languages-message qtranxs-available-languages-message-en\">Leider ist der Eintrag nur auf <a href=\"https:\/\/www.lmv.gr.ch\/de\/wp-json\/wp\/v2\/product\/71931\" class=\"qtranxs-available-language-link qtranxs-available-language-link-de\" title=\"Deutsch\">Deutsch<\/a> verf\u00fcgbar<\/p>\n<p><\/p>\n<div><b>Nutzungslizenz f\u00fcr 1 Jahr, inkl. Klassenmaterialien<\/b><\/div>\n<p><b>Nach dem Kauf loggen Sie sich bitte auf Ihrem Nutzerkonto beim Schulverlag plus ein und aktivieren dort die f\u00fcr Ihre Schuleinheit bereitgestellte Lizenz.<\/b><\/p>\n<div><\/div>\n<div>Die 12 Faltbogen, A3, farbig illustriert stehen neu auf der Webseite zum Download zur Verf\u00fcgung.<\/div>\n<div><\/div>\n<div><\/div>\n<div>Der Kommentar Online ist der \u00abRote Faden\u00bb des Lehrmittels. Er enth\u00e4lt neben Hinweisen und Anregungen zur Unterrichtsplanung und -durchf\u00fchrung u.a. auch Arbeitsbl\u00e4tter und Beurteilungshilfen. Die 12 A3-Faltb\u00f6gen dienen als \u00abOrientierungshilfe\u00bb und \u00abPlanungsinstrument\u00bb. Sie beschr\u00e4nken sich auf die wichtigsten Informationen und Tipps f\u00fcr die Unterrichtsgestaltung.&nbsp;<\/div>\n","protected":false},"featured_media":73406,"comment_status":"closed","ping_status":"closed","template":"","meta":[],"product_cat":[4534],"product_tag":[],"class_list":["post-71931","product","type-product","status-publish","has-post-thumbnail","hentry","product_cat-italienisch-nmg-natech","edition-eigenverlag"],"acf":[],"yoast_head":"<!-- This site is optimized with the Yoast SEO plugin v24.6 - https:\/\/yoast.com\/wordpress\/plugins\/seo\/ -->\n<title>NaTec italiano 5\/6, manuale su piattaforma online - Lehrmittel Graub\u00fcnden<\/title>\n<meta name=\"robots\" content=\"index, follow, max-snippet:-1, max-image-preview:large, max-video-preview:-1\" \/>\n<link rel=\"canonical\" href=\"https:\/\/www.lmv.gr.ch\/en\/produkt\/denatec-italiano-56-manuale-su-piattaforma-online-ebook\/\" \/>\n<meta property=\"og:locale\" content=\"en_US\" \/>\n<meta property=\"og:type\" content=\"article\" \/>\n<meta property=\"og:title\" content=\"NaTec italiano 5\/6, manuale su piattaforma online - Lehrmittel Graub\u00fcnden\" \/>\n<meta property=\"og:description\" content=\"Nutzungslizenz f\u00fcr 1 Jahr, inkl. KlassenmaterialienNach dem Kauf loggen Sie sich bitte auf Ihrem Nutzerkonto beim Schulverlag plus ein und aktivieren dort die f\u00fcr Ihre Schuleinheit bereitgestellte Lizenz.Die 12 Faltbogen, A3, farbig illustriert stehen neu auf der Webseite zum Download zur Verf\u00fcgung.Der Kommentar Online ist der \u00abRote Faden\u00bb des Lehrmittels. Er enth\u00e4lt neben Hinweisen und Anregungen zur Unterrichtsplanung und -durchf\u00fchrung u.a. auch Arbeitsbl\u00e4tter und Beurteilungshilfen. Die 12 A3-Faltb\u00f6gen dienen als \u00abOrientierungshilfe\u00bb und \u00abPlanungsinstrument\u00bb. Sie beschr\u00e4nken sich auf die wichtigsten Informationen und Tipps f\u00fcr die Unterrichtsgestaltung.&nbsp;\" \/>\n<meta property=\"og:url\" content=\"https:\/\/www.lmv.gr.ch\/produkt\/denatec-italiano-56-manuale-su-piattaforma-online-ebook\/\" \/>\n<meta property=\"og:site_name\" content=\"Lehrmittel Graub\u00fcnden\" \/>\n<meta property=\"article:modified_time\" content=\"2026-01-08T00:54:10+00:00\" \/>\n<meta property=\"og:image\" content=\"https:\/\/www.lmv.gr.ch\/wp-content\/uploads\/asolmerce\/image-978-3-03847-087-8.png\" \/>\n\t<meta property=\"og:image:width\" content=\"800\" \/>\n\t<meta property=\"og:image:height\" content=\"1131\" \/>\n\t<meta property=\"og:image:type\" content=\"image\/png\" \/>\n<script type=\"application\/ld+json\" class=\"yoast-schema-graph\">{\"@context\":\"https:\/\/schema.org\",\"@graph\":[{\"@type\":\"WebPage\",\"@id\":\"https:\/\/www.lmv.gr.ch\/produkt\/denatec-italiano-56-manuale-su-piattaforma-online-ebook\/\",\"url\":\"https:\/\/www.lmv.gr.ch\/produkt\/denatec-italiano-56-manuale-su-piattaforma-online-ebook\/\",\"name\":\"NaTec italiano 5\/6, manuale su piattaforma online - Lehrmittel Graub\u00fcnden\",\"isPartOf\":{\"@id\":\"https:\/\/www.lmv.gr.ch\/#website\"},\"primaryImageOfPage\":{\"@id\":\"https:\/\/www.lmv.gr.ch\/produkt\/denatec-italiano-56-manuale-su-piattaforma-online-ebook\/#primaryimage\"},\"image\":{\"@id\":\"https:\/\/www.lmv.gr.ch\/produkt\/denatec-italiano-56-manuale-su-piattaforma-online-ebook\/#primaryimage\"},\"thumbnailUrl\":\"https:\/\/www.lmv.gr.ch\/wp-content\/uploads\/asolmerce\/image-978-3-03847-087-8.png\",\"datePublished\":\"2026-01-07T23:53:10+00:00\",\"dateModified\":\"2026-01-08T00:54:10+00:00\",\"breadcrumb\":{\"@id\":\"https:\/\/www.lmv.gr.ch\/produkt\/denatec-italiano-56-manuale-su-piattaforma-online-ebook\/#breadcrumb\"},\"inLanguage\":\"rm\",\"potentialAction\":[{\"@type\":\"ReadAction\",\"target\":[\"https:\/\/www.lmv.gr.ch\/produkt\/denatec-italiano-56-manuale-su-piattaforma-online-ebook\/\"]}]},{\"@type\":\"ImageObject\",\"inLanguage\":\"rm\",\"@id\":\"https:\/\/www.lmv.gr.ch\/produkt\/denatec-italiano-56-manuale-su-piattaforma-online-ebook\/#primaryimage\",\"url\":\"https:\/\/www.lmv.gr.ch\/wp-content\/uploads\/asolmerce\/image-978-3-03847-087-8.png\",\"contentUrl\":\"https:\/\/www.lmv.gr.ch\/wp-content\/uploads\/asolmerce\/image-978-3-03847-087-8.png\",\"width\":800,\"height\":1131},{\"@type\":\"BreadcrumbList\",\"@id\":\"https:\/\/www.lmv.gr.ch\/produkt\/denatec-italiano-56-manuale-su-piattaforma-online-ebook\/#breadcrumb\",\"itemListElement\":[{\"@type\":\"ListItem\",\"position\":1,\"name\":\"Home\",\"item\":\"https:\/\/www.lmv.gr.ch\/\"},{\"@type\":\"ListItem\",\"position\":2,\"name\":\"Shop\",\"item\":\"https:\/\/www.lmv.gr.ch\/it\/shop\/\"},{\"@type\":\"ListItem\",\"position\":3,\"name\":\"NaTec italiano 5\/6, manuale su piattaforma online\"}]},{\"@type\":\"WebSite\",\"@id\":\"https:\/\/www.lmv.gr.ch\/#website\",\"url\":\"https:\/\/www.lmv.gr.ch\/\",\"name\":\"Lehrmittel Graub\u00fcnden\",\"description\":\"Lehrmittel des Kantons Graub\u00fcnden\",\"potentialAction\":[{\"@type\":\"SearchAction\",\"target\":{\"@type\":\"EntryPoint\",\"urlTemplate\":\"https:\/\/www.lmv.gr.ch\/?s={search_term_string}\"},\"query-input\":{\"@type\":\"PropertyValueSpecification\",\"valueRequired\":true,\"valueName\":\"search_term_string\"}}],\"inLanguage\":\"rm\"}]}<\/script>\n<!-- \/ Yoast SEO plugin. -->","yoast_head_json":{"title":"NaTec italiano 5\/6, manuale su piattaforma online - Lehrmittel Graub\u00fcnden","robots":{"index":"index","follow":"follow","max-snippet":"max-snippet:-1","max-image-preview":"max-image-preview:large","max-video-preview":"max-video-preview:-1"},"canonical":"https:\/\/www.lmv.gr.ch\/en\/produkt\/denatec-italiano-56-manuale-su-piattaforma-online-ebook\/","og_locale":"en_US","og_type":"article","og_title":"NaTec italiano 5\/6, manuale su piattaforma online - Lehrmittel Graub\u00fcnden","og_description":"Nutzungslizenz f\u00fcr 1 Jahr, inkl. KlassenmaterialienNach dem Kauf loggen Sie sich bitte auf Ihrem Nutzerkonto beim Schulverlag plus ein und aktivieren dort die f\u00fcr Ihre Schuleinheit bereitgestellte Lizenz.Die 12 Faltbogen, A3, farbig illustriert stehen neu auf der Webseite zum Download zur Verf\u00fcgung.Der Kommentar Online ist der \u00abRote Faden\u00bb des Lehrmittels. Er enth\u00e4lt neben Hinweisen und Anregungen zur Unterrichtsplanung und -durchf\u00fchrung u.a. auch Arbeitsbl\u00e4tter und Beurteilungshilfen. Die 12 A3-Faltb\u00f6gen dienen als \u00abOrientierungshilfe\u00bb und \u00abPlanungsinstrument\u00bb. Sie beschr\u00e4nken sich auf die wichtigsten Informationen und Tipps f\u00fcr die Unterrichtsgestaltung.&nbsp;","og_url":"https:\/\/www.lmv.gr.ch\/produkt\/denatec-italiano-56-manuale-su-piattaforma-online-ebook\/","og_site_name":"Lehrmittel Graub\u00fcnden","article_modified_time":"2026-01-08T00:54:10+00:00","og_image":[{"width":800,"height":1131,"url":"https:\/\/www.lmv.gr.ch\/wp-content\/uploads\/asolmerce\/image-978-3-03847-087-8.png","type":"image\/png"}],"schema":{"@context":"https:\/\/schema.org","@graph":[{"@type":"WebPage","@id":"https:\/\/www.lmv.gr.ch\/produkt\/denatec-italiano-56-manuale-su-piattaforma-online-ebook\/","url":"https:\/\/www.lmv.gr.ch\/produkt\/denatec-italiano-56-manuale-su-piattaforma-online-ebook\/","name":"NaTec italiano 5\/6, manuale su piattaforma online - Lehrmittel Graub\u00fcnden","isPartOf":{"@id":"https:\/\/www.lmv.gr.ch\/#website"},"primaryImageOfPage":{"@id":"https:\/\/www.lmv.gr.ch\/produkt\/denatec-italiano-56-manuale-su-piattaforma-online-ebook\/#primaryimage"},"image":{"@id":"https:\/\/www.lmv.gr.ch\/produkt\/denatec-italiano-56-manuale-su-piattaforma-online-ebook\/#primaryimage"},"thumbnailUrl":"https:\/\/www.lmv.gr.ch\/wp-content\/uploads\/asolmerce\/image-978-3-03847-087-8.png","datePublished":"2026-01-07T23:53:10+00:00","dateModified":"2026-01-08T00:54:10+00:00","breadcrumb":{"@id":"https:\/\/www.lmv.gr.ch\/produkt\/denatec-italiano-56-manuale-su-piattaforma-online-ebook\/#breadcrumb"},"inLanguage":"rm","potentialAction":[{"@type":"ReadAction","target":["https:\/\/www.lmv.gr.ch\/produkt\/denatec-italiano-56-manuale-su-piattaforma-online-ebook\/"]}]},{"@type":"ImageObject","inLanguage":"rm","@id":"https:\/\/www.lmv.gr.ch\/produkt\/denatec-italiano-56-manuale-su-piattaforma-online-ebook\/#primaryimage","url":"https:\/\/www.lmv.gr.ch\/wp-content\/uploads\/asolmerce\/image-978-3-03847-087-8.png","contentUrl":"https:\/\/www.lmv.gr.ch\/wp-content\/uploads\/asolmerce\/image-978-3-03847-087-8.png","width":800,"height":1131},{"@type":"BreadcrumbList","@id":"https:\/\/www.lmv.gr.ch\/produkt\/denatec-italiano-56-manuale-su-piattaforma-online-ebook\/#breadcrumb","itemListElement":[{"@type":"ListItem","position":1,"name":"Home","item":"https:\/\/www.lmv.gr.ch\/"},{"@type":"ListItem","position":2,"name":"Shop","item":"https:\/\/www.lmv.gr.ch\/it\/shop\/"},{"@type":"ListItem","position":3,"name":"NaTec italiano 5\/6, manuale su piattaforma online"}]},{"@type":"WebSite","@id":"https:\/\/www.lmv.gr.ch\/#website","url":"https:\/\/www.lmv.gr.ch\/","name":"Lehrmittel Graub\u00fcnden","description":"Lehrmittel des Kantons Graub\u00fcnden","potentialAction":[{"@type":"SearchAction","target":{"@type":"EntryPoint","urlTemplate":"https:\/\/www.lmv.gr.ch\/?s={search_term_string}"},"query-input":{"@type":"PropertyValueSpecification","valueRequired":true,"valueName":"search_term_string"}}],"inLanguage":"rm"}]}},"_links":{"self":[{"href":"https:\/\/www.lmv.gr.ch\/en\/wp-json\/wp\/v2\/product\/71931","targetHints":{"allow":["GET"]}}],"collection":[{"href":"https:\/\/www.lmv.gr.ch\/en\/wp-json\/wp\/v2\/product"}],"about":[{"href":"https:\/\/www.lmv.gr.ch\/en\/wp-json\/wp\/v2\/types\/product"}],"replies":[{"embeddable":true,"href":"https:\/\/www.lmv.gr.ch\/en\/wp-json\/wp\/v2\/comments?post=71931"}],"wp:featuredmedia":[{"embeddable":true,"href":"https:\/\/www.lmv.gr.ch\/en\/wp-json\/wp\/v2\/media\/73406"}],"wp:attachment":[{"href":"https:\/\/www.lmv.gr.ch\/en\/wp-json\/wp\/v2\/media?parent=71931"}],"wp:term":[{"taxonomy":"product_cat","embeddable":true,"href":"https:\/\/www.lmv.gr.ch\/en\/wp-json\/wp\/v2\/product_cat?post=71931"},{"taxonomy":"product_tag","embeddable":true,"href":"https:\/\/www.lmv.gr.ch\/en\/wp-json\/wp\/v2\/product_tag?post=71931"}],"curies":[{"name":"wp","href":"https:\/\/api.w.org\/{rel}","templated":true}]}}