{"id":15056,"date":"2014-09-30T16:05:27","date_gmt":"2014-09-30T14:05:27","guid":{"rendered":"http:\/\/www.somedia-buchverlag.ch\/\/?page_id=15056"},"modified":"2026-01-01T17:21:26","modified_gmt":"2026-01-01T15:21:26","slug":"agb","status":"publish","type":"page","link":"https:\/\/www.lmv.gr.ch\/en\/rechtliches\/agb\/","title":{"rendered":"AGB"},"content":{"rendered":"<p><\/p>\n<h1>Cundiziuns generalas da vendita<\/h1>\n<h2>Pretschs da vendita<\/h2>\n<p>Ils pretschs da vendita inditgads \u00e8n pretschs nets. Els \u00e8n deliberads da la taglia sin la plivalur, perquai che l&#8217;Uffizi per la scola populara ed il sport (ed uschia er la partiziun Meds d&#8217;instrucziun dal Grischun) n&#8217;\u00e8 betg oblig\u00e0 da pajar TPV.<\/p>\n<h2>Pauschala da spediziun<\/h2>\n<p>Per empustaziuns fin a l&#8217;import da 200 francs vegn messa a quint ina pauschala da spediziun dad 8.50 francs per l&#8217;elavuraziun, l&#8217;emballadi e la spediziun. Per spediziuns per express vegn pretend\u00ec in supplement. Per spediziuns a l\u2019ester vegnan plinavant mess a quint las expensas da transport e da pachetadi.<\/p>\n<h2>Reclamaziuns<\/h2>\n<p>Reclamaziuns vegnan mo acceptadas entaifer 10 dis suenter la retschavida da la furniziun cun indicaziun dal numer dal quint e dal client tar l\u2019uffizi per la scola populara ed il sport.<\/p>\n<h2>Respediziuns<\/h2>\n<p>Furniziuns succedan per regla senza dretg da restituziun. Respediziuns \u00e8n mo admissiblas tenor cunvegna e cun il consentiment da la chasa editura sco er cun l\u2019agiunta dal quint u cun l\u2019indicaziun dal numer dal quint. Artitgels returnads ch\u2019\u00e8n dannegiads vegnan mess a quint. Licenzas digitalas, CDs, CD-ROMs, DVDs, cassettas da video, folias e dias na pudain nus betg prender enavos.<\/p>\n<p>&nbsp;<\/p>\n<p>1 da schaner 2026<\/p>","protected":false},"excerpt":{"rendered":"<p>Cundiziuns generalas da vendita Pretschs da vendita Ils pretschs da vendita inditgads \u00e8n pretschs nets. Els \u00e8n deliberads da la taglia sin la plivalur, perquai che l&#8217;Uffizi per la scola populara ed il sport (ed uschia er la partiziun Meds d&#8217;instrucziun dal Grischun) n&#8217;\u00e8 betg oblig\u00e0 da pajar TPV. Pauschala da spediziun Per empustaziuns fin a l&#8217;import da 200 francs vegn messa a quint ina pauschala da spediziun dad 8.50 francs per l&#8217;elavuraziun, l&#8217;emballadi e la spediziun. Per spediziuns per express vegn pretend\u00ec in supplement. Per spediziuns a l\u2019ester vegnan plinavant mess a quint las expensas da transport e da pachetadi. Reclamaziuns Reclamaziuns vegnan mo acceptadas entaifer 10 dis suenter la retschavida da la furniziun cun indicaziun dal numer dal quint e dal client tar l\u2019uffizi per la scola populara ed il sport. Respediziuns Furniziuns succedan per regla senza dretg da restituziun. Respediziuns \u00e8n mo admissiblas tenor cunvegna e cun il consentiment da la chasa editura sco er cun l\u2019agiunta dal quint u cun l\u2019indicaziun dal numer dal quint. Artitgels returnads ch\u2019\u00e8n dannegiads vegnan mess a quint. Licenzas digitalas, CDs, CD-ROMs, DVDs, cassettas da video, folias e dias na pudain nus betg prender enavos. &nbsp; 1 da schaner 2026<\/p>\n","protected":false},"author":3,"featured_media":0,"parent":32,"menu_order":0,"comment_status":"open","ping_status":"open","template":"","meta":{"footnotes":""},"class_list":["post-15056","page","type-page","status-publish","hentry"],"acf":[],"yoast_head":"<!-- This site is optimized with the Yoast SEO plugin v24.6 - https:\/\/yoast.com\/wordpress\/plugins\/seo\/ -->\n<title>AGB - Lehrmittel Graub\u00fcnden<\/title>\n<meta name=\"robots\" content=\"index, follow, max-snippet:-1, max-image-preview:large, max-video-preview:-1\" \/>\n<link rel=\"canonical\" href=\"https:\/\/www.lmv.gr.ch\/en\/rechtliches\/agb\/\" \/>\n<meta property=\"og:locale\" content=\"en_US\" \/>\n<meta property=\"og:type\" content=\"article\" \/>\n<meta property=\"og:title\" content=\"AGB - Lehrmittel Graub\u00fcnden\" \/>\n<meta property=\"og:description\" content=\"Cundiziuns generalas da vendita Pretschs da vendita Ils pretschs da vendita inditgads \u00e8n pretschs nets. Els \u00e8n deliberads da la taglia sin la plivalur, perquai che l&#8217;Uffizi per la scola populara ed il sport (ed uschia er la partiziun Meds d&#8217;instrucziun dal Grischun) n&#8217;\u00e8 betg oblig\u00e0 da pajar TPV. Pauschala da spediziun Per empustaziuns fin a l&#8217;import da 200 francs vegn messa a quint ina pauschala da spediziun dad 8.50 francs per l&#8217;elavuraziun, l&#8217;emballadi e la spediziun. Per spediziuns per express vegn pretend\u00ec in supplement. Per spediziuns a l\u2019ester vegnan plinavant mess a quint las expensas da transport e da pachetadi. Reclamaziuns Reclamaziuns vegnan mo acceptadas entaifer 10 dis suenter la retschavida da la furniziun cun indicaziun dal numer dal quint e dal client tar l\u2019uffizi per la scola populara ed il sport. Respediziuns Furniziuns succedan per regla senza dretg da restituziun. Respediziuns \u00e8n mo admissiblas tenor cunvegna e cun il consentiment da la chasa editura sco er cun l\u2019agiunta dal quint u cun l\u2019indicaziun dal numer dal quint. Artitgels returnads ch\u2019\u00e8n dannegiads vegnan mess a quint. Licenzas digitalas, CDs, CD-ROMs, DVDs, cassettas da video, folias e dias na pudain nus betg prender enavos. &nbsp; 1 da schaner 2026\" \/>\n<meta property=\"og:url\" content=\"https:\/\/www.lmv.gr.ch\/rechtliches\/agb\/\" \/>\n<meta property=\"og:site_name\" content=\"Lehrmittel Graub\u00fcnden\" \/>\n<meta property=\"article:modified_time\" content=\"2026-01-01T15:21:26+00:00\" \/>\n<meta name=\"twitter:label1\" content=\"Est. reading time\" \/>\n\t<meta name=\"twitter:data1\" content=\"1 minute\" \/>\n<script type=\"application\/ld+json\" class=\"yoast-schema-graph\">{\"@context\":\"https:\/\/schema.org\",\"@graph\":[{\"@type\":\"WebPage\",\"@id\":\"https:\/\/www.lmv.gr.ch\/rechtliches\/agb\/\",\"url\":\"https:\/\/www.lmv.gr.ch\/rechtliches\/agb\/\",\"name\":\"AGB - Lehrmittel Graub\u00fcnden\",\"isPartOf\":{\"@id\":\"https:\/\/www.lmv.gr.ch\/#website\"},\"datePublished\":\"2014-09-30T14:05:27+00:00\",\"dateModified\":\"2026-01-01T15:21:26+00:00\",\"breadcrumb\":{\"@id\":\"https:\/\/www.lmv.gr.ch\/rechtliches\/agb\/#breadcrumb\"},\"inLanguage\":\"rm\",\"potentialAction\":[{\"@type\":\"ReadAction\",\"target\":[\"https:\/\/www.lmv.gr.ch\/rechtliches\/agb\/\"]}]},{\"@type\":\"BreadcrumbList\",\"@id\":\"https:\/\/www.lmv.gr.ch\/rechtliches\/agb\/#breadcrumb\",\"itemListElement\":[{\"@type\":\"ListItem\",\"position\":1,\"name\":\"Home\",\"item\":\"https:\/\/www.lmv.gr.ch\/\"},{\"@type\":\"ListItem\",\"position\":2,\"name\":\"Rechtliches\",\"item\":\"https:\/\/www.lmv.gr.ch\/rechtliches\/\"},{\"@type\":\"ListItem\",\"position\":3,\"name\":\"AGB\"}]},{\"@type\":\"WebSite\",\"@id\":\"https:\/\/www.lmv.gr.ch\/#website\",\"url\":\"https:\/\/www.lmv.gr.ch\/\",\"name\":\"Lehrmittel Graub\u00fcnden\",\"description\":\"Lehrmittel des Kantons Graub\u00fcnden\",\"potentialAction\":[{\"@type\":\"SearchAction\",\"target\":{\"@type\":\"EntryPoint\",\"urlTemplate\":\"https:\/\/www.lmv.gr.ch\/?s={search_term_string}\"},\"query-input\":{\"@type\":\"PropertyValueSpecification\",\"valueRequired\":true,\"valueName\":\"search_term_string\"}}],\"inLanguage\":\"rm\"}]}<\/script>\n<!-- \/ Yoast SEO plugin. -->","yoast_head_json":{"title":"AGB - Lehrmittel Graub\u00fcnden","robots":{"index":"index","follow":"follow","max-snippet":"max-snippet:-1","max-image-preview":"max-image-preview:large","max-video-preview":"max-video-preview:-1"},"canonical":"https:\/\/www.lmv.gr.ch\/en\/rechtliches\/agb\/","og_locale":"en_US","og_type":"article","og_title":"AGB - Lehrmittel Graub\u00fcnden","og_description":"Cundiziuns generalas da vendita Pretschs da vendita Ils pretschs da vendita inditgads \u00e8n pretschs nets. Els \u00e8n deliberads da la taglia sin la plivalur, perquai che l&#8217;Uffizi per la scola populara ed il sport (ed uschia er la partiziun Meds d&#8217;instrucziun dal Grischun) n&#8217;\u00e8 betg oblig\u00e0 da pajar TPV. Pauschala da spediziun Per empustaziuns fin a l&#8217;import da 200 francs vegn messa a quint ina pauschala da spediziun dad 8.50 francs per l&#8217;elavuraziun, l&#8217;emballadi e la spediziun. Per spediziuns per express vegn pretend\u00ec in supplement. Per spediziuns a l\u2019ester vegnan plinavant mess a quint las expensas da transport e da pachetadi. Reclamaziuns Reclamaziuns vegnan mo acceptadas entaifer 10 dis suenter la retschavida da la furniziun cun indicaziun dal numer dal quint e dal client tar l\u2019uffizi per la scola populara ed il sport. Respediziuns Furniziuns succedan per regla senza dretg da restituziun. Respediziuns \u00e8n mo admissiblas tenor cunvegna e cun il consentiment da la chasa editura sco er cun l\u2019agiunta dal quint u cun l\u2019indicaziun dal numer dal quint. Artitgels returnads ch\u2019\u00e8n dannegiads vegnan mess a quint. Licenzas digitalas, CDs, CD-ROMs, DVDs, cassettas da video, folias e dias na pudain nus betg prender enavos. &nbsp; 1 da schaner 2026","og_url":"https:\/\/www.lmv.gr.ch\/rechtliches\/agb\/","og_site_name":"Lehrmittel Graub\u00fcnden","article_modified_time":"2026-01-01T15:21:26+00:00","twitter_misc":{"Est. reading time":"1 minute"},"schema":{"@context":"https:\/\/schema.org","@graph":[{"@type":"WebPage","@id":"https:\/\/www.lmv.gr.ch\/rechtliches\/agb\/","url":"https:\/\/www.lmv.gr.ch\/rechtliches\/agb\/","name":"AGB - Lehrmittel Graub\u00fcnden","isPartOf":{"@id":"https:\/\/www.lmv.gr.ch\/#website"},"datePublished":"2014-09-30T14:05:27+00:00","dateModified":"2026-01-01T15:21:26+00:00","breadcrumb":{"@id":"https:\/\/www.lmv.gr.ch\/rechtliches\/agb\/#breadcrumb"},"inLanguage":"rm","potentialAction":[{"@type":"ReadAction","target":["https:\/\/www.lmv.gr.ch\/rechtliches\/agb\/"]}]},{"@type":"BreadcrumbList","@id":"https:\/\/www.lmv.gr.ch\/rechtliches\/agb\/#breadcrumb","itemListElement":[{"@type":"ListItem","position":1,"name":"Home","item":"https:\/\/www.lmv.gr.ch\/"},{"@type":"ListItem","position":2,"name":"Rechtliches","item":"https:\/\/www.lmv.gr.ch\/rechtliches\/"},{"@type":"ListItem","position":3,"name":"AGB"}]},{"@type":"WebSite","@id":"https:\/\/www.lmv.gr.ch\/#website","url":"https:\/\/www.lmv.gr.ch\/","name":"Lehrmittel Graub\u00fcnden","description":"Lehrmittel des Kantons Graub\u00fcnden","potentialAction":[{"@type":"SearchAction","target":{"@type":"EntryPoint","urlTemplate":"https:\/\/www.lmv.gr.ch\/?s={search_term_string}"},"query-input":{"@type":"PropertyValueSpecification","valueRequired":true,"valueName":"search_term_string"}}],"inLanguage":"rm"}]}},"_links":{"self":[{"href":"https:\/\/www.lmv.gr.ch\/en\/wp-json\/wp\/v2\/pages\/15056","targetHints":{"allow":["GET"]}}],"collection":[{"href":"https:\/\/www.lmv.gr.ch\/en\/wp-json\/wp\/v2\/pages"}],"about":[{"href":"https:\/\/www.lmv.gr.ch\/en\/wp-json\/wp\/v2\/types\/page"}],"author":[{"embeddable":true,"href":"https:\/\/www.lmv.gr.ch\/en\/wp-json\/wp\/v2\/users\/3"}],"replies":[{"embeddable":true,"href":"https:\/\/www.lmv.gr.ch\/en\/wp-json\/wp\/v2\/comments?post=15056"}],"version-history":[{"count":28,"href":"https:\/\/www.lmv.gr.ch\/en\/wp-json\/wp\/v2\/pages\/15056\/revisions"}],"predecessor-version":[{"id":84968,"href":"https:\/\/www.lmv.gr.ch\/en\/wp-json\/wp\/v2\/pages\/15056\/revisions\/84968"}],"up":[{"embeddable":true,"href":"https:\/\/www.lmv.gr.ch\/en\/wp-json\/wp\/v2\/pages\/32"}],"wp:attachment":[{"href":"https:\/\/www.lmv.gr.ch\/en\/wp-json\/wp\/v2\/media?parent=15056"}],"curies":[{"name":"wp","href":"https:\/\/api.w.org\/{rel}","templated":true}]}}